{"id":19095,"date":"2021-05-08T15:23:49","date_gmt":"2021-05-08T13:23:49","guid":{"rendered":"https:\/\/mgvpublications.com\/produkt\/musul-meselesi-petrol-firtinasi-2\/"},"modified":"2022-03-08T22:53:03","modified_gmt":"2022-03-08T21:53:03","slug":"musul-meselesi-petrol-firtinasi-2","status":"publish","type":"product","link":"https:\/\/mgvpublications.com\/de\/musul-meselesi-petrol-firtinasi-2\/","title":{"rendered":"Musul Meselesi &#8211; Petrol F\u0131rt\u0131nas\u0131 2"},"content":{"rendered":"<p>Yay\u0131n Tarihi: 31.08.2020<br \/>ISBN: 9786055416911<br \/>Dil: T\u00dcRK\u00c7E<br \/>Sayfa Say\u0131s\u0131: 272<br \/>Cilt Tipi: Karton Kapak<br \/>Ka\u011f\u0131t Cinsi: Kitap Ka\u011f\u0131d\u0131<br \/>Boyut: 13.5 x 21 cm<\/p>","protected":false},"excerpt":{"rendered":"<p>Osmanl\u0131 \u0130mparatorlu\u011funun kesin tasfiyesinin yap\u0131ld\u0131\u011f\u0131 yer \u0130svi\u00e7re\u2019nin Lozan \u015fehridir. T\u00fcrkiye Lozan\u2019da, sadece bir imparatorlu\u011fu ve ona ba\u011fl\u0131 m\u00fcesseseleri de\u011fil, T\u00fcrkl\u00fckleri asla \u015f\u00fcphe g\u00f6t\u00fcrmez bir\u00e7ok T\u00fcrk topra\u011f\u0131n\u0131 da yeni devletin hudutlar\u0131 d\u0131\u015f\u0131nda b\u0131rakm\u0131\u015ft\u0131r. T\u00fcrk milleti i\u00e7in daimi \u0131zt\u0131rap konusu olacak bu yerlerden bir tanesi de Musul\u2019dur. Lozan\u2019da T\u00fcrkiye\u2019yi temsil eden bar\u0131\u015f heyetinin reisi \u0130smet Pa\u015fa\u2019n\u0131n, hangi g\u00f6r\u00fc\u015f \u00e7er\u00e7evesi i\u00e7inde Musul\u2019dan vazge\u00e7mek mecburiyetinde kald\u0131\u011f\u0131 hen\u00fcz kesin olarak anla\u015f\u0131lm\u0131\u015f de\u011fildir; ancak, Musul\u2019un T\u00fcrkiye s\u0131n\u0131rlan d\u0131\u015f\u0131nda b\u0131rak\u0131ld\u0131\u011f\u0131 da bir ger\u00e7ektir ve T\u00fcrk milleti, bir\u00e7ok T\u00fcrk anavatan par\u00e7alar\u0131n\u0131n yurt d\u0131\u015f\u0131nda b\u0131rak\u0131lmas\u0131 emr-i v\u00e2kiine, Musul meselesinde de \u0131zt\u0131rap \u00e7ekerek \u015fahit olmu\u015ftur. Musul\u2019un T\u00fcrkl\u00fc\u011f\u00fc bahsinde herhangi bir anla\u015fmazl\u0131k s\u00f6z konusu de\u011fildir. Musul\u2019un T\u00fcrkl\u00fc\u011f\u00fcne biz de\u011fil, bizden \u00e7ok yabanc\u0131lar tan\u0131kl\u0131k etmi\u015fler ve Lozan\u2019\u0131 bir bak\u0131ma Musul meselesinde adeta mahk\u00fbm etmi\u015flerdir. Okuyaca\u011f\u0131n\u0131z bu eser, \u015fahsen bizim bak\u0131\u015f a\u00e7\u0131m\u0131z de\u011fildir. Bu eserin her sat\u0131r\u0131ndaki her kelime, virg\u00fcl\u00fcne var\u0131ncaya kadar, yabanc\u0131lardan kurulu bir heyetin haz\u0131rlad\u0131\u011f\u0131 ve mensubu bulundu\u011fu Cemiyet-i Akvam\u2019\u0131n genel kuruluna verdi\u011fi gerek\u00e7eli raporun kendisidir.<\/p>","protected":false},"featured_media":19094,"template":"","meta":{"spay_email":""},"product_cat":[173],"product_tag":[],"item":[1245],"acf":[],"_links":{"self":[{"href":"https:\/\/mgvpublications.com\/de\/wp-json\/wp\/v2\/product\/19095"}],"collection":[{"href":"https:\/\/mgvpublications.com\/de\/wp-json\/wp\/v2\/product"}],"about":[{"href":"https:\/\/mgvpublications.com\/de\/wp-json\/wp\/v2\/types\/product"}],"wp:featuredmedia":[{"embeddable":true,"href":"https:\/\/mgvpublications.com\/de\/wp-json\/wp\/v2\/media\/19094"}],"wp:attachment":[{"href":"https:\/\/mgvpublications.com\/de\/wp-json\/wp\/v2\/media?parent=19095"}],"wp:term":[{"taxonomy":"product_cat","embeddable":true,"href":"https:\/\/mgvpublications.com\/de\/wp-json\/wp\/v2\/product_cat?post=19095"},{"taxonomy":"product_tag","embeddable":true,"href":"https:\/\/mgvpublications.com\/de\/wp-json\/wp\/v2\/product_tag?post=19095"},{"taxonomy":"item","embeddable":true,"href":"https:\/\/mgvpublications.com\/de\/wp-json\/wp\/v2\/item?post=19095"}],"curies":[{"name":"wp","href":"https:\/\/api.w.org\/{rel}","templated":true}]}}