{"id":19091,"date":"2021-05-08T15:23:48","date_gmt":"2021-05-08T13:23:48","guid":{"rendered":"https:\/\/mgvpublications.com\/produkt\/sultan-abdulhamidin-hatira-defteri\/"},"modified":"2022-03-08T22:53:03","modified_gmt":"2022-03-08T21:53:03","slug":"sultan-abdulhamidin-hatira-defteri","status":"publish","type":"product","link":"https:\/\/mgvpublications.com\/de\/sultan-abdulhamidin-hatira-defteri\/","title":{"rendered":"Sultan Abd\u00fclhamid&#8217;in Hat\u0131ra Defteri"},"content":{"rendered":"<p>Yay\u0131n Tarihi: 18.09.2020<br \/>ISBN: 9786059850490<br \/>Dil: T\u00dcRK\u00c7E<br \/>Sayfa Say\u0131s\u0131: 272<br \/>Cilt Tipi: Karton Kapak<br \/>Ka\u011f\u0131t Cinsi: Kitap Ka\u011f\u0131d\u0131<br \/>Boyut: 13.5 x 21 cm<\/p>","protected":false},"excerpt":{"rendered":"<p>\u2026 D\u00fcn yapt\u0131\u011f\u0131m bu yorum, bug\u00fcn beni biraz d\u00fc\u015f\u00fcnd\u00fcrd\u00fc. \u015eimdiye kadar sigara dumanlar\u0131 aras\u0131nda d\u00fc\u015f\u00fcnceyle ge\u00e7en g\u00fcnlerimin baz\u0131 hat\u0131ralar\u0131n\u0131 yazmaktaki ihmalime neredeyse pi\u015fman oldum ve \u00fcz\u00fcld\u00fcm. Uzun bir hayat ve uzun bir h\u00fck\u00fcmdarl\u0131k \u00e7a\u011f\u0131 ge\u00e7irdim. Hat\u0131ralar\u0131m, yaln\u0131z benim de\u011fil, biraz tarihin ve \u00f6zellikle tarihindir\u2026 \u2026 Ah!.. Beni edebiyata d\u00fc\u015fman san\u0131r ve b\u00f6yle g\u00f6sterirlerdi. Hay\u0131r!.. Ben edebiyat\u0131n de\u011fil, edepsizli\u011fin, edebiyat\u00e7\u0131lar\u0131n de\u011fil, edepsizlerin d\u00fc\u015fman\u0131 idim\u2026 \u2026 Ben, say\u0131p d\u00f6kt\u00fc\u011f\u00fcm bu k\u00fc\u00e7\u00fck hizmetlerimle iftihar etmeye de kendimde hak bulmuyorum; \u00e7\u00fcnk\u00fc hepsi vazifemdi. Bug\u00fcn \u00fczg\u00fcn ve pi\u015fman olarak g\u00f6r\u00fcyorum ve ya\u015farsam ileride kendi kalemimle enine boyuna itiraf edece\u011fim ki, benim de bir\u00e7ok kusurlar\u0131m vard\u0131r\u2026 \u2026 Ben, hangi \u015fartlar i\u00e7inde ve nas\u0131l bir zamanda padi\u015fah oldum?.. Bunu hat\u0131rlatmak isterim!..<\/p>","protected":false},"featured_media":22547,"template":"","meta":{"spay_email":""},"product_cat":[170],"product_tag":[],"item":[1245],"acf":[],"_links":{"self":[{"href":"https:\/\/mgvpublications.com\/de\/wp-json\/wp\/v2\/product\/19091"}],"collection":[{"href":"https:\/\/mgvpublications.com\/de\/wp-json\/wp\/v2\/product"}],"about":[{"href":"https:\/\/mgvpublications.com\/de\/wp-json\/wp\/v2\/types\/product"}],"wp:featuredmedia":[{"embeddable":true,"href":"https:\/\/mgvpublications.com\/de\/wp-json\/wp\/v2\/media\/22547"}],"wp:attachment":[{"href":"https:\/\/mgvpublications.com\/de\/wp-json\/wp\/v2\/media?parent=19091"}],"wp:term":[{"taxonomy":"product_cat","embeddable":true,"href":"https:\/\/mgvpublications.com\/de\/wp-json\/wp\/v2\/product_cat?post=19091"},{"taxonomy":"product_tag","embeddable":true,"href":"https:\/\/mgvpublications.com\/de\/wp-json\/wp\/v2\/product_tag?post=19091"},{"taxonomy":"item","embeddable":true,"href":"https:\/\/mgvpublications.com\/de\/wp-json\/wp\/v2\/item?post=19091"}],"curies":[{"name":"wp","href":"https:\/\/api.w.org\/{rel}","templated":true}]}}