{"id":19087,"date":"2021-05-08T15:23:45","date_gmt":"2021-05-08T13:23:45","guid":{"rendered":"https:\/\/mgvpublications.com\/produkt\/buhranlarimiz-ve-son-eserleri\/"},"modified":"2022-03-08T22:52:59","modified_gmt":"2022-03-08T21:52:59","slug":"buhranlarimiz-ve-son-eserleri","status":"publish","type":"product","link":"https:\/\/mgvpublications.com\/de\/buhranlarimiz-ve-son-eserleri\/","title":{"rendered":"Buhranlar\u0131m\u0131z Ve Son Eserleri"},"content":{"rendered":"<p>Yay\u0131n Tarihi: 22.06.2020<br \/>ISBN: 9789753550741<br \/>Dil: T\u00dcRK\u00c7E<br \/>Sayfa Say\u0131s\u0131: 304<br \/>Cilt Tipi: Karton Kapak<br \/>Ka\u011f\u0131t Cinsi: Kitap Ka\u011f\u0131d\u0131<br \/>Boyut: 13.5 x 21 cm<\/p>","protected":false},"excerpt":{"rendered":"<p>\u0130sl\u00e2mc\u0131 fikir ve devlet adam\u0131 Said Halim Pa\u015fa\u2019n\u0131n \u00e7ok \u00f6nemli sekiz eseri bir arada&#8230; \u201cBuhranlar\u0131m\u0131z\u201d genel ba\u015fl\u0131\u011f\u0131 alt\u0131nda toplanm\u0131\u015f bulunan yedi kitab\u0131: Me\u015frutiyet, Taklit\u00e7ili\u011fimiz, Fikir Buhran\u0131m\u0131z, Cemiyet Buhran\u0131m\u0131z, Taassup, \u0130sl\u00e2m D\u00fcnyas\u0131 Neden Geri Kald\u0131?, \u0130sl\u00e2mla\u015fmak ile son olarak yazd\u0131\u011f\u0131 ve \u201c\u0130sl\u00e2m\u2019\u0131n devlet te\u015fkil\u00e2t\u0131, ba\u015fkan\u0131, meclisi, partileri, se\u00e7imleri, kanun koyma ve icr\u00e2 kuvvetleri ile nas\u0131l olmal\u0131d\u0131r?\u201d sorusuna cevap veren \u0130sl\u00e2m Devletinin Siyas\u00ee Yap\u0131s\u0131 adl\u0131 eseri&#8230; Ayr\u0131ca \u201cH\u00e2t\u0131r\u00e2t\u201d\u0131ndan elde bulunan bir b\u00f6l\u00fcm ve I. D\u00fcnya Harbi\u2019ne neden girdi\u011fimizi a\u00e7\u0131klayan \u201cCevaplar\u201d\u0131&#8230;<\/p>","protected":false},"featured_media":19086,"template":"","meta":{"spay_email":""},"product_cat":[170],"product_tag":[],"item":[689],"acf":[],"_links":{"self":[{"href":"https:\/\/mgvpublications.com\/de\/wp-json\/wp\/v2\/product\/19087"}],"collection":[{"href":"https:\/\/mgvpublications.com\/de\/wp-json\/wp\/v2\/product"}],"about":[{"href":"https:\/\/mgvpublications.com\/de\/wp-json\/wp\/v2\/types\/product"}],"wp:featuredmedia":[{"embeddable":true,"href":"https:\/\/mgvpublications.com\/de\/wp-json\/wp\/v2\/media\/19086"}],"wp:attachment":[{"href":"https:\/\/mgvpublications.com\/de\/wp-json\/wp\/v2\/media?parent=19087"}],"wp:term":[{"taxonomy":"product_cat","embeddable":true,"href":"https:\/\/mgvpublications.com\/de\/wp-json\/wp\/v2\/product_cat?post=19087"},{"taxonomy":"product_tag","embeddable":true,"href":"https:\/\/mgvpublications.com\/de\/wp-json\/wp\/v2\/product_tag?post=19087"},{"taxonomy":"item","embeddable":true,"href":"https:\/\/mgvpublications.com\/de\/wp-json\/wp\/v2\/item?post=19087"}],"curies":[{"name":"wp","href":"https:\/\/api.w.org\/{rel}","templated":true}]}}