{"id":19085,"date":"2021-05-08T15:23:45","date_gmt":"2021-05-08T13:23:45","guid":{"rendered":"https:\/\/mgvpublications.com\/produkt\/son-devrin-din-mazlumlari-kod40\/"},"modified":"2022-03-08T22:52:59","modified_gmt":"2022-03-08T21:52:59","slug":"son-devrin-din-mazlumlari-kod40","status":"publish","type":"product","link":"https:\/\/mgvpublications.com\/de\/son-devrin-din-mazlumlari-kod40\/","title":{"rendered":"Son Devrin Din Mazlumlar\u0131 (kod40)"},"content":{"rendered":"<p>Yay\u0131n Tarihi: 01.03.2008<br \/>ISBN: 9789758180134<br \/>Dil: T\u00dcRK\u00c7E<br \/>Sayfa Say\u0131s\u0131: 328<br \/>Cilt Tipi: Karton Kapak<br \/>Ka\u011f\u0131t Cinsi: 3. Hm. Ka\u011f\u0131t<br \/>Boyut: 12 x 20 cm<\/p>","protected":false},"excerpt":{"rendered":"<p>Bu eser, \u2018Tarih Boyunca B\u00fcy\u00fck Mazlumlar\u2019dan sonra beklenmesi ve ona eklenmesi gereken bir bahsi \u00e7er\u00e7eveliyor. \u0130m\u00e2n ve ideal u\u011frunda umumi mazlumluk davas\u0131n\u0131n \u00e7ok yak\u0131ndan, \u00f6z hayat\u0131m\u0131zdan, yak\u0131n tarihimizden ele al\u0131nmas\u0131 ve hususi planda g\u00f6sterilmesi\u2026 Bu yak\u0131n tarih ve hususi pl\u00e2n, \u0130ttihad ve Terakki ile ba\u015flayan, Cumhuriyetle yerle\u015fti\u011fini g\u00f6rd\u00fc\u011f\u00fcm\u00fcz \u0130sl\u00e2m nefretinin zeminini \u00e7izer ve o zemin \u00fczerinde en kuduz zul\u00fcm k\u0131l\u0131ciyle d\u00fc\u015f\u00fcr\u00fclen mazlum ba\u015flar\u0131n hik\u00e2yelerini anlat\u0131r.<\/p>","protected":false},"featured_media":19084,"template":"","meta":{"spay_email":""},"product_cat":[174],"product_tag":[],"item":[383],"acf":[],"_links":{"self":[{"href":"https:\/\/mgvpublications.com\/de\/wp-json\/wp\/v2\/product\/19085"}],"collection":[{"href":"https:\/\/mgvpublications.com\/de\/wp-json\/wp\/v2\/product"}],"about":[{"href":"https:\/\/mgvpublications.com\/de\/wp-json\/wp\/v2\/types\/product"}],"wp:featuredmedia":[{"embeddable":true,"href":"https:\/\/mgvpublications.com\/de\/wp-json\/wp\/v2\/media\/19084"}],"wp:attachment":[{"href":"https:\/\/mgvpublications.com\/de\/wp-json\/wp\/v2\/media?parent=19085"}],"wp:term":[{"taxonomy":"product_cat","embeddable":true,"href":"https:\/\/mgvpublications.com\/de\/wp-json\/wp\/v2\/product_cat?post=19085"},{"taxonomy":"product_tag","embeddable":true,"href":"https:\/\/mgvpublications.com\/de\/wp-json\/wp\/v2\/product_tag?post=19085"},{"taxonomy":"item","embeddable":true,"href":"https:\/\/mgvpublications.com\/de\/wp-json\/wp\/v2\/item?post=19085"}],"curies":[{"name":"wp","href":"https:\/\/api.w.org\/{rel}","templated":true}]}}