{"id":19081,"date":"2021-05-08T15:23:44","date_gmt":"2021-05-08T13:23:44","guid":{"rendered":"https:\/\/mgvpublications.com\/produkt\/ana-hatlariyla-islam-tarihi-3\/"},"modified":"2022-03-08T22:52:59","modified_gmt":"2022-03-08T21:52:59","slug":"ana-hatlariyla-islam-tarihi-3","status":"publish","type":"product","link":"https:\/\/mgvpublications.com\/de\/ana-hatlariyla-islam-tarihi-3\/","title":{"rendered":"Ana Hatlar\u0131yla \u0130slam Tarihi 3"},"content":{"rendered":"<p>Yay\u0131n Tarihi: 04.03.2020<br \/>ISBN: 9789944704854<br \/>Dil: T\u00dcRK\u00c7E<br \/>Sayfa Say\u0131s\u0131: 312<br \/>Cilt Tipi: Karton Kapak<br \/>Ka\u011f\u0131t Cinsi: Kitap Ka\u011f\u0131d\u0131<br \/>Boyut: 13.5 x 19.5 cm<\/p>","protected":false},"excerpt":{"rendered":"<p>\u0130sl\u00e2m tarihinde Muaviye b. Eb\u00fb S\u00fcfyan\u2019\u0131n Hz. Hasan\u2019dan hal\u00eefeli\u011fi devralmas\u0131yla ba\u015flay\u0131p Mervan b. Muhammed\u2019in \u00f6l-d\u00fcr\u00fclmesine kadar ge\u00e7en d\u00f6neme Emev\u00ee Asr\u0131 ad\u0131 verilir. Gerek Hz. Peygamber (sav) devrinde ya\u015fam\u0131\u015f sah\u00e2be ile ondan sonraki nesil aras\u0131nda bir zaman k\u00f6pr\u00fcs\u00fc olmas\u0131, gerekse bu s\u00fcre\u00e7te meydana gelen hadiselerin M\u00fcsl\u00fcman-lar\u0131n zihninde derin izler b\u0131rakm\u0131\u015f olmas\u0131 sebebiyle, Emev\u00eeler devleti \u0130sl\u00e2m tarihinin \u00fczerinde en fazla tart\u0131\u015fma yap\u0131lan d\u00f6nemini te\u015fkil eder. Bu tarihi s\u00fcrece dair akademik, entellekt\u00fcel ve pop\u00fcler ilgi ve al\u00e2ka g\u00fcn\u00fcm\u00fczde de etkisini s\u00fcrd\u00fcrmektedir.<\/p>","protected":false},"featured_media":19080,"template":"","meta":{"spay_email":""},"product_cat":[174],"product_tag":[],"item":[925],"acf":[],"_links":{"self":[{"href":"https:\/\/mgvpublications.com\/de\/wp-json\/wp\/v2\/product\/19081"}],"collection":[{"href":"https:\/\/mgvpublications.com\/de\/wp-json\/wp\/v2\/product"}],"about":[{"href":"https:\/\/mgvpublications.com\/de\/wp-json\/wp\/v2\/types\/product"}],"wp:featuredmedia":[{"embeddable":true,"href":"https:\/\/mgvpublications.com\/de\/wp-json\/wp\/v2\/media\/19080"}],"wp:attachment":[{"href":"https:\/\/mgvpublications.com\/de\/wp-json\/wp\/v2\/media?parent=19081"}],"wp:term":[{"taxonomy":"product_cat","embeddable":true,"href":"https:\/\/mgvpublications.com\/de\/wp-json\/wp\/v2\/product_cat?post=19081"},{"taxonomy":"product_tag","embeddable":true,"href":"https:\/\/mgvpublications.com\/de\/wp-json\/wp\/v2\/product_tag?post=19081"},{"taxonomy":"item","embeddable":true,"href":"https:\/\/mgvpublications.com\/de\/wp-json\/wp\/v2\/item?post=19081"}],"curies":[{"name":"wp","href":"https:\/\/api.w.org\/{rel}","templated":true}]}}