{"id":19079,"date":"2021-05-08T15:23:43","date_gmt":"2021-05-08T13:23:43","guid":{"rendered":"https:\/\/mgvpublications.com\/produkt\/istikbal-islamindir\/"},"modified":"2022-03-08T22:52:58","modified_gmt":"2022-03-08T21:52:58","slug":"istikbal-islamindir","status":"publish","type":"product","link":"https:\/\/mgvpublications.com\/de\/istikbal-islamindir\/","title":{"rendered":"\u0130stikbal \u0130slam&#8217;\u0131nd\u0131r"},"content":{"rendered":"<p>\u00c7evirmen: Hasan Fehmi Ulus<br \/>Yay\u0131n Tarihi: 16.05.2016<br \/>ISBN: 9786054997039<br \/>Dil: T\u00dcRK\u00c7E<br \/>Sayfa Say\u0131s\u0131: 112<br \/>Cilt Tipi: Karton Kapak<br \/>Ka\u011f\u0131t Cinsi: Kitap Ka\u011f\u0131d\u0131<br \/>Boyut: 13 x 19.5 cm<\/p>","protected":false},"excerpt":{"rendered":"<p>\u00c7evirmen: Hasan Fehmi UlusYay\u0131n Tarihi: 16.05.2016ISBN: 9786054997039Dil: T\u00dcRK\u00c7ESayfa Say\u0131s\u0131: 112Cilt Tipi: Karton KapakKa\u011f\u0131t Cinsi: Kitap Ka\u011f\u0131d\u0131Boyut: 13 x 19.5 cm<\/p>","protected":false},"featured_media":19078,"template":"","meta":{"spay_email":""},"product_cat":[174],"product_tag":[],"item":[496],"acf":[],"_links":{"self":[{"href":"https:\/\/mgvpublications.com\/de\/wp-json\/wp\/v2\/product\/19079"}],"collection":[{"href":"https:\/\/mgvpublications.com\/de\/wp-json\/wp\/v2\/product"}],"about":[{"href":"https:\/\/mgvpublications.com\/de\/wp-json\/wp\/v2\/types\/product"}],"wp:featuredmedia":[{"embeddable":true,"href":"https:\/\/mgvpublications.com\/de\/wp-json\/wp\/v2\/media\/19078"}],"wp:attachment":[{"href":"https:\/\/mgvpublications.com\/de\/wp-json\/wp\/v2\/media?parent=19079"}],"wp:term":[{"taxonomy":"product_cat","embeddable":true,"href":"https:\/\/mgvpublications.com\/de\/wp-json\/wp\/v2\/product_cat?post=19079"},{"taxonomy":"product_tag","embeddable":true,"href":"https:\/\/mgvpublications.com\/de\/wp-json\/wp\/v2\/product_tag?post=19079"},{"taxonomy":"item","embeddable":true,"href":"https:\/\/mgvpublications.com\/de\/wp-json\/wp\/v2\/item?post=19079"}],"curies":[{"name":"wp","href":"https:\/\/api.w.org\/{rel}","templated":true}]}}