{"id":19077,"date":"2021-05-08T15:23:43","date_gmt":"2021-05-08T13:23:43","guid":{"rendered":"https:\/\/mgvpublications.com\/produkt\/bacidan-bayana-islamci-kadinlarin-kamusal-alan-tecrubesi\/"},"modified":"2022-04-08T06:21:44","modified_gmt":"2022-04-08T04:21:44","slug":"bacidan-bayana-islamci-kadinlarin-kamusal-alan-tecrubesi","status":"publish","type":"product","link":"https:\/\/mgvpublications.com\/de\/bacidan-bayana-islamci-kadinlarin-kamusal-alan-tecrubesi\/","title":{"rendered":"Bac\u0131dan Bayana \u0130slamc\u0131 Kad\u0131nlar\u0131n Kamusal Alan Tecr\u00fcbesi"},"content":{"rendered":"<p>Yay\u0131n Tarihi: 23.05.2019<br \/>ISBN: 9786053260226<br \/>Dil: T\u00dcRK\u00c7E<br \/>Sayfa Say\u0131s\u0131: 224<br \/>Cilt Tipi: Karton Kapak<br \/>Ka\u011f\u0131t Cinsi: Kitap Ka\u011f\u0131d\u0131<br \/>Boyut: 13.5 x 21 cm<\/p>","protected":false},"excerpt":{"rendered":"<p>Bac\u0131&#8217;y\u0131 tan\u0131mlarken Cihan Akta\u015f, &#8220;Anadolu insan\u0131 i\u00e7in sosyal hayatta akraba veya akrabal\u0131k d\u0131\u015f\u0131 kad\u0131n ve erkek ili\u015fkilerinin s\u0131cak, masum ve g\u00fcvenilir y\u00f6n\u00fc&#8221; diyor. En sa\u011fdan en sola kadar, Anadolu&#8217;daki eylemci hareketlili\u011finde her t\u00fcrl\u00fc mahremiyet sorununu ortadan kald\u0131ran sihirli bir kelime. Akta\u015f bu kitab\u0131nda, \u0130sl\u00e2mc\u0131 kad\u0131nlar\u0131n ge\u00e7irdi\u011fi evrimle\u015fme s\u00fcrecini masaya yat\u0131r\u0131yor ve \u0130sl\u00e2m \u00e2leminin iki \u00f6nemli merkezi olan \u0130ran ve T\u00fcrkiye&#8217;nin farkl\u0131 ve z\u0131t modernle\u015fme modellerinin M\u00fcsl\u00fcman kad\u0131nlar\u0131 nas\u0131l etkiledi\u011fini ve \u0130sl\u00e2mc\u0131 kad\u0131nlar\u0131n kamusal alanlara \u00e7\u0131k\u0131\u015flar\u0131ndan nas\u0131l etkilendi\u011fini anlat\u0131yor.<\/p>","protected":false},"featured_media":23204,"template":"","meta":{"spay_email":""},"product_cat":[174],"product_tag":[],"item":[689],"acf":[],"_links":{"self":[{"href":"https:\/\/mgvpublications.com\/de\/wp-json\/wp\/v2\/product\/19077"}],"collection":[{"href":"https:\/\/mgvpublications.com\/de\/wp-json\/wp\/v2\/product"}],"about":[{"href":"https:\/\/mgvpublications.com\/de\/wp-json\/wp\/v2\/types\/product"}],"wp:featuredmedia":[{"embeddable":true,"href":"https:\/\/mgvpublications.com\/de\/wp-json\/wp\/v2\/media\/23204"}],"wp:attachment":[{"href":"https:\/\/mgvpublications.com\/de\/wp-json\/wp\/v2\/media?parent=19077"}],"wp:term":[{"taxonomy":"product_cat","embeddable":true,"href":"https:\/\/mgvpublications.com\/de\/wp-json\/wp\/v2\/product_cat?post=19077"},{"taxonomy":"product_tag","embeddable":true,"href":"https:\/\/mgvpublications.com\/de\/wp-json\/wp\/v2\/product_tag?post=19077"},{"taxonomy":"item","embeddable":true,"href":"https:\/\/mgvpublications.com\/de\/wp-json\/wp\/v2\/item?post=19077"}],"curies":[{"name":"wp","href":"https:\/\/api.w.org\/{rel}","templated":true}]}}