{"id":19075,"date":"2021-05-08T15:23:42","date_gmt":"2021-05-08T13:23:42","guid":{"rendered":"https:\/\/mgvpublications.com\/produkt\/elifin-disi-sallaniyor\/"},"modified":"2024-10-01T17:04:31","modified_gmt":"2024-10-01T15:04:31","slug":"elifin-disi-sallaniyor","status":"publish","type":"product","link":"https:\/\/mgvpublications.com\/de\/elifin-disi-sallaniyor\/","title":{"rendered":"Elif\u2019in Di\u015fi Sallan\u0131yor"},"content":{"rendered":"<p>\u00c7evirmen: E. G\u00f6zde D\u00f6nmez<br \/>Yay\u0131n Tarihi: 26.01.2019<br \/>Orijinal Ad\u0131: Conni und der Wackelzahn<br \/>ISBN: 9786053328742<br \/>Dil: T\u00dcRK\u00c7E<br \/>Sayfa Say\u0131s\u0131: 24<br \/>Cilt Tipi: Karton Kapak<br \/>Ka\u011f\u0131t Cinsi: Kitap Ka\u011f\u0131d\u0131<br \/>Boyut: 22 x 22 cm<br \/>\u00c7izer: Annette Steinhauer<\/p>","protected":false},"excerpt":{"rendered":"<p>Elif\u2019in ilk kez di\u015fi sallan\u0131yordu! \u00c7ok heyecanlanm\u0131\u015ft\u0131, ama sallanan di\u015fi yerinden bir t\u00fcrl\u00fc \u00e7\u0131km\u0131yordu. Arkada\u015flar\u0131 pek \u00e7ok \u00f6neride bulunmu\u015ftu. Hi\u00e7biri i\u015fe yaramam\u0131\u015ft\u0131. Elif bunu hi\u00e7 dert etmedi. Ne de olsa s\u00fct di\u015fleriydi bunlar, elbette bir g\u00fcn yerlerinden \u00e7\u0131kacaklard\u0131&#8230;<\/p>","protected":false},"featured_media":23242,"template":"","meta":{"spay_email":""},"product_cat":[172],"product_tag":[],"item":[336],"acf":[],"_links":{"self":[{"href":"https:\/\/mgvpublications.com\/de\/wp-json\/wp\/v2\/product\/19075"}],"collection":[{"href":"https:\/\/mgvpublications.com\/de\/wp-json\/wp\/v2\/product"}],"about":[{"href":"https:\/\/mgvpublications.com\/de\/wp-json\/wp\/v2\/types\/product"}],"wp:featuredmedia":[{"embeddable":true,"href":"https:\/\/mgvpublications.com\/de\/wp-json\/wp\/v2\/media\/23242"}],"wp:attachment":[{"href":"https:\/\/mgvpublications.com\/de\/wp-json\/wp\/v2\/media?parent=19075"}],"wp:term":[{"taxonomy":"product_cat","embeddable":true,"href":"https:\/\/mgvpublications.com\/de\/wp-json\/wp\/v2\/product_cat?post=19075"},{"taxonomy":"product_tag","embeddable":true,"href":"https:\/\/mgvpublications.com\/de\/wp-json\/wp\/v2\/product_tag?post=19075"},{"taxonomy":"item","embeddable":true,"href":"https:\/\/mgvpublications.com\/de\/wp-json\/wp\/v2\/item?post=19075"}],"curies":[{"name":"wp","href":"https:\/\/api.w.org\/{rel}","templated":true}]}}