{"id":19067,"date":"2021-05-08T15:23:38","date_gmt":"2021-05-08T13:23:38","guid":{"rendered":"https:\/\/mgvpublications.com\/produkt\/ehl-i-beyt-ahlaki\/"},"modified":"2022-03-08T22:52:56","modified_gmt":"2022-03-08T21:52:56","slug":"ehl-i-beyt-ahlaki","status":"publish","type":"product","link":"https:\/\/mgvpublications.com\/de\/ehl-i-beyt-ahlaki\/","title":{"rendered":"Ehl-i Beyt Ahlak\u0131"},"content":{"rendered":"<p>Yay\u0131n Tarihi: 21.06.2017<br \/>ISBN: 9789755741284<br \/>Dil: T\u00dcRK\u00c7E<br \/>Sayfa Say\u0131s\u0131: 300<br \/>Cilt Tipi: Karton Kapak<br \/>Ka\u011f\u0131t Cinsi: Kitap Ka\u011f\u0131d\u0131<br \/>Boyut: 13.5 x 21 cm<\/p>","protected":false},"excerpt":{"rendered":"<p>Ehl-i Beyt mensuplar\u0131 vahyin \u0131\u015f\u0131\u011f\u0131nda hareket ediyor, onun p\u0131nar\u0131ndan besleniyorlard\u0131. Bu \u00f6zelliklerini, g\u00f6z kama\u015ft\u0131r\u0131c\u0131 bir hikmet, y\u00fcksek ve hayranl\u0131k uyand\u0131r\u0131c\u0131 bir edeb ve g\u00f6rkemli bir ahlak\u00ee pratik olarak insanlara yans\u0131t\u0131yorlard\u0131. Ki\u015filikleriyle temsil ettikleri bu sistemin berrakl\u0131\u011f\u0131yla nefsi ayd\u0131nlat\u0131yor, b\u00fct\u00fcn\u00fcyle iyilik i\u00e7erikli kavramlar\u0131yla yol g\u00f6steriyor, insanlar\u0131 yap\u0131c\u0131 ve yarat\u0131l\u0131\u015f\u0131n amac\u0131na uygun bir y\u00f6ne iletiyorlard\u0131. Bu kitap, Kur\u2019an\u2019dan, Allah Resul\u00fc (s.a.v)\u2019in hadislerinden ve Ehl-i Beyt imamlar\u0131n\u0131n hikmetli s\u00f6zlerinden hareketle, Allah\u2019\u0131n raz\u0131 oldu\u011fu bir insan olman\u0131n yollar\u0131n\u0131 g\u00f6steriyor. Kitap, ahlak ilminin tamam\u0131n\u0131 kapsam\u0131yor. Sadece ahl\u00e2k ilminin en \u00f6nemli ve insan hayat\u0131 \u00fczerinde en etkili konular\u0131n\u0131 i\u00e7eriyor. A\u00e7\u0131k ve anla\u015f\u0131l\u0131r bir \u00fcsl\u00fbpla konuyu i\u015fliyor. Okurun yararlanmas\u0131n\u0131, kapal\u0131 ve g\u00f6steri\u015fli ifadeler i\u00e7inde kaybolmamas\u0131n\u0131; as\u0131l mesaj\u0131n, ifade tarz\u0131na kurban edilmemesini ama\u00e7l\u0131yor. \u0130yi ahlak\u0131n g\u00fczelliklerini ve k\u00f6t\u00fc ahlak\u0131n \u00e7irkinliklerini vurguluyor, bunlar\u0131n insan ve toplum hayat\u0131 \u00fczerindeki madd\u00ee ve psikolojik etkilerini a\u00e7\u0131kl\u0131yor.<\/p>","protected":false},"featured_media":19066,"template":"","meta":{"spay_email":""},"product_cat":[174],"product_tag":[],"item":[503],"acf":[],"_links":{"self":[{"href":"https:\/\/mgvpublications.com\/de\/wp-json\/wp\/v2\/product\/19067"}],"collection":[{"href":"https:\/\/mgvpublications.com\/de\/wp-json\/wp\/v2\/product"}],"about":[{"href":"https:\/\/mgvpublications.com\/de\/wp-json\/wp\/v2\/types\/product"}],"wp:featuredmedia":[{"embeddable":true,"href":"https:\/\/mgvpublications.com\/de\/wp-json\/wp\/v2\/media\/19066"}],"wp:attachment":[{"href":"https:\/\/mgvpublications.com\/de\/wp-json\/wp\/v2\/media?parent=19067"}],"wp:term":[{"taxonomy":"product_cat","embeddable":true,"href":"https:\/\/mgvpublications.com\/de\/wp-json\/wp\/v2\/product_cat?post=19067"},{"taxonomy":"product_tag","embeddable":true,"href":"https:\/\/mgvpublications.com\/de\/wp-json\/wp\/v2\/product_tag?post=19067"},{"taxonomy":"item","embeddable":true,"href":"https:\/\/mgvpublications.com\/de\/wp-json\/wp\/v2\/item?post=19067"}],"curies":[{"name":"wp","href":"https:\/\/api.w.org\/{rel}","templated":true}]}}