{"id":19065,"date":"2021-05-08T15:23:37","date_gmt":"2021-05-08T13:23:37","guid":{"rendered":"https:\/\/mgvpublications.com\/produkt\/hazret-i-muhammed-mustafa-s-a-v-cilt-2-medine-devri\/"},"modified":"2022-03-08T22:52:56","modified_gmt":"2022-03-08T21:52:56","slug":"hazret-i-muhammed-mustafa-s-a-v-cilt-2-medine-devri","status":"publish","type":"product","link":"https:\/\/mgvpublications.com\/de\/hazret-i-muhammed-mustafa-s-a-v-cilt-2-medine-devri\/","title":{"rendered":"Hazret-i Muhammed Mustafa (s.a.v.) Cilt 2 \/ Medine Devri"},"content":{"rendered":"<p>Yay\u0131n Tarihi: 01.09.2006<br \/>ISBN: 9789756247594<br \/>Dil: T\u00dcRK\u00c7E<br \/>Sayfa Say\u0131s\u0131: 632<br \/>Cilt Tipi: Karton Kapak<br \/>Ka\u011f\u0131t Cinsi: 1. Hm. Ka\u011f\u0131t<br \/>Boyut: 15 x 21 cm<\/p>","protected":false},"excerpt":{"rendered":"<p>Muhterem Osman Nuri Topba\u015f Bey&#8217;in kaleminden b\u00fct\u00fcn peygamberlerin ve insanl\u0131\u011f\u0131n edeb\u00ee n\u00fbru olarak cih\u00e2n\u0131 \u015fereflendiren O Sonsuz G\u00fcne\u015f&#8217;in Medine Devri&#8230; Hazret-i Peygamber -sallallahu aleyhi ve sellem-&#8216;in Hak kat\u0131ndaki kadri o kadar y\u00fccedir ki; Cen\u00e2b-\u0131 Hak, Hab\u00eebi&#8217;ne itaati, kendine itaat saym\u0131\u015f; O&#8217;na kar\u015f\u0131 yap\u0131lacak en k\u00fc\u00e7\u00fck h\u00fcrmetsizli\u011fi, amellerin bo\u015fa \u00e7\u0131kmas\u0131na sebep k\u0131lm\u0131\u015f ve O&#8217;na tazimi, g\u00f6n\u00fcllerin takva imtihan\u0131 eylemi\u015ftir. Rasul\u00fc&#8217;ne uygunsuz hitapta bulunmay\u0131 b\u00fcy\u00fck bir cehalet eseri olarak kabul etmi\u015ftir. Rasulullah -sallallahu aleyhi ve sellem-&#8216;e \u00e7ok\u00e7a salat \u00fc selam getirerek O&#8217;nu hi\u00e7bir zaman g\u00f6nl\u00fcm\u00fczden ve hat\u0131r\u0131m\u0131zdan \u00e7\u0131karmamam\u0131z gerekti\u011fini beyan etmi\u015ftir. Hatta namaz k\u0131larken her Tahiyyat&#8217;ta Rasulullah -sallallahu aleyhi ve sellem-&#8216;e selam vermemizi namaz\u0131n vacip bir r\u00fckn\u00fc k\u0131lm\u0131\u015ft\u0131r. Bu derece kadri y\u00fcce olan Peygamber Sultan\u0131&#8217;n\u0131n Medine Devri, Allah&#8217;\u0131n dinini ikame ile ge\u00e7mi\u015ftir. G\u00f6n\u00fclleri Cennet&#8217;e d\u00f6nd\u00fcren y\u00fcce esaslar\u0131, sars\u0131lmaz temeller \u00fczerinde muhte\u015fem saraylar misali in\u015fa etmi\u015ftir. O g\u00fcller g\u00fcl\u00fc, Medine&#8217;de olu\u015fturdu\u011fu m\u00fcnevver iklimde, hayat\u0131n\u0131n sonuna kadar g\u00fczelli\u011fin ve do\u011frulu\u011fu rehberi olmu\u015f ve \u015ferefli hayat\u0131; her t\u00fcrl\u00fc yanl\u0131\u015f, k\u00f6t\u00fcl\u00fck, ter\u00f6r ve zulme kar\u015f\u0131 m\u00fccadele i\u00e7inde ge\u00e7mi\u015ftir. B\u00f6ylece ard\u0131nda, insanl\u0131\u011fa sonsuz kurtulu\u015f ve vuslat\u0131n yegane yolu olan bir din, bir s\u0131rat-\u0131 m\u00fcstakim ve insanl\u0131k semas\u0131n\u0131n y\u0131ld\u0131zlar\u0131 olan \u00f6rnek bir nesil b\u0131rakm\u0131\u015ft\u0131r. Ne mutlu d\u00fcnyada, Allah Rasul\u00fc&#8217;n\u00fcn izini takip ederek o s\u0131rat-\u0131 m\u00fcstakim&#8217;den, yani dosdo\u011fru yoldan y\u00fcr\u00fcy\u00fcp de ahiretteki k\u0131ldan ince s\u0131rat\u0131 ge\u00e7ecek olanlara!.. Acizane b\u00f6yle bir saadete vesile olabilmek maksad\u0131yla kaleme al\u0131nan bu eserde, Nebiler Nebisi&#8217;nin b\u00fct\u00fcn be\u015feriyete numune-i imtisal \u0131\u015f\u0131\u011f\u0131nda ilahi tecelli ak\u0131\u015flar\u0131yla dolu k\u0131ssalar\u0131n\u0131 bulacaks\u0131n\u0131z. Esasen O&#8217;nu tasvirde lisanlar mutlak bir acziyet i\u00e7indeyken, bizim lisan\u0131m\u0131zdaki ifadesi de okyanustan bir katre misali idrakimize damlayan \u015febnemler mesabesindedir. Dah\u00eelek y\u00e2 Ras\u00fblall\u00e2h!..<\/p>","protected":false},"featured_media":19064,"template":"","meta":{"spay_email":""},"product_cat":[174],"product_tag":[],"item":[818],"acf":[],"_links":{"self":[{"href":"https:\/\/mgvpublications.com\/de\/wp-json\/wp\/v2\/product\/19065"}],"collection":[{"href":"https:\/\/mgvpublications.com\/de\/wp-json\/wp\/v2\/product"}],"about":[{"href":"https:\/\/mgvpublications.com\/de\/wp-json\/wp\/v2\/types\/product"}],"wp:featuredmedia":[{"embeddable":true,"href":"https:\/\/mgvpublications.com\/de\/wp-json\/wp\/v2\/media\/19064"}],"wp:attachment":[{"href":"https:\/\/mgvpublications.com\/de\/wp-json\/wp\/v2\/media?parent=19065"}],"wp:term":[{"taxonomy":"product_cat","embeddable":true,"href":"https:\/\/mgvpublications.com\/de\/wp-json\/wp\/v2\/product_cat?post=19065"},{"taxonomy":"product_tag","embeddable":true,"href":"https:\/\/mgvpublications.com\/de\/wp-json\/wp\/v2\/product_tag?post=19065"},{"taxonomy":"item","embeddable":true,"href":"https:\/\/mgvpublications.com\/de\/wp-json\/wp\/v2\/item?post=19065"}],"curies":[{"name":"wp","href":"https:\/\/api.w.org\/{rel}","templated":true}]}}