{"id":19063,"date":"2021-05-08T15:23:37","date_gmt":"2021-05-08T13:23:37","guid":{"rendered":"https:\/\/mgvpublications.com\/produkt\/hazret-i-muhammed-mustafa-s-a-v-cilt-1-mekke-devri\/"},"modified":"2022-03-08T22:52:56","modified_gmt":"2022-03-08T21:52:56","slug":"hazret-i-muhammed-mustafa-s-a-v-cilt-1-mekke-devri","status":"publish","type":"product","link":"https:\/\/mgvpublications.com\/de\/hazret-i-muhammed-mustafa-s-a-v-cilt-1-mekke-devri\/","title":{"rendered":"Hazret-i Muhammed Mustafa (s.a.v.) Cilt 1 \/ Mekke Devri"},"content":{"rendered":"<p>Yay\u0131n Tarihi: 01.01.2016<br \/>ISBN: 9789756247556<br \/>Dil: T\u00dcRK\u00c7E<br \/>Sayfa Say\u0131s\u0131: 552<br \/>Cilt Tipi: Karton Kapak<br \/>Ka\u011f\u0131t Cinsi: 1. Hm. Ka\u011f\u0131t<br \/>Boyut: 15 x 21 cm<\/p>","protected":false},"excerpt":{"rendered":"<p>Muhterem Osman Nuri Topba\u015f Bey&#8217;in kaleminden b\u00fct\u00fcn peygamberlerin ve insanl\u0131\u011f\u0131n edeb\u00ee n\u00fbru olarak cih\u00e2n\u0131 \u015fereflendiren O Sonsuz G\u00fcne\u015f&#8217;in Mekke Devri&#8230; Y\u00fcz yirmi d\u00f6rt bir peygamber ve onlardaki sayas\u0131z zuhurat ve ilahi tecelli ak\u0131\u015flar\u0131, sanki bereketli nisan bulutlar\u0131 gib azami derecede i\u015fba (doymu\u015fluk) haline geldikten sonra be\u015feriyetin g\u00f6n\u00fcl topra\u011f\u0131na mecburi bir surette bo\u015fald\u0131. Ve bereketli bir hidayet \u015feraresi halirdeki nebiler silsilesi, alemlere rahmet olarak g\u00f6nderilen Hazret-i Muhammed Mustafa -sallallahu aleyhi ve sellem-&#8216;in zuhura gelmesinin adeta birer ikbal ve bahar m\u00fcjdesi oldu&#8230; B\u00f6ylece b\u00fct\u00fcn peygamberlerin ve insanl\u0131\u011f\u0131n ebedi nuru olarak cihan\u0131 \u015fereflendiren o sonsuz g\u00fcne\u015fin Mekke Devri, \u015firkle kirlenmi\u015f g\u00f6n\u00fclleri tevhid-i \u0130lahi \u00e7er\u00e7evesinde y\u00fcce itikad ile temizlemek, k\u00fcf\u00fcrle kurumu\u015f dallar\u0131 iman ve hakikat p\u0131nar\u0131yla ye\u015fertmek, nefsaniyet ve zul\u00fcmleri dolay\u0131s\u0131yla ham meyve haline gelmi\u015f be\u015feriyeti, ruhaniyet ve Nur-i Muhammedi ile olgunla\u015ft\u0131rmak faaliyetiyle ge\u00e7ti. O&#8217;nun zahiri terbiyesi ve bat\u0131ni tesiri g\u00f6n\u00fcllere \u00f6yle bir iksir oldu ki, daha evvel yar\u0131 vah\u015fi, \u00e7o\u011fu insanl\u0131ktan bile habersiz bir cahiliye toplumunu, insanl\u0131k tarihinin hala g\u0131pta etti\u011fi &#8220;sahabe&#8221; h\u00fcviyetiyle hayal edilmez bir mertebeye ula\u015ft\u0131rd\u0131. Onlar\u0131, d\u00fcnya tarihinde &#8220;fazilette zirve insanlar&#8221; haline getirdi. Dolay\u0131s\u0131yla adalet, merhamet, muhabbet ve iman dolu bir insanl\u0131k hususunda modern bir cahiliye devri ya\u015fayan \u015fu ahir zaman\u0131n, yegane kurtulu\u015f yolu da, edebiyet g\u00fcne\u015finin Nur-i Muhammedi&#8217;sinde tecelli eden ulvi s\u0131rlardan nasiplenebilmektir&#8230; \u015eefaat y\u00e2 Ras\u00fblall\u00e2h!..<\/p>","protected":false},"featured_media":19062,"template":"","meta":{"spay_email":""},"product_cat":[174],"product_tag":[],"item":[818],"acf":[],"_links":{"self":[{"href":"https:\/\/mgvpublications.com\/de\/wp-json\/wp\/v2\/product\/19063"}],"collection":[{"href":"https:\/\/mgvpublications.com\/de\/wp-json\/wp\/v2\/product"}],"about":[{"href":"https:\/\/mgvpublications.com\/de\/wp-json\/wp\/v2\/types\/product"}],"wp:featuredmedia":[{"embeddable":true,"href":"https:\/\/mgvpublications.com\/de\/wp-json\/wp\/v2\/media\/19062"}],"wp:attachment":[{"href":"https:\/\/mgvpublications.com\/de\/wp-json\/wp\/v2\/media?parent=19063"}],"wp:term":[{"taxonomy":"product_cat","embeddable":true,"href":"https:\/\/mgvpublications.com\/de\/wp-json\/wp\/v2\/product_cat?post=19063"},{"taxonomy":"product_tag","embeddable":true,"href":"https:\/\/mgvpublications.com\/de\/wp-json\/wp\/v2\/product_tag?post=19063"},{"taxonomy":"item","embeddable":true,"href":"https:\/\/mgvpublications.com\/de\/wp-json\/wp\/v2\/item?post=19063"}],"curies":[{"name":"wp","href":"https:\/\/api.w.org\/{rel}","templated":true}]}}