{"id":19061,"date":"2021-05-08T15:23:36","date_gmt":"2021-05-08T13:23:36","guid":{"rendered":"https:\/\/mgvpublications.com\/produkt\/fikhus-siyre\/"},"modified":"2022-12-03T18:22:25","modified_gmt":"2022-12-03T17:22:25","slug":"fikhus-siyre","status":"publish","type":"product","link":"https:\/\/mgvpublications.com\/de\/fikhus-siyre\/","title":{"rendered":"F\u0131khu&#8217;s Siyre"},"content":{"rendered":"<p>\u00c7evirmen: Atik Ayd\u0131n<br \/>\nYay\u0131n Tarihi: 12.11.2019<br \/>\nISBN: 9786055030261<br \/>\nDil: T\u00dcRK\u00c7E<br \/>\nSayfa Say\u0131s\u0131: 485<br \/>\nCilt Tipi: Ciltli<br \/>\nKa\u011f\u0131t Cinsi: Kitap Ka\u011f\u0131d\u0131<br \/>\nBoyut: 17 x 24 cm<\/p>","protected":false},"excerpt":{"rendered":"<p>HZ.MUHAMMED (S.A.V.)\u2019\u0130N HAYATINDAN DERSLER VE \u00d6\u011e\u00dcTLER T\u00fcr Olarak \u00abFIKHU&#8217;S-S\u0130YRE\u00bb, Siyretten \u00e7\u0131kar\u0131lan F\u0131k\u0131h demek olur. Bu bir ilim dal\u0131 ve yaz\u0131 t\u00fcr\u00fcd\u00fcr. Arap \u00e2leminde, \u00f6zellikle \u00dcniversitelerin \u015eeriat Fak\u00fcltesi ve di\u011fer b\u00f6l\u00fcmlerinde apayr\u0131 bir ders olarak takip edilir. Mesele, Res\u00fbl\u00fcllah&#8217;\u0131n bizzat ya\u015fad\u0131\u011f\u0131 ve uygulad\u0131\u011f\u0131 din ahk\u00e2m\u0131n\u0131 s\u00fcz\u00fcp \u00e7\u0131karmakt\u0131r. Bu, Onun kendi hayat\u0131nda ve \u00e7evresindeki insanlar \u00fczerindeki uygulamalar\u0131n\u0131 anlatan bir disiplindir. Tabiat\u0131yla bu uygulamalardan h\u00fckme var\u0131l\u0131rken, temeller Kur&#8217;\u00e2n-\u0131 Ker\u00eem&#8217;den al\u0131n\u0131r, ulem\u00e2 ve m\u00fcfessirlerin de yorumlar\u0131na ba\u015fvurulur. Bu kitab b\u00f6yle bir t\u00fcrd\u00fcr. T\u00fcrkiye&#8217;de ilk defa b\u00f6yle bir kitab terc\u00fcmesi yay\u0131nlanmaktad\u0131r. Telif olaraksa, tabi\u00ee hi\u00e7 yoktur. Konu ve Metod Olarak: Dr. Said Ramazan&#8217;\u0131n bu eseri t\u00fcr\u00fc i\u00e7inde de bir \u00fcst\u00fcnl\u00fc\u011fe sahib ki; dili sade, \u00fcsl\u00fbbu kolay, h\u00fck\u00fcmleri emindir. Ehl-i S\u00fcnnet ve&#8217;l-Cem\u00e2at \u00e7er\u00e7evesinde, tavizsiz ve if rats\u0131z; en do\u011fru bilgiyi, en em\u00een ir\u015fad\u0131 vermeye \u00e7al\u0131\u015f\u0131r. \u00c7\u00fcnk\u00fc m\u00fcellif, ilmiye s\u0131n\u0131f\u0131nda, say\u0131l\u0131 ki\u015filerden oldu\u011fu gibi, babas\u0131 Molla Ramazan vesilesiyle de \u00abB\u00e2t\u0131n ilmine\u00bb sahihtir. Kitab, ad\u0131ndan da anla\u015f\u0131laca\u011f\u0131 \u00fczere her\u015feyden \u00f6nce, bir \u00abSiyret-i Nebidir. Y\u00e2ni, Res\u00fbl\u00fcllah&#8217;m hayat\u0131n\u0131 anlat\u0131r. Dr. el-B\u00fctFnin bu eseri (Kendisinin de \u00f6ns\u00f6z\u00fcnde belirtti\u011fi gibi) en m\u00fchim olaylar\u0131 \u00f6zet olarak alm\u0131\u015f, onlar\u0131n yorumunu yapm\u0131\u015ft\u0131r. Bu \u00f6zet tarih, tamamen sahih nakillere dayanmaktad\u0131r. Ba\u015fta Buh\u00e2r\u00ee ve M\u00fcslim olmak \u00fczere, sahih hadis kitablar\u0131; \u0130bn-i \u0130sh\u00e2k, \u0130bn-i Sa&#8217;d, \u0130bn-i Hi\u015f\u00e2m v.b. gibi muteber siyer ve tabakat kitablar\u0131 kaynakt\u0131r. Yorumlardan sonuca var\u0131rken de, en muteber tefsir kitablar\u0131yla, b\u00fcy\u00fck fukah\u00e2n\u0131n i\u00e7tihadlar\u0131 dayanakt\u0131r. Hemen kaydedelim ki, m\u00fcellif, \u015eafii mezhebine mensup oldu\u011fundan, o mezhebin g\u00f6r\u00fc\u015f\u00fcn\u00fc daha \u00e7ok zikretmi\u015ftir. Ancak, sonu\u00e7lar genel \u00e7er\u00e7evede bulunmakta ve farkl\u0131 olan \u00f6b\u00fcr mezheb g\u00f6r\u00fc\u015fleri de \u00f6zellikle kaydedilmektedir. Fayda ve Verim Olarak: Yorum k\u0131sm\u0131nda ele alman hususlar; Olaylardan ve Res\u00fbl\u00fcllah&#8217;m uygulamalar\u0131ndan \u00e7\u0131kar\u0131lan f\u0131kh\u0131 h\u00fck\u00fcmler. Al\u0131nacak ders ve ibretler. Ahl\u00e2k\u00ee prensipler. O konuda, g\u00fcn\u00fcm\u00fczde tutulacak yolun ne oldu\u011funun tesbiti. Bu tesbit a\u00e7\u0131s\u0131ndan kitab; g\u00fcn\u00fcm\u00fcz m\u00fcsl\u00fcmanlar\u0131n\u0131n, y\u0131llard\u0131r aramas\u0131na ra\u011fmen; i\u00e7erden veya d\u0131\u015fardan bir t\u00fcrl\u00fc edinemedi\u011fi bir eserdir. \u00d6zellikle gen\u00e7li\u011fe her y\u00f6n\u00fcyle g\u00fcvenilerek tavsiye edilebilecek, vakit kaybettirmiyecek, \u00f6b\u00fcrlerine benzemeyen bir eserdir. \u00c7\u00fcnk\u00fc, \u00f6b\u00fcrlerinin \u00e7o\u011funda hayata ve g\u00fcn\u00fcm\u00fcze \u0131\u015f\u0131k tutan \u00f6zellikler yoktur. Baz\u0131s\u0131nda ise, \u00e7\u00e2re diye; dini tahrif ve tahrip edici gariplikler, keyfi i\u00e7tihadlar g\u00f6r\u00fcl\u00fcr. Bu kitab, gen\u00e7 m\u00fcsl\u00fcman\u0131n \u00d6rnek Hayattan alaca\u011f\u0131 hareket tarz\u0131 ve \u00f6l\u00e7\u00fcleri (itik\u00e2d\u00ee ve fikr\u00ee y\u00f6nden do\u011frulu\u011fundan emin olarak) vermektedir. Ferden okumada oldu\u011fu kadar, derslerde de okunup a\u00e7\u0131klanmak i\u00e7in yeg\u00e2ne ve aranan eser olacakt\u0131r in\u015f\u00e2allah. Hatt\u00e2 iddia ediyoruz ki, Din E\u011fitimi yapan okullarda da, \u00ab\u00d6\u011fretmen Kitab\u0131\u00bb, \u00abYard\u0131mc\u0131 Ders Kitab\u0131\u00bb; Y\u00fcksek Okullarda (\u0130lahiyat Fak\u00fcltelerinde) ise, do\u011frudan, Ders Kitab\u0131 olarak takibe elverecektir, ilim ve tarafs\u0131z zihniyet sahibi, faydal\u0131y\u0131 arayan \u00f6\u011fretim \u00fcyeleri bunu uygulayacakt\u0131r, \u00fcmidindeyiz!<\/p>","protected":false},"featured_media":21406,"template":"","meta":{"spay_email":""},"product_cat":[174],"product_tag":[],"item":[1737],"acf":[],"_links":{"self":[{"href":"https:\/\/mgvpublications.com\/de\/wp-json\/wp\/v2\/product\/19061"}],"collection":[{"href":"https:\/\/mgvpublications.com\/de\/wp-json\/wp\/v2\/product"}],"about":[{"href":"https:\/\/mgvpublications.com\/de\/wp-json\/wp\/v2\/types\/product"}],"wp:featuredmedia":[{"embeddable":true,"href":"https:\/\/mgvpublications.com\/de\/wp-json\/wp\/v2\/media\/21406"}],"wp:attachment":[{"href":"https:\/\/mgvpublications.com\/de\/wp-json\/wp\/v2\/media?parent=19061"}],"wp:term":[{"taxonomy":"product_cat","embeddable":true,"href":"https:\/\/mgvpublications.com\/de\/wp-json\/wp\/v2\/product_cat?post=19061"},{"taxonomy":"product_tag","embeddable":true,"href":"https:\/\/mgvpublications.com\/de\/wp-json\/wp\/v2\/product_tag?post=19061"},{"taxonomy":"item","embeddable":true,"href":"https:\/\/mgvpublications.com\/de\/wp-json\/wp\/v2\/item?post=19061"}],"curies":[{"name":"wp","href":"https:\/\/api.w.org\/{rel}","templated":true}]}}