{"id":19057,"date":"2021-05-08T15:23:35","date_gmt":"2021-05-08T13:23:35","guid":{"rendered":"https:\/\/mgvpublications.com\/produkt\/hanim-sahabiler-2\/"},"modified":"2022-03-08T22:52:55","modified_gmt":"2022-03-08T21:52:55","slug":"hanim-sahabiler-2","status":"publish","type":"product","link":"https:\/\/mgvpublications.com\/de\/hanim-sahabiler-2\/","title":{"rendered":"Han\u0131m Sahabiler"},"content":{"rendered":"<p>\u00c7evirmen: Said Medeni<br \/>Yay\u0131n Tarihi: 01.07.2013<br \/>ISBN: 9786054041404<br \/>Dil: T\u00dcRK\u00c7E<br \/>Sayfa Say\u0131s\u0131: 333<br \/>Cilt Tipi: Karton Kapak<br \/>Ka\u011f\u0131t Cinsi: Kitap Ka\u011f\u0131d\u0131<br \/>Boyut: 13.5 x 19.5 cm<\/p>","protected":false},"excerpt":{"rendered":"<p>Hz.Hatice (r.anha) ilk kez vahiyle tan\u0131\u015f\u0131p Cebrail (a.s) ile kar\u015f\u0131la\u015fan, i\u00e7 aleminde \u00fcrperti, heyecan, endi\u015fe duyan Hz.Peygamber&#8217;i (s.a.v) sakinle\u015ftirip destekleyen, engin kalbi ile onu kucaklayan, b\u00fct\u00fcn bunlar\u0131n \u015feytani de\u011fil rahmani oldu\u011funu izah eden ve &#8216;senin davana inan\u0131yoruz&#8217; diyen ilk m\u00fcsl\u00fcmand\u0131r.<\/p>","protected":false},"featured_media":19056,"template":"","meta":{"spay_email":""},"product_cat":[174],"product_tag":[],"item":[496],"acf":[],"_links":{"self":[{"href":"https:\/\/mgvpublications.com\/de\/wp-json\/wp\/v2\/product\/19057"}],"collection":[{"href":"https:\/\/mgvpublications.com\/de\/wp-json\/wp\/v2\/product"}],"about":[{"href":"https:\/\/mgvpublications.com\/de\/wp-json\/wp\/v2\/types\/product"}],"wp:featuredmedia":[{"embeddable":true,"href":"https:\/\/mgvpublications.com\/de\/wp-json\/wp\/v2\/media\/19056"}],"wp:attachment":[{"href":"https:\/\/mgvpublications.com\/de\/wp-json\/wp\/v2\/media?parent=19057"}],"wp:term":[{"taxonomy":"product_cat","embeddable":true,"href":"https:\/\/mgvpublications.com\/de\/wp-json\/wp\/v2\/product_cat?post=19057"},{"taxonomy":"product_tag","embeddable":true,"href":"https:\/\/mgvpublications.com\/de\/wp-json\/wp\/v2\/product_tag?post=19057"},{"taxonomy":"item","embeddable":true,"href":"https:\/\/mgvpublications.com\/de\/wp-json\/wp\/v2\/item?post=19057"}],"curies":[{"name":"wp","href":"https:\/\/api.w.org\/{rel}","templated":true}]}}