{"id":19055,"date":"2021-05-08T15:23:35","date_gmt":"2021-05-08T13:23:35","guid":{"rendered":"https:\/\/mgvpublications.com\/produkt\/tasavvuf-ve-ahlak-egitimi\/"},"modified":"2022-03-08T22:52:55","modified_gmt":"2022-03-08T21:52:55","slug":"tasavvuf-ve-ahlak-egitimi","status":"publish","type":"product","link":"https:\/\/mgvpublications.com\/de\/tasavvuf-ve-ahlak-egitimi\/","title":{"rendered":"Tasavvuf ve Ahlak E\u011fitimi"},"content":{"rendered":"<p>\u00c7evirmen: Cuma Karan<br \/>Yay\u0131n Tarihi: 01.05.2008<br \/>ISBN: 9789759508036<br \/>Dil: T\u00dcRK\u00c7E<br \/>Sayfa Say\u0131s\u0131: 326<br \/>Cilt Tipi: Karton Kapak<br \/>Ka\u011f\u0131t Cinsi: Kitap Ka\u011f\u0131d\u0131<br \/>Boyut: 13.5 x 21 cm<\/p>","protected":false},"excerpt":{"rendered":"<p>&#8220;&#8230;F\u0131kh\u0131n h\u00fck\u00fcm\u00fc geneldir. \u00c7\u00fcnk\u00fc maksad\u0131 dinin minaresini y\u00fckseltmek ve onu y\u00fcceltmektir. Tasavvufun h\u00fckm\u00fc ise,hast\u0131r,\u00f6zeldir genel de\u011fildir. \u00c7\u00fcn\u00fc o kul ile Rabbi aras\u0131nda olan bir muameledir. Dolay\u0131s\u0131yla fakih kimsenin, sufi kimseye itiraz\u0131 do\u011frudur;ancak sufinin fakihe itiraz\u0131 kimsenin, sufi kimseye itiraz\u0131 do\u011frudur.; ancak sufinin fakihe itiraz\u0131 do\u011fru olmaz. Tasavvuflar\u0131n f\u0131kha d\u00f6n\u00fcp onunla yetinmek m\u00fcmk\u00fcnd\u00fcr. Ancak tasavvuf f\u0131k\u0131hs\u0131z olmaz. Her ne kadar mertebe itibariyle tasavvuf f\u0131k\u0131htan \u00fcst\u00fcn olsada f\u0131k\u0131h b\u0131rak\u0131l\u0131p tasavvufa gidilemez. Tasavvuf f\u0131k\u0131hs\u0131z olamaz. Ancak f\u0131k\u0131h daha sa\u011flam ve maslahat a\u00e7\u0131s\u0131ndan daha geneldir. Bunun i\u00e7in \u015f\u00f6yle s\u00f6ylenmi\u015ftir: &#8216;Sufi, f\u0131k\u0131h\u00e7\u0131 olmal\u0131d\u0131r; ancak her f\u0131k\u0131h\u00e7\u0131 sufi olmayabilir;&#8221;<\/p>","protected":false},"featured_media":19054,"template":"","meta":{"spay_email":""},"product_cat":[174],"product_tag":[],"item":[428],"acf":[],"_links":{"self":[{"href":"https:\/\/mgvpublications.com\/de\/wp-json\/wp\/v2\/product\/19055"}],"collection":[{"href":"https:\/\/mgvpublications.com\/de\/wp-json\/wp\/v2\/product"}],"about":[{"href":"https:\/\/mgvpublications.com\/de\/wp-json\/wp\/v2\/types\/product"}],"wp:featuredmedia":[{"embeddable":true,"href":"https:\/\/mgvpublications.com\/de\/wp-json\/wp\/v2\/media\/19054"}],"wp:attachment":[{"href":"https:\/\/mgvpublications.com\/de\/wp-json\/wp\/v2\/media?parent=19055"}],"wp:term":[{"taxonomy":"product_cat","embeddable":true,"href":"https:\/\/mgvpublications.com\/de\/wp-json\/wp\/v2\/product_cat?post=19055"},{"taxonomy":"product_tag","embeddable":true,"href":"https:\/\/mgvpublications.com\/de\/wp-json\/wp\/v2\/product_tag?post=19055"},{"taxonomy":"item","embeddable":true,"href":"https:\/\/mgvpublications.com\/de\/wp-json\/wp\/v2\/item?post=19055"}],"curies":[{"name":"wp","href":"https:\/\/api.w.org\/{rel}","templated":true}]}}