{"id":19053,"date":"2021-05-08T15:23:34","date_gmt":"2021-05-08T13:23:34","guid":{"rendered":"https:\/\/mgvpublications.com\/produkt\/tasavvufun-mahiyeti\/"},"modified":"2022-03-08T22:52:55","modified_gmt":"2022-03-08T21:52:55","slug":"tasavvufun-mahiyeti","status":"publish","type":"product","link":"https:\/\/mgvpublications.com\/de\/tasavvufun-mahiyeti\/","title":{"rendered":"Tasavvufun Mahiyeti"},"content":{"rendered":"<p>\u00c7evirmen: Prof. Dr. S\u00fcleyman Uluda\u011f<br \/>ISBN: 9789759957483<br \/>Dil: T\u00dcRK\u00c7E<br \/>Sayfa Say\u0131s\u0131: 280<br \/>Cilt Tipi: Karton Kapak<br \/>Ka\u011f\u0131t Cinsi: 3. Hm. Ka\u011f\u0131t<br \/>Boyut: 14 x 20 cm<\/p>","protected":false},"excerpt":{"rendered":"<p>B\u00fcy\u00fck \u0130slam d\u00fc\u015f\u00fcn\u00fcr\u00fc \u0130bn Haldun&#8217;un kaleminden \u00e7\u0131kan elinizdeki eser, yazar\u0131n devrinde tart\u0131\u015f\u0131lan tasavvufi bir konuya a\u00e7\u0131kl\u0131k getirmek i\u00e7in yaz\u0131lm\u0131\u015ft\u0131r. Konu \u015fudur: Marifet ve hakikat ad\u0131 verilen tasavvufi bilgiyi elde etmek ve s\u00fcfiyane bir hayat ya\u015famak i\u00e7in yol g\u00f6sterici m\u00fc\u015fid bir \u015feyhe ihtiya\u00e7 var m\u0131d\u0131r, yok mudur? Bu mesele b\u00fct\u00fcn boyutlar\u0131yla tart\u0131\u015f\u0131l\u0131rken Kur&#8217;an ve hadisteki manevi hayat, bu hayat\u0131n \u0130slam d\u00fcnyas\u0131ndaki geli\u015fimi, tasavvufun, ard\u0131ndan tarikatlar\u0131n ortaya \u00e7\u0131kmas\u0131na zemin haz\u0131rlayan dini, siyasi i\u00e7 sebepler ve d\u0131\u015f tesirlerden etkilenmeler de b\u00fct\u00fcn\u00fcyle ele al\u0131nmaktad\u0131r.<\/p>","protected":false},"featured_media":19052,"template":"","meta":{"spay_email":""},"product_cat":[174],"product_tag":[],"item":[356],"acf":[],"_links":{"self":[{"href":"https:\/\/mgvpublications.com\/de\/wp-json\/wp\/v2\/product\/19053"}],"collection":[{"href":"https:\/\/mgvpublications.com\/de\/wp-json\/wp\/v2\/product"}],"about":[{"href":"https:\/\/mgvpublications.com\/de\/wp-json\/wp\/v2\/types\/product"}],"wp:featuredmedia":[{"embeddable":true,"href":"https:\/\/mgvpublications.com\/de\/wp-json\/wp\/v2\/media\/19052"}],"wp:attachment":[{"href":"https:\/\/mgvpublications.com\/de\/wp-json\/wp\/v2\/media?parent=19053"}],"wp:term":[{"taxonomy":"product_cat","embeddable":true,"href":"https:\/\/mgvpublications.com\/de\/wp-json\/wp\/v2\/product_cat?post=19053"},{"taxonomy":"product_tag","embeddable":true,"href":"https:\/\/mgvpublications.com\/de\/wp-json\/wp\/v2\/product_tag?post=19053"},{"taxonomy":"item","embeddable":true,"href":"https:\/\/mgvpublications.com\/de\/wp-json\/wp\/v2\/item?post=19053"}],"curies":[{"name":"wp","href":"https:\/\/api.w.org\/{rel}","templated":true}]}}