{"id":19051,"date":"2021-05-08T15:23:34","date_gmt":"2021-05-08T13:23:34","guid":{"rendered":"https:\/\/mgvpublications.com\/produkt\/inci-karanliktan-korkmuyor-ilk-okuma-kitabim\/"},"modified":"2022-03-08T22:52:55","modified_gmt":"2022-03-08T21:52:55","slug":"inci-karanliktan-korkmuyor-ilk-okuma-kitabim","status":"publish","type":"product","link":"https:\/\/mgvpublications.com\/de\/inci-karanliktan-korkmuyor-ilk-okuma-kitabim\/","title":{"rendered":"\u0130nci Karanl\u0131ktan Korkmuyor \/ \u0130lk Okuma Kitab\u0131m"},"content":{"rendered":"<p>\u00c7evirmen: Aylin Gergin<br \/>Yay\u0131n Tarihi: 25.01.2019<br \/>Orijinal Ad\u0131: Jule hat keine Angst im Dunkeln<br \/>ISBN: 9786052950159<br \/>Dil: T\u00dcRK\u00c7E<br \/>Sayfa Say\u0131s\u0131: 24<br \/>Cilt Tipi: Karton Kapak<br \/>Ka\u011f\u0131t Cinsi: Ku\u015fe Ka\u011f\u0131t<br \/>Boyut: 22 x 22 cm<\/p>","protected":false},"excerpt":{"rendered":"<p>\u0130nci kadar cesaretli olsan\u0131z bile, geceleri \u00e7ocuk odas\u0131 biraz korkutucu olabilir. Pencerenin \u00f6n\u00fcnde ger\u00e7ekten bir ejderha m\u0131 oturuyor? Neyse ki \u0130nci korktu\u011fu zaman ne yapaca\u011f\u0131n\u0131 biliyor.<\/p>","protected":false},"featured_media":19050,"template":"","meta":{"spay_email":""},"product_cat":[172],"product_tag":[],"item":[336],"acf":[],"_links":{"self":[{"href":"https:\/\/mgvpublications.com\/de\/wp-json\/wp\/v2\/product\/19051"}],"collection":[{"href":"https:\/\/mgvpublications.com\/de\/wp-json\/wp\/v2\/product"}],"about":[{"href":"https:\/\/mgvpublications.com\/de\/wp-json\/wp\/v2\/types\/product"}],"wp:featuredmedia":[{"embeddable":true,"href":"https:\/\/mgvpublications.com\/de\/wp-json\/wp\/v2\/media\/19050"}],"wp:attachment":[{"href":"https:\/\/mgvpublications.com\/de\/wp-json\/wp\/v2\/media?parent=19051"}],"wp:term":[{"taxonomy":"product_cat","embeddable":true,"href":"https:\/\/mgvpublications.com\/de\/wp-json\/wp\/v2\/product_cat?post=19051"},{"taxonomy":"product_tag","embeddable":true,"href":"https:\/\/mgvpublications.com\/de\/wp-json\/wp\/v2\/product_tag?post=19051"},{"taxonomy":"item","embeddable":true,"href":"https:\/\/mgvpublications.com\/de\/wp-json\/wp\/v2\/item?post=19051"}],"curies":[{"name":"wp","href":"https:\/\/api.w.org\/{rel}","templated":true}]}}