{"id":19047,"date":"2021-05-08T15:23:30","date_gmt":"2021-05-08T13:23:30","guid":{"rendered":"https:\/\/mgvpublications.com\/produkt\/itikaf-hukumleri-ve-musluman-hayatindaki-yeri\/"},"modified":"2022-03-31T13:45:49","modified_gmt":"2022-03-31T11:45:49","slug":"itikaf-hukumleri-ve-musluman-hayatindaki-yeri","status":"publish","type":"product","link":"https:\/\/mgvpublications.com\/de\/itikaf-hukumleri-ve-musluman-hayatindaki-yeri\/","title":{"rendered":"\u0130tikaf H\u00fck\u00fcmleri ve M\u00fcsl\u00fcman Hayat\u0131ndaki Yeri"},"content":{"rendered":"<p>\u00c7evirmen: Nureddin Y\u0131ld\u0131z<br \/>Yay\u0131n Tarihi: 15.03.2021<br \/>ISBN: 9786050650082<br \/>Dil: T\u00dcRK\u00c7E<br \/>Sayfa Say\u0131s\u0131: 128<br \/>Cilt Tipi: Karton Kapak<br \/>Ka\u011f\u0131t Cinsi: Kitap Ka\u011f\u0131d\u0131<br \/>Boyut: 13.5 x 19.5 cm<\/p>","protected":false},"excerpt":{"rendered":"<p>Ramazan ay\u0131nda \u00f6zellikle te\u015fvik edilen ibadetlerden itik\u00e2fa dair kaleme al\u0131nm\u0131\u015f en kapsaml\u0131 \u00e7al\u0131\u015fma olan eser, yazar\u0131n\u0131n \u00e7ok say\u0131da kayna\u011fa ba\u015fvurarak ortaya koydu\u011fu g\u00fc\u00e7l\u00fc b\u00fcnyesiyle dikkat \u00e7ekici bir eme\u011fin \u00fcr\u00fcn\u00fc. \u0130tik\u00e2f\u0131n uygulan\u0131\u015f\u0131n\u0131 \u00e7ok y\u00f6nl\u00fc bi\u00e7imde ve g\u00f6r\u00fc\u015flerin delilleriyle a\u00e7\u0131klayan, \u0130slam ilim gelene\u011finde etkili olmu\u015f ilm\u00ee eserlerden istifadeyle kaleme al\u0131nan kitap, dipnotlar\u0131ndaki ayr\u0131nt\u0131l\u0131 i\u015f\u00e7ili\u011fe ra\u011fmen okura konunun prati\u011fini ve arkaplan derinli\u011fini ayn\u0131 anda sunabiliyor. Son devir Irak ulemas\u0131ndan Kubeys\u00ee&#8217;nin bu \u00f6nemli eseri Nureddin Y\u0131ld\u0131z \u00e7evirisiyle \u015fimdi T\u00fcrk\u00e7e&#8217;de.<\/p>","protected":false},"featured_media":19046,"template":"","meta":{"spay_email":""},"product_cat":[174],"product_tag":[],"item":[1751],"acf":[],"_links":{"self":[{"href":"https:\/\/mgvpublications.com\/de\/wp-json\/wp\/v2\/product\/19047"}],"collection":[{"href":"https:\/\/mgvpublications.com\/de\/wp-json\/wp\/v2\/product"}],"about":[{"href":"https:\/\/mgvpublications.com\/de\/wp-json\/wp\/v2\/types\/product"}],"wp:featuredmedia":[{"embeddable":true,"href":"https:\/\/mgvpublications.com\/de\/wp-json\/wp\/v2\/media\/19046"}],"wp:attachment":[{"href":"https:\/\/mgvpublications.com\/de\/wp-json\/wp\/v2\/media?parent=19047"}],"wp:term":[{"taxonomy":"product_cat","embeddable":true,"href":"https:\/\/mgvpublications.com\/de\/wp-json\/wp\/v2\/product_cat?post=19047"},{"taxonomy":"product_tag","embeddable":true,"href":"https:\/\/mgvpublications.com\/de\/wp-json\/wp\/v2\/product_tag?post=19047"},{"taxonomy":"item","embeddable":true,"href":"https:\/\/mgvpublications.com\/de\/wp-json\/wp\/v2\/item?post=19047"}],"curies":[{"name":"wp","href":"https:\/\/api.w.org\/{rel}","templated":true}]}}