{"id":19045,"date":"2021-05-08T15:23:29","date_gmt":"2021-05-08T13:23:29","guid":{"rendered":"https:\/\/mgvpublications.com\/produkt\/arap-uyanisi-arap-ulusal-hareketinin-oykusu\/"},"modified":"2022-06-26T12:32:31","modified_gmt":"2022-06-26T10:32:31","slug":"arap-uyanisi-arap-ulusal-hareketinin-oykusu","status":"publish","type":"product","link":"https:\/\/mgvpublications.com\/de\/arap-uyanisi-arap-ulusal-hareketinin-oykusu\/","title":{"rendered":"Arap Uyan\u0131\u015f\u0131 Arap Ulusal Hareketinin \u00d6yk\u00fcs\u00fc"},"content":{"rendered":"<p>\u00c7evirmen: Muhammed Karaku\u015f<br \/>Yay\u0131n Tarihi: 18.02.2021<br \/>Orijinal Ad\u0131: The Arab Awakening: The Story of the Arab National Movement<br \/>ISBN: 9786054944774<br \/>Dil: T\u00dcRK\u00c7E<br \/>Sayfa Say\u0131s\u0131: 376<br \/>Cilt Tipi: Karton Kapak<br \/>Ka\u011f\u0131t Cinsi: Kitap Ka\u011f\u0131d\u0131<br \/>Boyut: 14.5 x 21.5 cm<\/p>","protected":false},"excerpt":{"rendered":"<p>Modern Ortado\u011fu\u2019nun tarihi, 1789 Frans\u0131z Devrimi ve ard\u0131ndan Napolyon\u2019un 1798\u2019de M\u0131s\u0131r\u2019\u0131 i\u015fgal giri\u015fimiyle yeniden \u015fekillenmeye ba\u015flam\u0131\u015ft\u0131r. Bat\u0131l\u0131lar\u0131n misyonerlik faaliyetleri, milliyet\u00e7ilik ak\u0131mlar\u0131 ve Osmanl\u0131 Devleti\u2019nin merkezile\u015fme \u00e7abalar\u0131n\u0131n yo\u011furdu\u011fu Araplar\u0131n \u201cuzun\u201d XIX. y\u00fczy\u0131ldaki k\u00fclt\u00fcrel \u201cuyan\u0131\u015f\u201d\u0131n\u0131n ard\u0131ndan, modern d\u00f6nemdeki en kritik s\u00fcre\u00e7 1914-1923 y\u0131llar\u0131 aras\u0131nda ger\u00e7ekle\u015fmi\u015ftir. \u015eerif H\u00fcseyin ve o\u011fullar\u0131n\u0131n \u00f6nc\u00fcl\u00fck etti\u011fi, \u0130ngiltere ve Fransa\u2019n\u0131n da aktif destek verdi\u011fi Arap \u0130syan\u0131, modern Arap d\u00fcnyas\u0131n\u0131n ortaya \u00e7\u0131k\u0131\u015f\u0131nda en \u00f6nemli kilometre ta\u015flar\u0131ndan biri olmu\u015ftur. T\u00fcrkiye\u2019de ve uluslararas\u0131 camiada, Arap \u0130syan\u0131\u2019na dair \u015fimdiye kadar \u00e7ok \u015fey yaz\u0131ld\u0131, konu\u015fuldu; Araplar\u0131 \u201cihanet\u201dle su\u00e7layanlar da oldu, \u0130ngiliz alt\u0131nlar\u0131n\u0131n \u015eerif ailesini \u201ckand\u0131rd\u0131\u011f\u0131\u201dn\u0131 s\u00f6yleyenler de\u2026 Ancak T\u00fcrk\u00e7e literat\u00fcrde hadisenin en \u00f6nemli aya\u011f\u0131 hep eksik kald\u0131 veya g\u00f6z ard\u0131 edildi, biraz da bilin\u00e7li olarak g\u00f6r\u00fclmek istenmedi: Arap uyan\u0131\u015f\u0131n\u0131n \u00f6nc\u00fcleri, yani Arap milliyet\u00e7ileri bu s\u00fcreci nas\u0131l g\u00f6r\u00fcyordu? \u0130syan \u201c\u0130slam\u00ee\u201d miydi, \u201culusal\u201d m\u0131yd\u0131 yoksa klasik bir milliyet\u00e7i self-determinasyon s\u00fcreci miydi? Araplar\u0131n g\u00f6z\u00fcnden; \u0130syan\u2019\u0131n sebepleri nelerdi, s\u00fcre\u00e7te \u0130stanbul\u2019un hatalar\u0131 neydi, \u0130ngilizler neyi do\u011fru yapt\u0131? Ve ayr\u0131ca, isyan edenler ortaya \u00e7\u0131kan sonu\u00e7lardan mutlu oldu mu? \u0130ngilizlerle Frans\u0131zlar\u0131n anla\u015famad\u0131\u011f\u0131 noktalar nelerdi? Sykes-Picot Antla\u015fmas\u0131 ve yeni s\u0131n\u0131rlar ne anlam ifade ediyordu? Filistin \u00e7\u00f6z\u00fcm\u00fc Araplar\u0131n arzu etti\u011fi \u015fekilde mi ger\u00e7ekle\u015fti? Yahudi g\u00f6\u00e7\u00fc ve \u0130srail\u2019in kurulmas\u0131na giden s\u00fcre\u00e7te kimler hangi ad\u0131mlar\u0131 att\u0131? T\u00fcm bu sorulara cevap mahiyetinde; elinizdeki Arap Uyan\u0131\u015f\u0131: Arap Ulusal Hareketinin \u00d6yk\u00fcs\u00fc kitab\u0131, Arap milliyet\u00e7ilerinin bu s\u00fcre\u00e7lere nas\u0131l bakt\u0131\u011f\u0131n\u0131 g\u00f6zler \u00f6n\u00fcne seriyor; \u00f6zlemlerini ve ideallerini yans\u0131tt\u0131\u011f\u0131 kadar, pi\u015fmanl\u0131k ve hayal k\u0131r\u0131kl\u0131klar\u0131n\u0131 da ele al\u0131yor. B\u00f6ylece, T\u00fcrk\u00e7e literat\u00fcrde eksik kalan, \u00f6ncesi ve sonras\u0131yla Arap \u0130syan\u0131\u2019n\u0131n en \u00f6nemli taraf\u0131n\u0131n anlat\u0131s\u0131na mercek tutmay\u0131 ve kay\u0131p halkay\u0131 tamamlamay\u0131 hedefliyor. L\u00fcbnan Hristiyanlar\u0131ndan, tarih\u00e7i ve diplomat George Antonius (1891-1942), Arap milliyet\u00e7ili\u011fine adad\u0131\u011f\u0131 hayat\u0131 boyunca, \u0130syan s\u00fcrecine tan\u0131kl\u0131k etti ve b\u00f6lgedeki geni\u015f Arap toplumunun \u00f6nemli isimleriyle de yak\u0131n temas i\u00e7inde oldu. Bilhassa art\u0131k klasikle\u015fen Arap Uyan\u0131\u015f\u0131 isimli eseri, Arap milliyet\u00e7ili\u011finin ilk ve ve h\u00e2l\u00e2 a\u015f\u0131lamayan anlat\u0131lar\u0131ndan birini olu\u015fturuyor. \u0130lk olarak 1938\u2019de yay\u0131nlanan ve sonras\u0131nda defalarca bask\u0131s\u0131 yap\u0131lan bu ilgi \u00e7ekici eser, Arap milliyet\u00e7ili\u011fine dair derli toplu ilk akademik \u00e7al\u0131\u015fma olarak da dikkat \u00e7ekiyor. Modern Ortado\u011fu tarihi, Arap milliyet\u00e7ili\u011fi, I. D\u00fcnya Sava\u015f\u0131\u2019nda Ortado\u011fu\u2019da siyasi ve askeri geli\u015fmeler, Arap isyan\u0131, Arap-Yahudi ihtilaf\u0131 gibi hususlarda T\u00fcrk\u00e7e literat\u00fcrde s\u0131k\u00e7a at\u0131f yap\u0131lan Antonius\u2019un bu klasik eseri Mehmet Akif Ko\u00e7 ve Muhammed Karaku\u015f taraf\u0131ndan T\u00fcrk\u00e7eye \u00e7evrildi.<\/p>","protected":false},"featured_media":19044,"template":"","meta":{"spay_email":""},"product_cat":[170],"product_tag":[],"item":[1735],"acf":[],"_links":{"self":[{"href":"https:\/\/mgvpublications.com\/de\/wp-json\/wp\/v2\/product\/19045"}],"collection":[{"href":"https:\/\/mgvpublications.com\/de\/wp-json\/wp\/v2\/product"}],"about":[{"href":"https:\/\/mgvpublications.com\/de\/wp-json\/wp\/v2\/types\/product"}],"wp:featuredmedia":[{"embeddable":true,"href":"https:\/\/mgvpublications.com\/de\/wp-json\/wp\/v2\/media\/19044"}],"wp:attachment":[{"href":"https:\/\/mgvpublications.com\/de\/wp-json\/wp\/v2\/media?parent=19045"}],"wp:term":[{"taxonomy":"product_cat","embeddable":true,"href":"https:\/\/mgvpublications.com\/de\/wp-json\/wp\/v2\/product_cat?post=19045"},{"taxonomy":"product_tag","embeddable":true,"href":"https:\/\/mgvpublications.com\/de\/wp-json\/wp\/v2\/product_tag?post=19045"},{"taxonomy":"item","embeddable":true,"href":"https:\/\/mgvpublications.com\/de\/wp-json\/wp\/v2\/item?post=19045"}],"curies":[{"name":"wp","href":"https:\/\/api.w.org\/{rel}","templated":true}]}}