{"id":19043,"date":"2021-05-08T15:23:29","date_gmt":"2021-05-08T13:23:29","guid":{"rendered":"https:\/\/mgvpublications.com\/produkt\/putlar-yikilirken-ilahi-davet-karsisinda-mekke\/"},"modified":"2022-03-08T22:52:53","modified_gmt":"2022-03-08T21:52:53","slug":"putlar-yikilirken-ilahi-davet-karsisinda-mekke","status":"publish","type":"product","link":"https:\/\/mgvpublications.com\/de\/putlar-yikilirken-ilahi-davet-karsisinda-mekke\/","title":{"rendered":"Putlar Y\u0131k\u0131l\u0131rken \u0130lahi Davet Kar\u015f\u0131s\u0131nda Mekke"},"content":{"rendered":"<p>Yay\u0131n Tarihi: 16.03.2017<br \/>ISBN: 9789754737257<br \/>Dil: T\u00dcRK\u00c7E<br \/>Sayfa Say\u0131s\u0131: 128<br \/>Cilt Tipi: Karton Kapak<br \/>Ka\u011f\u0131t Cinsi: Kitap Ka\u011f\u0131d\u0131<br \/>Boyut: 13.5 x 21 cm<\/p>","protected":false},"excerpt":{"rendered":"<p>Putlar Y\u0131k\u0131l\u0131rken; \u0130lah\u00ee Davet Kar\u015f\u0131s\u0131nda Mekke, Cahiliye d\u00f6neminin son b\u00fcy\u00fcklerinden Mu\u011fireo\u011flu Velid ve etraf\u0131ndaki m\u00fc\u015frikler ile Peygamberimiz Hz. Muhammed (s.a.v.) ve ashab\u0131n\u0131n m\u00fccadelesini anlatmaktad\u0131r. Bir ba\u015fka ifadeyle \u015firk kar\u015f\u0131s\u0131nda tevhidin, m\u00fc\u015frik kibri, taassubu ve bencilli\u011fi kar\u015f\u0131s\u0131nda Peygamberlik azminin, tahamm\u00fcl\u00fcn\u00fcn ve fedak\u00e2rl\u0131\u011f\u0131n\u0131n hik\u00e2yesidir. Mu\u011fireo\u011flu Velid, hakk\u0131nda en fazla \u00e2yet n\u00e2zil olan m\u00fc\u015friktir. Zira inanma ve inanmama aras\u0131nda kalm\u0131\u015f, akl\u0131 inanmas\u0131 gerekti\u011fini s\u00f6ylerken duygular\u0131na ma\u011flup olmu\u015f ve \u015firkteki \u0131srar\u0131n\u0131 s\u00fcrd\u00fcrm\u00fc\u015ft\u00fcr. Ki\u015fisel h\u0131rs ve duygular\u0131na kap\u0131lma anlam\u0131nda Cahiliye, Velid ile ete kemi\u011fe b\u00fcr\u00fcnm\u00fc\u015ft\u00fcr. Bu kitap, Velid\u2019in \u015fahs\u0131nda bir m\u00fc\u015frik portresi de \u00e7izmekte ve Mekkelilerin ilah\u00ee davete kar\u015f\u0131 ni\u00e7in ve nas\u0131l diren\u00e7 g\u00f6sterdiklerini ortaya koymaktad\u0131r.<\/p>","protected":false},"featured_media":20190,"template":"","meta":{"spay_email":""},"product_cat":[174],"product_tag":[],"item":[389],"acf":[],"_links":{"self":[{"href":"https:\/\/mgvpublications.com\/de\/wp-json\/wp\/v2\/product\/19043"}],"collection":[{"href":"https:\/\/mgvpublications.com\/de\/wp-json\/wp\/v2\/product"}],"about":[{"href":"https:\/\/mgvpublications.com\/de\/wp-json\/wp\/v2\/types\/product"}],"wp:featuredmedia":[{"embeddable":true,"href":"https:\/\/mgvpublications.com\/de\/wp-json\/wp\/v2\/media\/20190"}],"wp:attachment":[{"href":"https:\/\/mgvpublications.com\/de\/wp-json\/wp\/v2\/media?parent=19043"}],"wp:term":[{"taxonomy":"product_cat","embeddable":true,"href":"https:\/\/mgvpublications.com\/de\/wp-json\/wp\/v2\/product_cat?post=19043"},{"taxonomy":"product_tag","embeddable":true,"href":"https:\/\/mgvpublications.com\/de\/wp-json\/wp\/v2\/product_tag?post=19043"},{"taxonomy":"item","embeddable":true,"href":"https:\/\/mgvpublications.com\/de\/wp-json\/wp\/v2\/item?post=19043"}],"curies":[{"name":"wp","href":"https:\/\/api.w.org\/{rel}","templated":true}]}}