{"id":19035,"date":"2021-05-08T15:23:27","date_gmt":"2021-05-08T13:23:27","guid":{"rendered":"https:\/\/mgvpublications.com\/produkt\/ana-hatlariyla-islam-aile-hukuku\/"},"modified":"2022-03-08T22:52:52","modified_gmt":"2022-03-08T21:52:52","slug":"ana-hatlariyla-islam-aile-hukuku","status":"publish","type":"product","link":"https:\/\/mgvpublications.com\/de\/ana-hatlariyla-islam-aile-hukuku\/","title":{"rendered":"Ana Hatlar\u0131yla \u0130slam Aile Hukuku"},"content":{"rendered":"<p>Yay\u0131n Tarihi: 31.01.2019<br \/>ISBN: 9786052174685<br \/>Dil: T\u00dcRK\u00c7E<br \/>Sayfa Say\u0131s\u0131: 328<br \/>Cilt Tipi: Karton Kapak<br \/>Ka\u011f\u0131t Cinsi: Kitap Ka\u011f\u0131d\u0131<br \/>Boyut: 13.5 x 19.5 cm<\/p>","protected":false},"excerpt":{"rendered":"<p>Bu \u00e7al\u0131\u015fmam\u0131zda, medeni hukukun bir b\u00f6l\u00fcm\u00fc ve me\u015fru evlilik yolunda at\u0131lan \u00f6nemli bir ad\u0131m olan evlenme ile bo\u015fanma konular\u0131na yer verilmi\u015ftir. \u015e\u00f6yle ki; iki b\u00f6l\u00fcmden olu\u015fan \u00e7al\u0131\u015fmam\u0131z\u0131n ilk b\u00f6l\u00fcm\u00fcnde evlenme akdi ve hukuki sonu\u00e7lar\u0131 ele al\u0131nm\u0131\u015ft\u0131r. \u00d6ncelikle hemen hemen b\u00fct\u00fcn toplumlarda rastlanan ve de\u011fi\u015fik \u00e2det ve bi\u00e7imlerde de olsa b\u00fct\u00fcn toplumlarda sosyal bir olay olarak \u00f6nem ta\u015f\u0131yan ni\u015fanlanma konusu i\u015flenmi\u015ftir. Akabinde evlenme akdinin unsur ve kurulu\u015f \u015fartlar\u0131, evlenme engelleri, denklik, kad\u0131n\u0131n mali haklar\u0131 kapsam\u0131nda mehir ve nafaka, b\u00e2t\u0131l evlilikler \u00e7er\u00e7evesinde muvakkat ve m\u00fct\u2019a nik\u00e2h\u0131 ile do\u011fum ve neticeleri \u00fczerinde durulmu\u015ftur. \u0130kinci b\u00f6l\u00fcmde ise evlili\u011fin sona ermesi ve hukuki sonu\u00e7lar\u0131 ele al\u0131nm\u0131\u015ft\u0131r. Bu k\u0131s\u0131mda bo\u015fanma \u00f6ncesinde al\u0131nmas\u0131 gereken tedbirler, erke\u011fin bo\u015fama yetkisi ve bu \u00e7er\u00e7evede Kur\u2019\u00e2n ve s\u00fcnnete uygun bo\u015fama \u00e7e\u015fitlerine temas edilmi\u015f, sonras\u0131nda kad\u0131n\u0131n birlikte ya\u015famak istemedi\u011fi e\u015finden hangi yollarla ayr\u0131labilece\u011fi \u00fczerinde durulmu\u015f, akabinde de i\u00e7 iradenin bulunmad\u0131\u011f\u0131 durumlarda meydana gelen bo\u015famalar\u0131n ge\u00e7erlili\u011fi tart\u0131\u015f\u0131lm\u0131\u015ft\u0131r. Son k\u0131s\u0131mda da iddet, hid\u00e2ne, iddet nafakas\u0131, miras, mut\u2019a gibi bo\u015fanman\u0131n hukuki sonu\u00e7lar\u0131 \u00fczerinde durulmu\u015ftur.<\/p>","protected":false},"featured_media":19034,"template":"","meta":{"spay_email":""},"product_cat":[174],"product_tag":[],"item":[925],"acf":[],"_links":{"self":[{"href":"https:\/\/mgvpublications.com\/de\/wp-json\/wp\/v2\/product\/19035"}],"collection":[{"href":"https:\/\/mgvpublications.com\/de\/wp-json\/wp\/v2\/product"}],"about":[{"href":"https:\/\/mgvpublications.com\/de\/wp-json\/wp\/v2\/types\/product"}],"wp:featuredmedia":[{"embeddable":true,"href":"https:\/\/mgvpublications.com\/de\/wp-json\/wp\/v2\/media\/19034"}],"wp:attachment":[{"href":"https:\/\/mgvpublications.com\/de\/wp-json\/wp\/v2\/media?parent=19035"}],"wp:term":[{"taxonomy":"product_cat","embeddable":true,"href":"https:\/\/mgvpublications.com\/de\/wp-json\/wp\/v2\/product_cat?post=19035"},{"taxonomy":"product_tag","embeddable":true,"href":"https:\/\/mgvpublications.com\/de\/wp-json\/wp\/v2\/product_tag?post=19035"},{"taxonomy":"item","embeddable":true,"href":"https:\/\/mgvpublications.com\/de\/wp-json\/wp\/v2\/item?post=19035"}],"curies":[{"name":"wp","href":"https:\/\/api.w.org\/{rel}","templated":true}]}}