{"id":19033,"date":"2021-05-08T15:23:26","date_gmt":"2021-05-08T13:23:26","guid":{"rendered":"https:\/\/mgvpublications.com\/produkt\/hareketli-yavru-kopek-bobi\/"},"modified":"2022-03-08T22:52:52","modified_gmt":"2022-03-08T21:52:52","slug":"hareketli-yavru-kopek-bobi","status":"publish","type":"product","link":"https:\/\/mgvpublications.com\/de\/hareketli-yavru-kopek-bobi\/","title":{"rendered":"Hareketli Yavru K\u00f6pek Bobi"},"content":{"rendered":"<p>\u00c7evirmen: Ali Berktay<br \/>Yay\u0131n Tarihi: 17.03.2021<br \/>Orijinal Ad\u0131: Pip the Puppy<br \/>ISBN: 9786254050763<br \/>Dil: T\u00dcRK\u00c7E<br \/>Sayfa Say\u0131s\u0131: 8<br \/>Cilt Tipi: Ciltli<br \/>Boyut: 18 x 18 cm<\/p>","protected":false},"excerpt":{"rendered":"<p>K\u00fc\u00e7\u00fck \u00e7ocuklar bu harika hareketli kitab\u0131n itilip \u00e7ekilen sahnelerine ve yaygarac\u0131 Yavru K\u00f6pek Bobi\u2019nin hem e\u011flenceli hem kafiyeli \u00f6yk\u00fcs\u00fcne bay\u0131lacaklar.<\/p>","protected":false},"featured_media":19032,"template":"","meta":{"spay_email":""},"product_cat":[172],"product_tag":[],"item":[336],"acf":[],"_links":{"self":[{"href":"https:\/\/mgvpublications.com\/de\/wp-json\/wp\/v2\/product\/19033"}],"collection":[{"href":"https:\/\/mgvpublications.com\/de\/wp-json\/wp\/v2\/product"}],"about":[{"href":"https:\/\/mgvpublications.com\/de\/wp-json\/wp\/v2\/types\/product"}],"wp:featuredmedia":[{"embeddable":true,"href":"https:\/\/mgvpublications.com\/de\/wp-json\/wp\/v2\/media\/19032"}],"wp:attachment":[{"href":"https:\/\/mgvpublications.com\/de\/wp-json\/wp\/v2\/media?parent=19033"}],"wp:term":[{"taxonomy":"product_cat","embeddable":true,"href":"https:\/\/mgvpublications.com\/de\/wp-json\/wp\/v2\/product_cat?post=19033"},{"taxonomy":"product_tag","embeddable":true,"href":"https:\/\/mgvpublications.com\/de\/wp-json\/wp\/v2\/product_tag?post=19033"},{"taxonomy":"item","embeddable":true,"href":"https:\/\/mgvpublications.com\/de\/wp-json\/wp\/v2\/item?post=19033"}],"curies":[{"name":"wp","href":"https:\/\/api.w.org\/{rel}","templated":true}]}}