{"id":19031,"date":"2021-05-08T15:23:26","date_gmt":"2021-05-08T13:23:26","guid":{"rendered":"https:\/\/mgvpublications.com\/produkt\/bir-kedi-bir-adam-bir-olum\/"},"modified":"2022-03-08T22:52:52","modified_gmt":"2022-03-08T21:52:52","slug":"bir-kedi-bir-adam-bir-olum","status":"publish","type":"product","link":"https:\/\/mgvpublications.com\/de\/bir-kedi-bir-adam-bir-olum\/","title":{"rendered":"Bir Kedi, Bir Adam, Bir \u00d6l\u00fcm"},"content":{"rendered":"<p>Yay\u0131n Tarihi: 17.03.2021<br \/>ISBN: 9789751041708<br \/>Dil: T\u00dcRK\u00c7E<br \/>Sayfa Say\u0131s\u0131: 184<br \/>Cilt Tipi: Karton Kapak<br \/>Ka\u011f\u0131t Cinsi: Kitap Ka\u011f\u0131d\u0131<br \/>Boyut: 13.7 x 23 cm<\/p>","protected":false},"excerpt":{"rendered":"<p>\u201cGer\u00e7ek bir \u015faheser! Teknik ve psikolojik olarak m\u00fckemmel! \u00d6ld\u00fcrmek mi ba\u011f\u0131\u015flamak m\u0131 ikilemini en iyi veren roman.\u201d Ya\u015far Kemal \u201cLivaneli, d\u00f6nemin saplant\u0131l\u0131 siyasal inan\u00e7lar\u0131n\u0131, roman ak\u0131\u015f\u0131 i\u00e7inde ustal\u0131kla yedirerek anlat\u0131yor.\u201d Do\u011fan H\u0131zlan T\u00fcrkiye\u2019nin \u00fcretken kalemi Z\u00fclf\u00fc Livaneli\u2019nin yazmaya ba\u015flad\u0131ktan 29 y\u0131l sonra bitirdi\u011fi roman\u0131: Bir Kedi, Bir Adam, Bir \u00d6l\u00fc. \u00dcnl\u00fc yazar, bu roman\u0131yla d\u00fcnyan\u0131n farkl\u0131 yerlerinden, Stockholm\u2019e s\u0131\u011f\u0131nan devrimcilere odaklan\u0131yor. T\u00fcm ya\u015famlar\u0131 s\u0131navlarla ve kay\u0131plarla ge\u00e7en bu insanlar\u0131n \u201cbiraz g\u00fcvenlik biraz can s\u0131k\u0131nt\u0131s\u0131\u201d olarak tan\u0131mlad\u0131klar\u0131 mutluluk aray\u0131\u015flar\u0131na odaklan\u0131yor. T\u00fcrkiye\u2019den Stockholm\u2019e iltica eden Sami, ya\u015fad\u0131klar\u0131n\u0131n sorumlular\u0131ndan biri olan eski bakanla kald\u0131\u011f\u0131 hastanede tesad\u00fcfen bir araya geliyor. Bu kar\u015f\u0131la\u015fma, intikam ve affetme gibi temel psikolojik ikilemleri tart\u0131\u015f\u0131rken, cezaland\u0131rma ve yarg\u0131lama gibi devlet mekanizmalar\u0131 ekseninde \u00fclkenin ahlaki iklimine de de\u011finiyor. 2001 Yunus Nadi Roman \u00d6d\u00fcl\u00fc\u2019ne lay\u0131k g\u00f6r\u00fclen Bir Kedi, Bir Adam, Bir \u00d6l\u00fcm okurlar\u0131 al\u0131\u015f\u0131lm\u0131\u015f\u0131n d\u0131\u015f\u0131nda bir roman tekni\u011fiyle tan\u0131\u015ft\u0131r\u0131yor. Usta edebiyat\u00e7\u0131 Z\u00fclf\u00fc Livaneli, yazar-karakter \u00e7at\u0131\u015fmas\u0131n\u0131 olduk\u00e7a \u015feffaf ve \u00f6zg\u00fcn bir \u015fekilde g\u00f6z \u00f6n\u00fcne seriyor. Bir Kedi, Bir Adam, Bir \u00d6l\u00fcm enternasyonalizm, m\u00fcltecilik, \u015fiddet, cinayet, aile ve anadil \u00fczerine cesur bir d\u00fc\u015f\u00fcn\u00fc\u015f bi\u00e7imi sunuyor.<\/p>","protected":false},"featured_media":19030,"template":"","meta":{"spay_email":""},"product_cat":[168],"product_tag":[],"item":[741],"acf":[],"_links":{"self":[{"href":"https:\/\/mgvpublications.com\/de\/wp-json\/wp\/v2\/product\/19031"}],"collection":[{"href":"https:\/\/mgvpublications.com\/de\/wp-json\/wp\/v2\/product"}],"about":[{"href":"https:\/\/mgvpublications.com\/de\/wp-json\/wp\/v2\/types\/product"}],"wp:featuredmedia":[{"embeddable":true,"href":"https:\/\/mgvpublications.com\/de\/wp-json\/wp\/v2\/media\/19030"}],"wp:attachment":[{"href":"https:\/\/mgvpublications.com\/de\/wp-json\/wp\/v2\/media?parent=19031"}],"wp:term":[{"taxonomy":"product_cat","embeddable":true,"href":"https:\/\/mgvpublications.com\/de\/wp-json\/wp\/v2\/product_cat?post=19031"},{"taxonomy":"product_tag","embeddable":true,"href":"https:\/\/mgvpublications.com\/de\/wp-json\/wp\/v2\/product_tag?post=19031"},{"taxonomy":"item","embeddable":true,"href":"https:\/\/mgvpublications.com\/de\/wp-json\/wp\/v2\/item?post=19031"}],"curies":[{"name":"wp","href":"https:\/\/api.w.org\/{rel}","templated":true}]}}