{"id":19015,"date":"2021-05-05T11:55:48","date_gmt":"2021-05-05T09:55:48","guid":{"rendered":"https:\/\/mgvpublications.com\/?post_type=product&#038;p=19015"},"modified":"2022-03-08T22:52:48","modified_gmt":"2022-03-08T21:52:48","slug":"kendine-iyi-bak","status":"publish","type":"product","link":"https:\/\/mgvpublications.com\/de\/kendine-iyi-bak\/","title":{"rendered":"Kendine \u0130yi Bak"},"content":{"rendered":"<table>\n<tbody>\n<tr>\n<td>Yay\u0131n Tarihi:<\/td>\n<td>23.01.2018<\/td>\n<\/tr>\n<tr>\n<td>ISBN:<\/td>\n<td>9789751038609<\/td>\n<\/tr>\n<tr>\n<td>Dil:<\/td>\n<td>T\u00dcRK\u00c7E<\/td>\n<\/tr>\n<tr>\n<td>Sayfa Say\u0131s\u0131:<\/td>\n<td>223<\/td>\n<\/tr>\n<tr>\n<td>Cilt Tipi:<\/td>\n<td>Karton Kapak<\/td>\n<\/tr>\n<tr>\n<td>Ka\u011f\u0131t Cinsi:<\/td>\n<td>Kitap Ka\u011f\u0131d\u0131<\/td>\n<\/tr>\n<tr>\n<td>Boyut:<\/td>\n<td>13.5 x 19.5 cm<\/td>\n<\/tr>\n<\/tbody>\n<\/table>","protected":false},"excerpt":{"rendered":"<div class=\"top-block\">\n<div class=\"pr_description\">\n<div id=\"description_text\" class=\"readmore-js-section readmore-js-collapsed\"><span class=\"info__text\">bir \u015feyler yolunda gitmedi\u011finde, sen kendi yolunda gitmiyorsun demektir.<br \/>\nhayat sana arma\u011fan edilmi\u015fken, sen o arma\u011fan\u0131 ya\u015fayam\u0131yorsun demektir.<br \/>\ntoplum, ailen, arkada\u015flar\u0131n ya da sevgilin\u2026<br \/>\nkendini birilerinin dediklerine g\u00f6re \u015fekillendirdik\u00e7e, kendinden uzakla\u015ft\u0131\u011f\u0131n\u0131n fark\u0131nda m\u0131s\u0131n?<br \/>\nbenli\u011finden, isteklerinden, arzular\u0131ndan kopuyorsun.<br \/>\nba\u015fka bir sen yarat\u0131yorlar, sen de \u201co\u201d oluyorsun.<br \/>\n\u00f6z\u00fcne in.<br \/>\nkendine ko\u015f.<br \/>\no zaman sen de d\u00fczelirsin, gitti\u011fin yol da.<\/p>\n<p>Kendine iyi bak\u2026<br \/>\n<\/span><\/div>\n<p><a class=\"readmore-js-toggle\" href=\"https:\/\/www.kitapyurdu.com\/kitap\/kendine-iyi-bak\/449064.html&amp;filter_name=kendine iyi bak#\">devam\u0131n\u0131 oku<\/a><\/div>\n<\/div>\n<div class=\"bottom-block\">\n<div class=\"pr_attributes\"><\/div>\n<\/div>","protected":false},"featured_media":19016,"template":"","meta":{"spay_email":""},"product_cat":[168],"product_tag":[],"item":[741],"acf":[],"_links":{"self":[{"href":"https:\/\/mgvpublications.com\/de\/wp-json\/wp\/v2\/product\/19015"}],"collection":[{"href":"https:\/\/mgvpublications.com\/de\/wp-json\/wp\/v2\/product"}],"about":[{"href":"https:\/\/mgvpublications.com\/de\/wp-json\/wp\/v2\/types\/product"}],"wp:featuredmedia":[{"embeddable":true,"href":"https:\/\/mgvpublications.com\/de\/wp-json\/wp\/v2\/media\/19016"}],"wp:attachment":[{"href":"https:\/\/mgvpublications.com\/de\/wp-json\/wp\/v2\/media?parent=19015"}],"wp:term":[{"taxonomy":"product_cat","embeddable":true,"href":"https:\/\/mgvpublications.com\/de\/wp-json\/wp\/v2\/product_cat?post=19015"},{"taxonomy":"product_tag","embeddable":true,"href":"https:\/\/mgvpublications.com\/de\/wp-json\/wp\/v2\/product_tag?post=19015"},{"taxonomy":"item","embeddable":true,"href":"https:\/\/mgvpublications.com\/de\/wp-json\/wp\/v2\/item?post=19015"}],"curies":[{"name":"wp","href":"https:\/\/api.w.org\/{rel}","templated":true}]}}