{"id":19013,"date":"2021-05-05T11:50:50","date_gmt":"2021-05-05T09:50:50","guid":{"rendered":"https:\/\/mgvpublications.com\/?post_type=product&#038;p=19013"},"modified":"2022-03-08T22:52:47","modified_gmt":"2022-03-08T21:52:47","slug":"arayis","status":"publish","type":"product","link":"https:\/\/mgvpublications.com\/de\/arayis\/","title":{"rendered":"Aray\u0131\u015f"},"content":{"rendered":"<table>\n<tbody>\n<tr>\n<td>Yay\u0131n Tarihi:<\/td>\n<td>07.02.2017<\/td>\n<\/tr>\n<tr>\n<td>ISBN:<\/td>\n<td>9789751037435<\/td>\n<\/tr>\n<tr>\n<td>Dil:<\/td>\n<td>T\u00dcRK\u00c7E<\/td>\n<\/tr>\n<tr>\n<td>Sayfa Say\u0131s\u0131:<\/td>\n<td>216<\/td>\n<\/tr>\n<tr>\n<td>Cilt Tipi:<\/td>\n<td>Karton Kapak<\/td>\n<\/tr>\n<tr>\n<td>Ka\u011f\u0131t Cinsi:<\/td>\n<td>Kitap Ka\u011f\u0131d\u0131<\/td>\n<\/tr>\n<tr>\n<td>Boyut:<\/td>\n<td>13.5 x 19.5 cm<\/td>\n<\/tr>\n<\/tbody>\n<\/table>","protected":false},"excerpt":{"rendered":"<div class=\"top-block\">\n<div class=\"pr_description\">\n<div id=\"description_text\" class=\"readmore-js-section readmore-js-collapsed\"><span class=\"info__text\">Bu hayata bir kere geliyoruz ve gelmemizin amac\u0131 bir aray\u0131\u015ft\u0131r bana g\u00f6re. Bak etraf\u0131na. Huzur aray\u0131\u015f\u0131nda biri, di\u011feri para aray\u0131\u015f\u0131nda, ba\u015fka biri a\u015fk, \u00f6tekisi sa\u011fl\u0131k&#8230;<br \/>\nBen bu aray\u0131\u015f\u0131ma \u00e7ocukken ba\u015flad\u0131m. \u0130lk \u00f6nce d\u0131\u015far\u0131da arad\u0131m, sonra d\u00f6nd\u00fcm i\u00e7ime, kalbimde arad\u0131m. Yolculuk yapt\u0131m insanlar\u0131n hayatlar\u0131nda. Ko\u015ftum hayattan hayata.<\/p>\n<p>Ama en \u00f6nemlisi, i\u00e7ine d\u00f6nmekmi\u015f.<br \/>\nEn son da i\u00e7ime yapt\u0131\u011f\u0131m yolculukla birle\u015ftirdim t\u00fcm par\u00e7alar\u0131&#8230; Ve arad\u0131\u011f\u0131m\u0131 buldum sonunda&#8230;<\/p>\n<p>Sonra istedim ki, bu aray\u0131\u015f\u0131m bir kitap olsun ve ula\u015fs\u0131n binlerce kalbe&#8230;<\/p>\n<p><strong><em>Hayat yolculu\u011funda kalbine misafir olmay\u0131 \u00e7ok isterim&#8230;<\/em><\/strong><\/p>\n<p><\/span><\/div>\n<p><a class=\"readmore-js-toggle\" href=\"https:\/\/www.kitapyurdu.com\/kitap\/arayis\/415178.html&amp;filter_name=Arda Erel#\">devam\u0131n\u0131 oku<\/a><\/div>\n<\/div>\n<div class=\"bottom-block\">\n<div class=\"pr_attributes\"><\/div>\n<\/div>","protected":false},"featured_media":19014,"template":"","meta":{"spay_email":""},"product_cat":[168],"product_tag":[],"item":[741],"acf":[],"_links":{"self":[{"href":"https:\/\/mgvpublications.com\/de\/wp-json\/wp\/v2\/product\/19013"}],"collection":[{"href":"https:\/\/mgvpublications.com\/de\/wp-json\/wp\/v2\/product"}],"about":[{"href":"https:\/\/mgvpublications.com\/de\/wp-json\/wp\/v2\/types\/product"}],"wp:featuredmedia":[{"embeddable":true,"href":"https:\/\/mgvpublications.com\/de\/wp-json\/wp\/v2\/media\/19014"}],"wp:attachment":[{"href":"https:\/\/mgvpublications.com\/de\/wp-json\/wp\/v2\/media?parent=19013"}],"wp:term":[{"taxonomy":"product_cat","embeddable":true,"href":"https:\/\/mgvpublications.com\/de\/wp-json\/wp\/v2\/product_cat?post=19013"},{"taxonomy":"product_tag","embeddable":true,"href":"https:\/\/mgvpublications.com\/de\/wp-json\/wp\/v2\/product_tag?post=19013"},{"taxonomy":"item","embeddable":true,"href":"https:\/\/mgvpublications.com\/de\/wp-json\/wp\/v2\/item?post=19013"}],"curies":[{"name":"wp","href":"https:\/\/api.w.org\/{rel}","templated":true}]}}