{"id":19007,"date":"2021-05-05T11:30:00","date_gmt":"2021-05-05T09:30:00","guid":{"rendered":"https:\/\/mgvpublications.com\/?post_type=product&#038;p=19007"},"modified":"2022-03-08T22:52:47","modified_gmt":"2022-03-08T21:52:47","slug":"sahitlerim","status":"publish","type":"product","link":"https:\/\/mgvpublications.com\/de\/sahitlerim\/","title":{"rendered":"\u015eahitlerim"},"content":{"rendered":"<p>\u00c7evirmen: Cemal Ayd\u0131n<br \/>Yay\u0131n Tarihi: 13.05.2020<br \/>ISBN: 9786050833430<br \/>Dil: T\u00dcRK\u00c7E<br \/>Sayfa Say\u0131s\u0131: 224<br \/>Cilt Tipi: Karton Kapak<br \/>Ka\u011f\u0131t Cinsi: Kitap Ka\u011f\u0131d\u0131<br \/>Boyut: 13.5 x 21 cm<\/p>","protected":false},"excerpt":{"rendered":"<p>20. y\u00fczy\u0131l\u0131n olu\u015fmas\u0131na siyasi, din\u00ee ve estetik planda katk\u0131da bulunmu\u015f b\u00fcy\u00fck entellekt\u00fceller taraf\u0131ndan Garaudy&#8217;ye g\u00f6nderilmi\u015f olan bu mektuplar, \u00e7a\u011f\u0131m\u0131z\u0131 anlama a\u00e7\u0131s\u0131ndan son derece k\u0131ymetli belgelerdir. Tarih\u00ee belge niteli\u011findeki bu eserde Romain Rolland, diyalog ve iman; Sartre, Marksizm-varolu\u015f\u00e7uluk ili\u015fkileri; Levy-Strauss, Marksizm ve yap\u0131salc\u0131l\u0131k konular\u0131ndaki d\u00fc\u015f\u00fcnceleriyle \u00e7a\u011f\u0131m\u0131z\u0131 \u201ci\u00e7eriden\u201d tahlil ediyorlar. Daha pek \u00e7ok \u00fcnl\u00fcn\u00fcn \u00e7e\u015fitli konulardaki de\u011ferlendirmelerinin yer ald\u0131\u011f\u0131 bu kitapta Garaudy&#8217;nin fikir \u00e7izgisinde ve umut projesinde hi\u00e7bir sapma olmad\u0131\u011f\u0131 da g\u00f6zler \u00f6n\u00fcne seriliyor.<\/p>","protected":false},"featured_media":21416,"template":"","meta":{"spay_email":""},"product_cat":[168],"product_tag":[],"item":[360],"acf":[],"_links":{"self":[{"href":"https:\/\/mgvpublications.com\/de\/wp-json\/wp\/v2\/product\/19007"}],"collection":[{"href":"https:\/\/mgvpublications.com\/de\/wp-json\/wp\/v2\/product"}],"about":[{"href":"https:\/\/mgvpublications.com\/de\/wp-json\/wp\/v2\/types\/product"}],"wp:featuredmedia":[{"embeddable":true,"href":"https:\/\/mgvpublications.com\/de\/wp-json\/wp\/v2\/media\/21416"}],"wp:attachment":[{"href":"https:\/\/mgvpublications.com\/de\/wp-json\/wp\/v2\/media?parent=19007"}],"wp:term":[{"taxonomy":"product_cat","embeddable":true,"href":"https:\/\/mgvpublications.com\/de\/wp-json\/wp\/v2\/product_cat?post=19007"},{"taxonomy":"product_tag","embeddable":true,"href":"https:\/\/mgvpublications.com\/de\/wp-json\/wp\/v2\/product_tag?post=19007"},{"taxonomy":"item","embeddable":true,"href":"https:\/\/mgvpublications.com\/de\/wp-json\/wp\/v2\/item?post=19007"}],"curies":[{"name":"wp","href":"https:\/\/api.w.org\/{rel}","templated":true}]}}