{"id":19005,"date":"2021-05-05T11:27:13","date_gmt":"2021-05-05T09:27:13","guid":{"rendered":"https:\/\/mgvpublications.com\/?post_type=product&#038;p=19005"},"modified":"2022-11-29T21:19:50","modified_gmt":"2022-11-29T20:19:50","slug":"aile-ahlaki-muhtesem-ahlak-serisi-2","status":"publish","type":"product","link":"https:\/\/mgvpublications.com\/de\/aile-ahlaki-muhtesem-ahlak-serisi-2\/","title":{"rendered":"Aile Ahlak\u0131 \/ Muhte\u015fem Ahlak Serisi 2"},"content":{"rendered":"<p>Yay\u0131n Tarihi: 01.10.2019<br \/>\nISBN: 9786057689153<br \/>\nDil: T\u00dcRK\u00c7E<br \/>\nSayfa Say\u0131s\u0131: 208<br \/>\nCilt Tipi: Karton Kapak<br \/>\nKa\u011f\u0131t Cinsi: Kitap Ka\u011f\u0131d\u0131<br \/>\nBoyut: 11.5 x 19 cm<\/p>","protected":false},"excerpt":{"rendered":"<p>Aile; toplumun temel ta\u015f\u0131, hayat\u0131n dengesi, ayakta kalabilmenin en \u00f6nemli vesilesi, a\u011f\u0131r bir y\u00fck olan kulluk vazifesinin payla\u015f\u0131lmas\u0131, nesillerin devamiyetinin sebebi, huzurun temini, gelen her t\u00fcrl\u00fc sald\u0131r\u0131lara kar\u015f\u0131 giyilen bir z\u0131rh, inanan insanlar\u0131n y\u00fcre\u011findeki en b\u00fcy\u00fck hasret olan cennetin d\u00fcnyadaki bir yans\u0131mas\u0131&#8230; \u00dcz\u00fclerek \u015fahit oldu\u011fumuz bir hakikat var ki evlilik ve arkas\u0131ndan kurulan en \u00f6nemli kurum olan aile, her ge\u00e7en g\u00fcn biraz daha itibars\u0131zla\u015ft\u0131r\u0131lmaktad\u0131r. Ya evlilik hayat\u0131n \u00e7ok sonralar\u0131na itilen bir hale d\u00f6n\u00fc\u015fmekte ya da evlilik ger\u00e7ekle\u015fip aile kurulmu\u015fsa da bu b\u00fcy\u00fck nimetin \u015f\u00fckr\u00fc, gere\u011fi oran\u0131nda eda edilememekte, \u00e7ok basit ve de\u011fersiz \u015feylere feda edilmektedir. Bu \u00e7al\u0131\u015fmam\u0131zda aile ahl\u00e2k\u0131 ile alakal\u0131 konular\u0131 bir araya getirerek bu m\u00fchim yaram\u0131za biraz olsun merhem olmas\u0131 i\u00e7in bir gayret sergiledik. Aileyi olu\u015fturan t\u00fcm taraflar\u0131 Kur&#8217;\u00e2n ve s\u00fcnnet rehberli\u011finde yans\u0131tmaya \u00e7al\u0131\u015ft\u0131k. Umuyoruz ki bu \u00e7al\u0131\u015fmam\u0131z, toplumun temel ta\u015f\u0131 olan ailenin hem kurulmas\u0131na hem de korunmas\u0131na k\u00fc\u00e7\u00fck de olsa bir katk\u0131 sa\u011flamas\u0131d\u0131r.<\/p>","protected":false},"featured_media":22473,"template":"","meta":{"spay_email":""},"product_cat":[174],"product_tag":[],"item":[426],"acf":[],"_links":{"self":[{"href":"https:\/\/mgvpublications.com\/de\/wp-json\/wp\/v2\/product\/19005"}],"collection":[{"href":"https:\/\/mgvpublications.com\/de\/wp-json\/wp\/v2\/product"}],"about":[{"href":"https:\/\/mgvpublications.com\/de\/wp-json\/wp\/v2\/types\/product"}],"wp:featuredmedia":[{"embeddable":true,"href":"https:\/\/mgvpublications.com\/de\/wp-json\/wp\/v2\/media\/22473"}],"wp:attachment":[{"href":"https:\/\/mgvpublications.com\/de\/wp-json\/wp\/v2\/media?parent=19005"}],"wp:term":[{"taxonomy":"product_cat","embeddable":true,"href":"https:\/\/mgvpublications.com\/de\/wp-json\/wp\/v2\/product_cat?post=19005"},{"taxonomy":"product_tag","embeddable":true,"href":"https:\/\/mgvpublications.com\/de\/wp-json\/wp\/v2\/product_tag?post=19005"},{"taxonomy":"item","embeddable":true,"href":"https:\/\/mgvpublications.com\/de\/wp-json\/wp\/v2\/item?post=19005"}],"curies":[{"name":"wp","href":"https:\/\/api.w.org\/{rel}","templated":true}]}}