{"id":19003,"date":"2021-05-05T11:24:55","date_gmt":"2021-05-05T09:24:55","guid":{"rendered":"https:\/\/mgvpublications.com\/?post_type=product&#038;p=19003"},"modified":"2022-03-08T22:52:47","modified_gmt":"2022-03-08T21:52:47","slug":"dindar-bir-doktor-hanim","status":"publish","type":"product","link":"https:\/\/mgvpublications.com\/de\/dindar-bir-doktor-hanim\/","title":{"rendered":"Dindar Bir Doktor Han\u0131m"},"content":{"rendered":"<table>\n<tbody>\n<tr>\n<td>Yay\u0131n Tarihi:<\/td>\n<td>21.06.2019<\/td>\n<\/tr>\n<tr>\n<td>ISBN:<\/td>\n<td>9786051143682<\/td>\n<\/tr>\n<tr>\n<td>Dil:<\/td>\n<td>T\u00dcRK\u00c7E<\/td>\n<\/tr>\n<tr>\n<td>Sayfa Say\u0131s\u0131:<\/td>\n<td>296<\/td>\n<\/tr>\n<tr>\n<td>Cilt Tipi:<\/td>\n<td>Karton Kapak<\/td>\n<\/tr>\n<tr>\n<td>Ka\u011f\u0131t Cinsi:<\/td>\n<td>Kitap Ka\u011f\u0131d\u0131<\/td>\n<\/tr>\n<tr>\n<td>Boyut:<\/td>\n<td>13.5 x 21 cm<\/td>\n<\/tr>\n<\/tbody>\n<\/table>","protected":false},"excerpt":{"rendered":"<div class=\"top-block\">\n<div class=\"pr_description\">\n<div id=\"description_text\" class=\"readmore-js-section readmore-js-collapsed\"><span class=\"info__text\">&#8220;\u00d6mr\u00fc boyunca &#8216;kad\u0131n ba\u015f\u0131ma ne yapabilirim ki&#8217; d\u00fc\u015f\u00fcncesini akl\u0131na bile getirmeyen H\u00fcmeyra Han\u0131m, kar\u015f\u0131la\u015ft\u0131\u011f\u0131 b\u00fct\u00fcn zorluklarla, s\u0131k\u0131nt\u0131larla iman, sab\u0131r ve tevekk\u00fcl\u00fcn verdi\u011fi g\u00fc\u00e7le m\u00fccadele etmi\u015ftir. Hizmet hayat\u0131 yo\u011funla\u015ft\u0131k\u00e7a her gen\u00e7 k\u0131za mahsus evlilik hayalleri de uzakla\u015fm\u0131\u015f, kendi ifadesiyle: &#8216; Hereve bir anne laz\u0131m, annelik \u00e7ok y\u00fcksek bir mevki ama yedi mahalleye de bir doktor gerek. O da ben olay\u0131m, annelere bakay\u0131m&#8217; diye d\u00fc\u015f\u00fcnm\u00fc\u015ft\u00fcr. O zaten tan\u0131yan herkesin H\u00fcmeyra Annesidir&#8230;&#8221; Sibel Eraslan<\/p>\n<p>Bu kitap, Cumhuriyet&#8217;in ilk d\u00f6neminde t\u0131p e\u011fitimi al\u0131p doktor olan Ay\u015fe H\u00fcmeyra \u00d6kten&#8217;in g\u00fcn\u00fcm\u00fcz gen\u00e7lerine \u00f6rnek niteli\u011findeki hayat hikayesidir. Doktor Ay\u015fe H\u00fcmeyra \u00d6kten, 85 y\u0131ll\u0131k ya\u015fam\u0131n\u0131n yar\u0131m asr\u0131n\u0131 hastalar\u0131na adar ve tek ba\u015f\u0131na bir vak\u0131f gibi hizmet verir. 1959&#8217;dan beri \u0130slam d\u00fcnyas\u0131n\u0131n da \u00e7ok yak\u0131ndan tan\u0131d\u0131\u011f\u0131 Ay\u015fe H\u00fcmeyra Han\u0131m bir\u00e7ok alim ve devlet adam\u0131n\u0131n da doktorlu\u011funu yaparak herkesin sevgisini kazan\u0131r. 1953&#8217;te K\u0131z\u0131lay&#8217;\u0131n teklifiyle Medine&#8217;ye g\u00f6revli ilk kad\u0131n doktor olarak gider. Bu gidi\u015f onun i\u00e7in bir d\u00f6n\u00fcm noktas\u0131 olur ve bir daha o kutsal topraklardan ba\u011f\u0131n\u0131 koparamaz. Art\u0131k evi de Mekke ve Medine olur.<\/p>\n<p>T\u00fcrkiye&#8217;de gelece\u011fin ba\u015fbakanlar\u0131n\u0131n yeti\u015fece\u011fi \u0130mam Hatip Liseleri&#8217;nin kurulmas\u0131 i\u00e7in insan\u00fcst\u00fc gayretler g\u00f6steren Mahmud Celaleddin \u00d6kten&#8217;in k\u0131z\u0131 olan Ay\u015fe H\u00fcmeyra \u00d6kten, kendisiyle yap\u0131lan bu s\u00f6yle\u015fide, babas\u0131n\u0131 ve \u00e7evresini \u00f6zel olarak anlat\u0131yor, Mehmed Zahid Kotku, Babanzade Ahmed Naim, yahir\u00fc&#8217;l-Mevlevi, Mehmed Ali Ayni, Mahir \u0130z, Nurettin Top\u00e7u, Orhan Okay, \u0130smail Fenni Ertu\u011frul, Mustafa \u015eekip Tun\u00e7, K\u00fc\u00e7\u00fck H\u00fcseyin Efendi ve Mehmed Akif Ersoy gibi bir d\u00f6neme damgas\u0131n\u0131 vurmu\u015f ilim adamlar\u0131n\u0131n hayat\u0131na dair \u015fimdiye kadar hi\u00e7 bilinmeyen bir\u00e7ok anekdot aktar\u0131yor.<br \/>\n<\/span><\/div>\n<p><a class=\"readmore-js-toggle\" href=\"https:\/\/www.kitapyurdu.com\/kitap\/dindar-bir-doktor-hanim\/248522.html&amp;filter_name=dindar bir doktor hanim#\">devam\u0131n\u0131 oku<\/a><\/div>\n<\/div>\n<div class=\"bottom-block\">\n<div class=\"pr_attributes\"><\/div>\n<\/div>","protected":false},"featured_media":19004,"template":"","meta":{"spay_email":""},"product_cat":[168],"product_tag":[],"item":[360],"acf":[],"_links":{"self":[{"href":"https:\/\/mgvpublications.com\/de\/wp-json\/wp\/v2\/product\/19003"}],"collection":[{"href":"https:\/\/mgvpublications.com\/de\/wp-json\/wp\/v2\/product"}],"about":[{"href":"https:\/\/mgvpublications.com\/de\/wp-json\/wp\/v2\/types\/product"}],"wp:featuredmedia":[{"embeddable":true,"href":"https:\/\/mgvpublications.com\/de\/wp-json\/wp\/v2\/media\/19004"}],"wp:attachment":[{"href":"https:\/\/mgvpublications.com\/de\/wp-json\/wp\/v2\/media?parent=19003"}],"wp:term":[{"taxonomy":"product_cat","embeddable":true,"href":"https:\/\/mgvpublications.com\/de\/wp-json\/wp\/v2\/product_cat?post=19003"},{"taxonomy":"product_tag","embeddable":true,"href":"https:\/\/mgvpublications.com\/de\/wp-json\/wp\/v2\/product_tag?post=19003"},{"taxonomy":"item","embeddable":true,"href":"https:\/\/mgvpublications.com\/de\/wp-json\/wp\/v2\/item?post=19003"}],"curies":[{"name":"wp","href":"https:\/\/api.w.org\/{rel}","templated":true}]}}