{"id":18995,"date":"2021-05-05T11:11:59","date_gmt":"2021-05-05T09:11:59","guid":{"rendered":"https:\/\/mgvpublications.com\/?post_type=product&#038;p=18995"},"modified":"2026-02-03T20:43:17","modified_gmt":"2026-02-03T19:43:17","slug":"muhtasar-ihya-u-ulumiddin","status":"publish","type":"product","link":"https:\/\/mgvpublications.com\/de\/muhtasar-ihya-u-ulumiddin\/","title":{"rendered":"Muhtasar \u0130hya-u Ulumiddin"},"content":{"rendered":"<table>\n<tbody>\n<tr>\n<td>Yay\u0131n Tarihi:<\/td>\n<td>01.12.2018<\/td>\n<\/tr>\n<tr>\n<td>ISBN:<\/td>\n<td>9786056531996<\/td>\n<\/tr>\n<tr>\n<td>Dil:<\/td>\n<td>ARAP\u00c7A,T\u00dcRK\u00c7E<\/td>\n<\/tr>\n<tr>\n<td>Sayfa Say\u0131s\u0131:<\/td>\n<td>595<\/td>\n<\/tr>\n<tr>\n<td>Cilt Tipi:<\/td>\n<td>Ciltli<\/td>\n<\/tr>\n<tr>\n<td>Ka\u011f\u0131t Cinsi:<\/td>\n<td>Kitap Ka\u011f\u0131d\u0131<\/td>\n<\/tr>\n<tr>\n<td>Boyut:<\/td>\n<td>16 x 24.5 cm<\/td>\n<\/tr>\n<\/tbody>\n<\/table>","protected":false},"excerpt":{"rendered":"<div class=\"top-block\">\n<div class=\"pr_description\">\n<div id=\"description_text\" class=\"readmore-js-section readmore-js-collapsed\"><span class=\"info__text\">&#8220;\u2026\u015eu da a\u00e7\u0131kt\u0131r ki genele \u00f6\u011f\u00fct veren ki\u015fi zek\u00e2s\u0131n\u0131n geni\u015fli\u011fine ve kuvvetli kabiliyetine ra\u011fmen hat\u0131rlatt\u0131\u011f\u0131 konular\u0131 belirlerken zorluk \u00e7ekmektedir. E\u011fer hedefi \u00f6n\u00fcnde belirgin olursa haf\u0131zas\u0131 da o oranda tedarikli ve sa\u011flam olur.<\/p>\n<p>Peki, bu sa\u011flam ve tedarikli mevzular\u0131 ihtiva eden eser nerededir?<br \/>\nBen genele \u00f6\u011f\u00fct olmas\u0131 i\u00e7in te\u2019lif edilen hi\u00e7bir eserde b\u00fct\u00fcn \u015fartlara haiz ve meseleyi hakk\u0131yla ele alan, manalar\u0131 anla\u015f\u0131l\u0131r, ibareleri ve ehemmiyetli noktalar\u0131 idrak edilebilen ve genelin ihtiya\u00e7lar\u0131na kifayet edip, eksiksiz olarak malumatlar\u0131 cem etmi\u015f bir eser g\u00f6remedim. O ki meselelerin teferruat\u0131na girmemi\u015f, talep eden i\u00e7in i\u00e7indekileri elde etmesi kolay, \u00f6\u011f\u00fct verenin yard\u0131mc\u0131s\u0131 ve basiret nazar\u0131yla bakan\u0131 hidayet edecek bir kitapken ben onu bulamad\u0131m. Ve ben ba\u015far\u0131n\u0131n o ho\u015f esintilerini umarak dikkatle beklerken, uzun y\u0131llar s\u00fcren tedris \u00e7al\u0131\u015fmalar\u0131 esnas\u0131nda g\u00f6rd\u00fc\u011f\u00fcm o nefis kitaplar i\u00e7erisinde m\u00fcminlere yap\u0131lacak \u00f6\u011f\u00fctler a\u00e7\u0131s\u0131ndan en faydal\u0131 olan mevzular\u0131n &#8220;\u0130hy\u00e2u Ul\u00fbmi\u2019d D\u00een\u201dde oldu\u011funu tespit ettim. Bu kitap Allame, \u0130mam, H\u00fcccetulislam Ebu H\u00e2mid Muhammed b. Muhammed el-Gaz\u00e2li et-T\u00fbs\u00ee\u2019nin eseridir, Allah ona rahmet eylesin ve ondan raz\u0131 olsun.\u201d<br \/>\nAll\u00e2me Cemaleddin el-K\u00e2sim\u00ee<br \/>\nTerc\u00fcmeye esas al\u0131nan n\u00fcsha, D\u00e2ru\u2019n Nef\u00e2is yay\u0131nlar\u0131n\u0131n 1981\u2019de yay\u0131nlad\u0131\u011f\u0131 birinci bask\u0131s\u0131d\u0131r. Eseri, Allame Cemaleddin el-K\u00e2simi\u2019nin o\u011flu \u015eeyh Z\u00e2fir el-K\u00e2simi\u2019nin ricas\u0131 \u00fczerine, \u015eeyh \u00c2s\u0131m et-Tayyar tahkik etmi\u015ftir. , \u015eeyh \u00c2s\u0131m et-Tayyar bu \u00e7al\u0131\u015fmas\u0131n\u0131 Cemaleddin el-Kasimi\u2019nin vefak\u00e2r talebelerinden olan babas\u0131n\u0131n ruhuna ithaf etmektedir.<br \/>\nDipnotlarda verilen kaynaklar, \u00c2s\u0131m et-Tayy\u00e2r\u2019\u0131n tahkikinden nakledilmi\u015ftir. Muhakkik zay\u0131fl\u0131\u011f\u0131na i\u015faret etti\u011fi rivayetleri, Haf\u0131z el-\u0130r\u00e2k\u00ee\u2019nin \u0130hya \u00fczerine yapt\u0131\u011f\u0131 &#8220;el-Mu\u011fn\u00ee an Hamli\u2019l Esf\u00e2ri fi\u2019l Esf\u00e2r\u201d isimli \u00e7al\u0131\u015fmas\u0131ndan nakletmi\u015ftir.<br \/>\nNot: \u0130mam el-K\u00e2sim\u00ee eserin as\u0131l metnine, iki ayr\u0131 yerde iki \u00e2limin s\u00f6z\u00fcyle eklemede bulunmu\u015ftur. Baz\u0131 yerlerde de kendi ifadelerini ilave etmi\u015ftir ki, yeri geldik\u00e7e dipnotlarda bunlara i\u015faret edilecektir. Ayr\u0131ca, onun ha\u015fiye olarak kaydetti\u011fi ifadeleri, dipnotta &#8220;Cemaleddin el-Kasimi der ki\u201d \u015feklinde nakledilecektir.<br \/>\n<\/span><\/div>\n<p><a class=\"readmore-js-toggle\" href=\"https:\/\/www.kitapyurdu.com\/kitap\/muhtasar-ihyau-ulumiddin\/522192.html&amp;filter_name=ihya u ulumiddin#\">devam\u0131n\u0131 oku<\/a><\/div>\n<\/div>\n<div class=\"bottom-block\">\n<div class=\"pr_attributes\"><\/div>\n<\/div>","protected":false},"featured_media":18996,"template":"","meta":{"spay_email":""},"product_cat":[174],"product_tag":[],"item":[1642],"acf":[],"_links":{"self":[{"href":"https:\/\/mgvpublications.com\/de\/wp-json\/wp\/v2\/product\/18995"}],"collection":[{"href":"https:\/\/mgvpublications.com\/de\/wp-json\/wp\/v2\/product"}],"about":[{"href":"https:\/\/mgvpublications.com\/de\/wp-json\/wp\/v2\/types\/product"}],"wp:featuredmedia":[{"embeddable":true,"href":"https:\/\/mgvpublications.com\/de\/wp-json\/wp\/v2\/media\/18996"}],"wp:attachment":[{"href":"https:\/\/mgvpublications.com\/de\/wp-json\/wp\/v2\/media?parent=18995"}],"wp:term":[{"taxonomy":"product_cat","embeddable":true,"href":"https:\/\/mgvpublications.com\/de\/wp-json\/wp\/v2\/product_cat?post=18995"},{"taxonomy":"product_tag","embeddable":true,"href":"https:\/\/mgvpublications.com\/de\/wp-json\/wp\/v2\/product_tag?post=18995"},{"taxonomy":"item","embeddable":true,"href":"https:\/\/mgvpublications.com\/de\/wp-json\/wp\/v2\/item?post=18995"}],"curies":[{"name":"wp","href":"https:\/\/api.w.org\/{rel}","templated":true}]}}