{"id":18846,"date":"2021-05-04T23:05:04","date_gmt":"2021-05-04T21:05:04","guid":{"rendered":"https:\/\/mgvpublications.com\/produkt\/iletisim-donanimlari\/"},"modified":"2022-03-08T22:52:44","modified_gmt":"2022-03-08T21:52:44","slug":"iletisim-donanimlari","status":"publish","type":"product","link":"https:\/\/mgvpublications.com\/de\/iletisim-donanimlari\/","title":{"rendered":"\u0130leti\u015fim Donan\u0131mlar\u0131"},"content":{"rendered":"<p>Yay\u0131n Tarihi: 18.10.2019<br \/>ISBN: 9789751408860<br \/>Dil: T\u00dcRK\u00c7E<br \/>Sayfa Say\u0131s\u0131: 200<br \/>Cilt Tipi: Karton Kapak<br \/>Ka\u011f\u0131t Cinsi: Kitap Ka\u011f\u0131d\u0131<br \/>Boyut: 13.5 x 19.5 cm<\/p>","protected":false},"excerpt":{"rendered":"<p>Kitab\u0131n ilk bas\u0131m\u0131 &#8220;Ke\u015fkesiz Bir Ya\u015fam \u0130\u00e7in \u0130leti\u015fim&#8221; ismiyle yay\u0131mlanm\u0131\u015ft\u0131r. &#8220;Ke\u015fke \u00e7ocu\u011fumla daha \u00e7ok zaman ge\u00e7irseydim!&#8221; &#8220;Ke\u015fke vicdan\u0131m\u0131n sesini dinleseydim!&#8221; &#8220;Dilim tutulsayd\u0131 da ke\u015fke s\u00f6ylemeseydim!&#8221; Ne kadar s\u0131k duyar\u0131z &#8216;ke\u015fke&#8217; s\u00f6zc\u00fc\u011f\u00fcn\u00fc. &#8220;\u015eimdi bildi\u011fimi ke\u015fke gen\u00e7li\u011fimde bilseydim!&#8221; diyen ki\u015fi, verdi\u011fi yanl\u0131\u015f kararlardan duydu\u011fu pi\u015fmanl\u0131\u011f\u0131 dile getirir. Haks\u0131z m\u0131? Bize verilen \u015fu \u00f6m\u00fcrden ba\u015fka neyimiz var? &#8216;Ke\u015fke&#8217;siz bir ya\u015fam i\u00e7in kim oldu\u011funu ve ne istedi\u011fini bilmek yetmez; varolu\u015funu ya\u015famay\u0131 ve payla\u015fmay\u0131 da bilmek gerekir. Bir d\u00fc\u015f\u00fcn\u00fcn: Pi\u015fmanl\u0131klar\u0131n\u0131z\u0131n \u00e7o\u011funun insan ili\u015fkilerinden kaynakland\u0131\u011f\u0131n\u0131 g\u00f6r\u00fcrs\u00fcn\u00fcz. Bu kitap, ailede, i\u015fyerinde ve toplumda sa\u011fl\u0131kl\u0131 insan ili\u015fkilerine \u00f6nem veren, &#8216;ke\u015fke&#8217;siz bir ya\u015fam isteyen insanlar i\u00e7in yaz\u0131ld\u0131; ya\u015fam\u0131n\u0131z\u0131n sonunda, &#8220;Ke\u015fke kendi hayat\u0131m\u0131 ya\u015fayabilseydim!&#8221; dememeniz i\u00e7in!<\/p>","protected":false},"featured_media":18845,"template":"","meta":{"spay_email":""},"product_cat":[216],"product_tag":[],"item":[437],"acf":[],"_links":{"self":[{"href":"https:\/\/mgvpublications.com\/de\/wp-json\/wp\/v2\/product\/18846"}],"collection":[{"href":"https:\/\/mgvpublications.com\/de\/wp-json\/wp\/v2\/product"}],"about":[{"href":"https:\/\/mgvpublications.com\/de\/wp-json\/wp\/v2\/types\/product"}],"wp:featuredmedia":[{"embeddable":true,"href":"https:\/\/mgvpublications.com\/de\/wp-json\/wp\/v2\/media\/18845"}],"wp:attachment":[{"href":"https:\/\/mgvpublications.com\/de\/wp-json\/wp\/v2\/media?parent=18846"}],"wp:term":[{"taxonomy":"product_cat","embeddable":true,"href":"https:\/\/mgvpublications.com\/de\/wp-json\/wp\/v2\/product_cat?post=18846"},{"taxonomy":"product_tag","embeddable":true,"href":"https:\/\/mgvpublications.com\/de\/wp-json\/wp\/v2\/product_tag?post=18846"},{"taxonomy":"item","embeddable":true,"href":"https:\/\/mgvpublications.com\/de\/wp-json\/wp\/v2\/item?post=18846"}],"curies":[{"name":"wp","href":"https:\/\/api.w.org\/{rel}","templated":true}]}}