{"id":18844,"date":"2021-05-04T23:05:03","date_gmt":"2021-05-04T21:05:03","guid":{"rendered":"https:\/\/mgvpublications.com\/produkt\/gelistiren-anne-baba\/"},"modified":"2022-03-08T22:52:44","modified_gmt":"2022-03-08T21:52:44","slug":"gelistiren-anne-baba","status":"publish","type":"product","link":"https:\/\/mgvpublications.com\/de\/gelistiren-anne-baba\/","title":{"rendered":"Geli\u015ftiren Anne-Baba"},"content":{"rendered":"<p>Yay\u0131n Tarihi: 15.10.2019<br \/>ISBN: 9789751417480<br \/>Dil: T\u00dcRK\u00c7E<br \/>Sayfa Say\u0131s\u0131: 192<br \/>Cilt Tipi: Karton Kapak<br \/>Ka\u011f\u0131t Cinsi: Kitap Ka\u011f\u0131d\u0131<br \/>Boyut: 13.4 x 19.8 cm<\/p>","protected":false},"excerpt":{"rendered":"<p>\u00c7ocu\u011funuz bir kez \u00e7ocukluk ya\u015fayacak; bu d\u00f6nemi onunla doya doya ya\u015fay\u0131n. Bir anne, bana yollad\u0131\u011f\u0131 mektupta \u015f\u00f6yle diyor: \u201c\u00c7ok yorgun ve sorumluluklar\u0131n alt\u0131nda ezilmi\u015f hissediyorum. Annem kendi d\u00f6nemlerinde b\u00f6yle bir y\u0131lg\u0131nl\u0131k hissetmediklerini, bu kadar sab\u0131rs\u0131z ve \u00f6fkeli olmad\u0131klar\u0131n\u0131, bizi seyrederken bile yoruldu\u011funu s\u00f6yl\u00fcyor.\u201d Bir ba\u015fkas\u0131 da \u015f\u00f6yle yazm\u0131\u015f: \u201cOtuz ya\u015f\u0131nda yakla\u015f\u0131k 4,5 ay sonra baba olacak bir baba aday\u0131y\u0131m. Bug\u00fcne kadar ge\u00e7en s\u00fcre i\u00e7inde baba olaca\u011f\u0131m d\u00fc\u015f\u00fcncesi \u00fczerinde \u00e7ok durmad\u0131\u011f\u0131m i\u00e7in bir\u00e7ok \u015feyin fark\u0131nda de\u011fildim. Ancak bug\u00fcn bu d\u00fc\u015f\u00fcnce \u00fczerinde ilk ad\u0131m\u0131m\u0131 att\u0131m ve daha ilk ad\u0131m\u0131mda b\u00fcy\u00fck bir eksik ile yola \u00e7\u0131kt\u0131\u011f\u0131m\u0131 fark ettim. Bu sanki kutuplara ke\u015ffe giden k\u00e2\u015fifin yan\u0131nda so\u011fuktan koruyucu k\u0131yafetlerini almamas\u0131 gibi bir hisse benziyor.\u201d Yeti\u015fen her yeni ku\u015fakla birlikte, onlar\u0131 yeti\u015ftiren anne ve babalardan da beklentiler art\u0131yor. Toplumun geli\u015fmesi i\u00e7in \u00f6ncelikle ailede demokratik bir yap\u0131 kurulmas\u0131 \u015fart. Bunun yolu da, anne ve babalar\u0131n ge\u00e7mi\u015ften gelen korku k\u00fclt\u00fcr\u00fc kal\u0131plar\u0131ndan kurtulmalar\u0131 ve onur e\u015fitli\u011fine inanan sa\u011fl\u0131kl\u0131 geli\u015fmi\u015f bireyler yeti\u015ftirmeleri&#8230; Geli\u015ftiren Anne-Baba olmak i\u00e7in kendinizi ve \u00e7ocu\u011funuzu tan\u0131man\u0131z, beklentilerinizi, niyetinizi ke\u015ffetmeniz; de\u011ferlerinizi ve aile ili\u015fkinizi sa\u011fl\u0131kl\u0131 tutman\u0131z \u00f6nemli. Bilen, anlayan, seven g\u00f6zlerle ya\u015fama bakmak kendi elinizde\u2026 G\u00fcler y\u00fczl\u00fc, sakin, g\u00fcvenen, hayata, ailesine \u015f\u00fck\u00fcr duygusu i\u00e7inde bakan bir anne, bir baba olmak \u00e7ocuklar\u0131n\u0131za verebilece\u011finiz en b\u00fcy\u00fck arma\u011fand\u0131r. \u00c7ocuklar b\u00f6yle bir arma\u011fan\u0131 hak ediyorlar. DO\u011eAN C\u00dcCELO\u011eLU<\/p>","protected":false},"featured_media":20291,"template":"","meta":{"spay_email":""},"product_cat":[171],"product_tag":[],"item":[437],"acf":[],"_links":{"self":[{"href":"https:\/\/mgvpublications.com\/de\/wp-json\/wp\/v2\/product\/18844"}],"collection":[{"href":"https:\/\/mgvpublications.com\/de\/wp-json\/wp\/v2\/product"}],"about":[{"href":"https:\/\/mgvpublications.com\/de\/wp-json\/wp\/v2\/types\/product"}],"wp:featuredmedia":[{"embeddable":true,"href":"https:\/\/mgvpublications.com\/de\/wp-json\/wp\/v2\/media\/20291"}],"wp:attachment":[{"href":"https:\/\/mgvpublications.com\/de\/wp-json\/wp\/v2\/media?parent=18844"}],"wp:term":[{"taxonomy":"product_cat","embeddable":true,"href":"https:\/\/mgvpublications.com\/de\/wp-json\/wp\/v2\/product_cat?post=18844"},{"taxonomy":"product_tag","embeddable":true,"href":"https:\/\/mgvpublications.com\/de\/wp-json\/wp\/v2\/product_tag?post=18844"},{"taxonomy":"item","embeddable":true,"href":"https:\/\/mgvpublications.com\/de\/wp-json\/wp\/v2\/item?post=18844"}],"curies":[{"name":"wp","href":"https:\/\/api.w.org\/{rel}","templated":true}]}}