{"id":18842,"date":"2021-05-04T23:05:02","date_gmt":"2021-05-04T21:05:02","guid":{"rendered":"https:\/\/mgvpublications.com\/produkt\/bir-gun-anneler-de-gider\/"},"modified":"2022-03-08T22:52:44","modified_gmt":"2022-03-08T21:52:44","slug":"bir-gun-anneler-de-gider","status":"publish","type":"product","link":"https:\/\/mgvpublications.com\/de\/bir-gun-anneler-de-gider\/","title":{"rendered":"Bir G\u00fcn Anneler de Gider"},"content":{"rendered":"<p>Yay\u0131n Tarihi: 08.03.2021<br \/>ISBN: 9786052691595<br \/>Dil: T\u00dcRK\u00c7E<br \/>Sayfa Say\u0131s\u0131: 192<br \/>Cilt Tipi: Karton Kapak<br \/>Ka\u011f\u0131t Cinsi: Kitap Ka\u011f\u0131d\u0131<br \/>Boyut: 13.5 x 19.5 cm<\/p>","protected":false},"excerpt":{"rendered":"<p>Sen yere g\u00f6\u011fe s\u0131\u011fd\u0131ramazs\u0131n, bir avu\u00e7 topra\u011fa s\u0131\u011fd\u0131r\u0131r ecel\u2026 Ellerinden son bir kez tutmak istersin, Toprak dolar avu\u00e7lar\u0131na. Can\u0131n gider, can\u0131n\u0131n canan\u0131 gider, can\u0131ndan gider\u2026 Ama sen gidemezsin; Kalakal\u0131rs\u0131n h\u00fczn\u00fcn mahzenlerinde, mahzun bir halde. Annenle birlikte kalbinin yar\u0131s\u0131n\u0131 da topra\u011fa koyars\u0131n. Hi\u00e7 a\u011flamad\u0131\u011f\u0131n gibi a\u011flars\u0131n, hi\u00e7 bakmad\u0131\u011f\u0131n gibi bakars\u0131n. Hi\u00e7 yanmad\u0131\u011f\u0131n gibi yanar, hi\u00e7 olmad\u0131\u011f\u0131n gibi kanars\u0131n. Dipsiz bir keder kuyusuna d\u00fc\u015ferken, Bir umut arars\u0131n, bir dayanak. Son anda tutunur ellerin bir ayete. Ve ayet f\u0131s\u0131ldar kula\u011f\u0131na&#8230; \u201cRabbin seni terk etmedi!\u201d (Duha Suresi,3)<\/p>","protected":false},"featured_media":18841,"template":"","meta":{"spay_email":""},"product_cat":[216],"product_tag":[],"item":[379],"acf":[],"_links":{"self":[{"href":"https:\/\/mgvpublications.com\/de\/wp-json\/wp\/v2\/product\/18842"}],"collection":[{"href":"https:\/\/mgvpublications.com\/de\/wp-json\/wp\/v2\/product"}],"about":[{"href":"https:\/\/mgvpublications.com\/de\/wp-json\/wp\/v2\/types\/product"}],"wp:featuredmedia":[{"embeddable":true,"href":"https:\/\/mgvpublications.com\/de\/wp-json\/wp\/v2\/media\/18841"}],"wp:attachment":[{"href":"https:\/\/mgvpublications.com\/de\/wp-json\/wp\/v2\/media?parent=18842"}],"wp:term":[{"taxonomy":"product_cat","embeddable":true,"href":"https:\/\/mgvpublications.com\/de\/wp-json\/wp\/v2\/product_cat?post=18842"},{"taxonomy":"product_tag","embeddable":true,"href":"https:\/\/mgvpublications.com\/de\/wp-json\/wp\/v2\/product_tag?post=18842"},{"taxonomy":"item","embeddable":true,"href":"https:\/\/mgvpublications.com\/de\/wp-json\/wp\/v2\/item?post=18842"}],"curies":[{"name":"wp","href":"https:\/\/api.w.org\/{rel}","templated":true}]}}