{"id":18840,"date":"2021-05-04T23:05:02","date_gmt":"2021-05-04T21:05:02","guid":{"rendered":"https:\/\/mgvpublications.com\/produkt\/insan-olmak\/"},"modified":"2022-03-08T22:52:44","modified_gmt":"2022-03-08T21:52:44","slug":"insan-olmak","status":"publish","type":"product","link":"https:\/\/mgvpublications.com\/de\/insan-olmak\/","title":{"rendered":"\u0130nsan Olmak"},"content":{"rendered":"<p>Yay\u0131n Tarihi: 21.05.2021<br \/>ISBN: 9789753423984<br \/>Dil: T\u00dcRK\u00c7E<br \/>Sayfa Say\u0131s\u0131: 192<br \/>Cilt Tipi: Karton Kapak<br \/>Ka\u011f\u0131t Cinsi: Kitap Ka\u011f\u0131d\u0131<br \/>Boyut: 13.5 x 19.5 cm<\/p>","protected":false},"excerpt":{"rendered":"<p>\u0130lk kez yay\u0131mland\u0131\u011f\u0131 1983&#8217;ten g\u00fcn\u00fcm\u00fcze defalarca bask\u0131 yapm\u0131\u015f ve okurla kurdu\u011fu yap\u0131c\u0131 ili\u015fkiyi kan\u0131tlam\u0131\u015f olan bu kitab\u0131nda Engin Ge\u00e7tan insan olman\u0131n ikilemini \u015f\u00f6yle anlat\u0131r: &#8220;\u00c7a\u011fda\u015f toplumlar kendine \u00f6zg\u00fc bir olguyu da birlikte getirmi\u015ftir. \u0130nsan eskisinden \u00e7ok daha fazla say\u0131da insanla, \u00e7ok daha k\u0131sa s\u00fcreli, daha y\u00fczeysel ili\u015fkiler kurma e\u011filimindedir. Bu, so\u011fuk bir g\u00fcnde kar\u015f\u0131la\u015fan bir grup kirpinin \u00f6yk\u00fcs\u00fcne benzer. Kirpiler \u0131s\u0131nabilmek i\u00e7in birbirlerine sokulurlar, ama dikenleri birbirine batar. Birbirlerinden ayr\u0131ld\u0131klar\u0131ndaysa so\u011fuktan rahats\u0131z olurlar. \u0130leri geri hareket ederes sonunda dikenlerini bat\u0131rmadan birbirlerini \u0131s\u0131tabilecekleri en uygun uzakl\u0131\u011f\u0131 bulurlar.&#8221;<\/p>","protected":false},"featured_media":20694,"template":"","meta":{"spay_email":""},"product_cat":[175],"product_tag":[],"item":[],"acf":[],"_links":{"self":[{"href":"https:\/\/mgvpublications.com\/de\/wp-json\/wp\/v2\/product\/18840"}],"collection":[{"href":"https:\/\/mgvpublications.com\/de\/wp-json\/wp\/v2\/product"}],"about":[{"href":"https:\/\/mgvpublications.com\/de\/wp-json\/wp\/v2\/types\/product"}],"wp:featuredmedia":[{"embeddable":true,"href":"https:\/\/mgvpublications.com\/de\/wp-json\/wp\/v2\/media\/20694"}],"wp:attachment":[{"href":"https:\/\/mgvpublications.com\/de\/wp-json\/wp\/v2\/media?parent=18840"}],"wp:term":[{"taxonomy":"product_cat","embeddable":true,"href":"https:\/\/mgvpublications.com\/de\/wp-json\/wp\/v2\/product_cat?post=18840"},{"taxonomy":"product_tag","embeddable":true,"href":"https:\/\/mgvpublications.com\/de\/wp-json\/wp\/v2\/product_tag?post=18840"},{"taxonomy":"item","embeddable":true,"href":"https:\/\/mgvpublications.com\/de\/wp-json\/wp\/v2\/item?post=18840"}],"curies":[{"name":"wp","href":"https:\/\/api.w.org\/{rel}","templated":true}]}}