{"id":18838,"date":"2021-05-04T23:04:59","date_gmt":"2021-05-04T21:04:59","guid":{"rendered":"https:\/\/mgvpublications.com\/produkt\/veba-geceleri\/"},"modified":"2022-03-08T22:52:43","modified_gmt":"2022-03-08T21:52:43","slug":"veba-geceleri","status":"publish","type":"product","link":"https:\/\/mgvpublications.com\/de\/veba-geceleri\/","title":{"rendered":"Veba Geceleri"},"content":{"rendered":"<p>Yay\u0131n Tarihi: 22.03.2021<br \/>ISBN: 9789750849282<br \/>Dil: T\u00dcRK\u00c7E<br \/>Sayfa Say\u0131s\u0131: 544<br \/>Cilt Tipi: Karton Kapak<br \/>Ka\u011f\u0131t Cinsi: Kitap Ka\u011f\u0131d\u0131<br \/>Boyut: 13.5 x 21 cm<\/p>","protected":false},"excerpt":{"rendered":"<p>Orhan Pamuk\u2019un \u00fczerinde 5 y\u0131ld\u0131r \u00e7al\u0131\u015ft\u0131\u011f\u0131 Veba Geceleri, 1901 y\u0131l\u0131nda 3. Veba Pandemisi d\u00f6neminde Osmanl\u0131\u2019n\u0131n 29. Vilayeti Minger adas\u0131nda ge\u00e7iyor. Hem s\u00fcr\u00fckleyici bir siyaset ve a\u015fk roman\u0131 hem de Pamuk\u2019un salg\u0131n, karantina, devlet ve birey konular\u0131n\u0131 bir masal havas\u0131yla tart\u0131\u015ft\u0131\u011f\u0131 bu tarihi roman, konusuyla ya\u015fad\u0131\u011f\u0131m\u0131z g\u00fcnlere de \u0131\u015f\u0131k d\u00fc\u015f\u00fcr\u00fcyor. 1901 bahar\u0131nda Osmanl\u0131 \u0130mparatorlu\u011fu\u2019nun 29. vilayeti Minger Adas\u0131\u2019nda veba salg\u0131n\u0131 ba\u015f g\u00f6sterince Sultan Abd\u00fclhamit \u00f6nce Sa\u011fl\u0131k Ba\u015fm\u00fcfetti\u015fi kimyager Bonkowski Pa\u015fa\u2019y\u0131, onun arkas\u0131ndan da gen\u00e7 ve ba\u015far\u0131l\u0131 Doktor Nuri\u2019yi salg\u0131n\u0131 durdurmas\u0131 i\u00e7in adaya g\u00f6nderir. Padi\u015fah k\u0131sa bir s\u00fcre \u00f6nce gen\u00e7 doktoru, sarayda hapis hayat\u0131 ya\u015fatt\u0131\u011f\u0131 a\u011fabeyi \u00f6nceki padi\u015fah V. Murat\u2019\u0131n k\u0131z\u0131 Pakize Sultan ile evlendirmi\u015ftir ve Pakize Sultan da bu yolculukta kocas\u0131na e\u015flik etmektedir. Adada ise gen\u00e7 ve milliyet\u00e7i Osmanl\u0131 subay\u0131 Kola\u011fas\u0131 K\u00e2mil, onun \u00e2\u015f\u0131k oldu\u011fu adal\u0131 Zeynep ve her \u015feye yeti\u015fmeye \u00e7al\u0131\u015fan Vali Sami Pa\u015fa ile g\u00fczel sevgilisi Marika vard\u0131r. Karantina yasaklar\u0131na itaat edilmesi i\u00e7in \u00e7aba harcayan bu insanlar\u0131n vebayla, adadaki geleneklerle ve sonunda birbirleriyle ve \u00f6l\u00fcm tehditleriyle sava\u015f\u0131n\u0131n ve ya\u015fad\u0131klar\u0131 a\u015fklar\u0131n hik\u00e2yesidir Veba Geceleri. \u201cPamuk ya\u015fayan en b\u00fcy\u00fck yazar.\u201d -LE POINT, FRANSA \u201cPamuk, en iyi kitaplar\u0131n\u0131 Nobel\u2019den sonra yazan e\u015fsiz bir yazar.\u201d -THE INDEPENDENT, \u0130NG\u0130LTERE \u201cO ne bir ideolog, ne bir siyaset\u00e7i, ne de bir gazeteci. Orhan Pamuk b\u00fcy\u00fck bir romanc\u0131.\u201d -THE NEW YORK TIMES, ABD<\/p>","protected":false},"featured_media":18837,"template":"","meta":{"spay_email":""},"product_cat":[168],"product_tag":[],"item":[448],"acf":[],"_links":{"self":[{"href":"https:\/\/mgvpublications.com\/de\/wp-json\/wp\/v2\/product\/18838"}],"collection":[{"href":"https:\/\/mgvpublications.com\/de\/wp-json\/wp\/v2\/product"}],"about":[{"href":"https:\/\/mgvpublications.com\/de\/wp-json\/wp\/v2\/types\/product"}],"wp:featuredmedia":[{"embeddable":true,"href":"https:\/\/mgvpublications.com\/de\/wp-json\/wp\/v2\/media\/18837"}],"wp:attachment":[{"href":"https:\/\/mgvpublications.com\/de\/wp-json\/wp\/v2\/media?parent=18838"}],"wp:term":[{"taxonomy":"product_cat","embeddable":true,"href":"https:\/\/mgvpublications.com\/de\/wp-json\/wp\/v2\/product_cat?post=18838"},{"taxonomy":"product_tag","embeddable":true,"href":"https:\/\/mgvpublications.com\/de\/wp-json\/wp\/v2\/product_tag?post=18838"},{"taxonomy":"item","embeddable":true,"href":"https:\/\/mgvpublications.com\/de\/wp-json\/wp\/v2\/item?post=18838"}],"curies":[{"name":"wp","href":"https:\/\/api.w.org\/{rel}","templated":true}]}}