{"id":18834,"date":"2021-05-04T23:04:58","date_gmt":"2021-05-04T21:04:58","guid":{"rendered":"https:\/\/mgvpublications.com\/produkt\/mukafat\/"},"modified":"2022-03-08T22:52:43","modified_gmt":"2022-03-08T21:52:43","slug":"mukafat","status":"publish","type":"product","link":"https:\/\/mgvpublications.com\/de\/mukafat\/","title":{"rendered":"M\u00fckafat"},"content":{"rendered":"<p>Yay\u0131n Tarihi: 16.03.2021<br \/>ISBN: 9786055657499<br \/>Dil: T\u00dcRK\u00c7E<br \/>Sayfa Say\u0131s\u0131: 191<br \/>Cilt Tipi: Karton Kapak<br \/>Ka\u011f\u0131t Cinsi: Kitap Ka\u011f\u0131d\u0131<br \/>Boyut: 13.5 x 19.5 cm<\/p>","protected":false},"excerpt":{"rendered":"<p>Kimi kem hat\u0131ralar vard\u0131r, y\u00e2d ettik\u00e7e, akl\u0131n\u0131za geldik\u00e7e h\u00fcz\u00fcnlenirsiniz. L\u00e2kin kimileri de vard\u0131r ki, hat\u0131rlad\u0131k\u00e7a mazideki hadisenin kahramanlar\u0131 Allah&#8217;\u0131n rahmetine kavu\u015fmu\u015f olsalar dahi fazla h\u00fcz\u00fcnlenmez, hatt\u00e2 b\u00f6ylesi insanlarla bir vakitler birlikte olup sohbet etti\u011finiz i\u00e7in kendinizde bir ho\u015fluk hisseder, belki o aziz dostun\/dostlar\u0131n hasretli\u011fi ile derin bir ah \u00e7ekseniz de hat\u0131ralar\u0131n\u0131z hayra y\u00f6nelik olduklar\u0131 i\u00e7in nihayetinde sevince garkolursunuz. Bedir Yay\u0131nevi&#8217;ne \u00e7ok \u00e7ok te\u015fekk\u00fcr. Bendenize (haberkalem.com i\u00e7in) merhum hocam Mehmed \u015eevket Eygi&#8217;nin verdi\u011fi hususu yaz\u0131lar\u0131 kitap haline getirip kal\u0131c\u0131 faydal\u0131 bir eser olarak yay\u0131nlad\u0131klar\u0131 i\u00e7in&#8230; Kitap m\u00fcndemici (muhteviyat\u0131) 95 k\u0131ymetli makalenin muhterem okurlar\u0131m\u0131za faydal\u0131 olaca\u011f\u0131na kesin inanc\u0131m var. Kesin itimad\u0131m olan ise, okur kitlesinin bu kitaba gereken ilgiyi g\u00f6sterecekleridir. \u00dcstad\u0131n ruhuna gani rahmet. Elinizdeki kitap alt\u0131nla tart\u0131lsa yeridir. Allah i\u00e7in okuyal\u0131m ve okuttural\u0131m. Gayret bizden tevfik ve hidayet Allah&#8217;tand\u0131r. Ramazan Ercan Bitik\u00e7io\u011flu<\/p>","protected":false},"featured_media":18833,"template":"","meta":{"spay_email":""},"product_cat":[1588],"product_tag":[],"item":[833],"acf":[],"_links":{"self":[{"href":"https:\/\/mgvpublications.com\/de\/wp-json\/wp\/v2\/product\/18834"}],"collection":[{"href":"https:\/\/mgvpublications.com\/de\/wp-json\/wp\/v2\/product"}],"about":[{"href":"https:\/\/mgvpublications.com\/de\/wp-json\/wp\/v2\/types\/product"}],"wp:featuredmedia":[{"embeddable":true,"href":"https:\/\/mgvpublications.com\/de\/wp-json\/wp\/v2\/media\/18833"}],"wp:attachment":[{"href":"https:\/\/mgvpublications.com\/de\/wp-json\/wp\/v2\/media?parent=18834"}],"wp:term":[{"taxonomy":"product_cat","embeddable":true,"href":"https:\/\/mgvpublications.com\/de\/wp-json\/wp\/v2\/product_cat?post=18834"},{"taxonomy":"product_tag","embeddable":true,"href":"https:\/\/mgvpublications.com\/de\/wp-json\/wp\/v2\/product_tag?post=18834"},{"taxonomy":"item","embeddable":true,"href":"https:\/\/mgvpublications.com\/de\/wp-json\/wp\/v2\/item?post=18834"}],"curies":[{"name":"wp","href":"https:\/\/api.w.org\/{rel}","templated":true}]}}