{"id":18826,"date":"2021-05-04T23:04:56","date_gmt":"2021-05-04T21:04:56","guid":{"rendered":"https:\/\/mgvpublications.com\/produkt\/kaderle-tasarim-arasinda-yeni-insan\/"},"modified":"2022-03-08T22:52:41","modified_gmt":"2022-03-08T21:52:41","slug":"kaderle-tasarim-arasinda-yeni-insan","status":"publish","type":"product","link":"https:\/\/mgvpublications.com\/de\/kaderle-tasarim-arasinda-yeni-insan\/","title":{"rendered":"Kaderle Tasar\u0131m Aras\u0131nda Yeni \u0130nsan"},"content":{"rendered":"<p>Yay\u0131n Tarihi: 05.02.2020<br \/>ISBN: 9789755748337<br \/>Dil: T\u00dcRK\u00c7E<br \/>Sayfa Say\u0131s\u0131: 184<br \/>Cilt Tipi: Karton Kapak<br \/>Ka\u011f\u0131t Cinsi: Kitap Ka\u011f\u0131d\u0131<br \/>Boyut: 13.5 x 21 cm<\/p>","protected":false},"excerpt":{"rendered":"<p>On dokuzuncu y\u00fczy\u0131lda evrimci biyoloji, insan-hayvan aras\u0131ndaki fark\u0131 ortadan kald\u0131rm\u0131\u015ft\u0131. G\u00fcn\u00fcm\u00fczdeyse biyo-teknik ve gen m\u00fchendisli\u011fi makine-insan aras\u0131ndaki s\u0131n\u0131r\u0131 belirsiz hale getirdi. Biyonikler, yapay zeka, genetik kopyalama gibi metotlar nedeniyle art\u0131k insan\u0131n s\u0131n\u0131rlar\u0131 tart\u0131\u015fmal\u0131 hale geldi. E\u011fer insan\u0131n bir kutsiyeti ve do\u011fas\u0131 yoksa, onu biteviye de\u011fi\u015ftirmemize, yapay organlarla takviye etmemize, embriyoya m\u00fcdahale ederek \u00fcst\u00fcn nitelikli insan ya da insan-hayvan-makine aras\u0131 bir varl\u0131k in\u015fa etmemize ne engel olabilir? Bilim kendi amac\u0131n\u0131 tayin edebilir mi? \u201cBilimsel\u201d tav\u0131r, \u00f6l\u00fc bedenlere ya da embriyolara sadece birer h\u00fccre y\u0131\u011f\u0131n\u0131ym\u0131\u015f\u00e7as\u0131na muamele edilmesini me\u015frula\u015ft\u0131rabilir mi? Nazife \u015ei\u015fman, kader ile tasar\u0131m aras\u0131nda sal\u0131nan \u201cyeni insan\u201d\u0131 bu sorular e\u015fli\u011finde tart\u0131\u015fmaya a\u00e7\u0131yor.<\/p>","protected":false},"featured_media":18825,"template":"","meta":{"spay_email":""},"product_cat":[232],"product_tag":[],"item":[503],"acf":[],"_links":{"self":[{"href":"https:\/\/mgvpublications.com\/de\/wp-json\/wp\/v2\/product\/18826"}],"collection":[{"href":"https:\/\/mgvpublications.com\/de\/wp-json\/wp\/v2\/product"}],"about":[{"href":"https:\/\/mgvpublications.com\/de\/wp-json\/wp\/v2\/types\/product"}],"wp:featuredmedia":[{"embeddable":true,"href":"https:\/\/mgvpublications.com\/de\/wp-json\/wp\/v2\/media\/18825"}],"wp:attachment":[{"href":"https:\/\/mgvpublications.com\/de\/wp-json\/wp\/v2\/media?parent=18826"}],"wp:term":[{"taxonomy":"product_cat","embeddable":true,"href":"https:\/\/mgvpublications.com\/de\/wp-json\/wp\/v2\/product_cat?post=18826"},{"taxonomy":"product_tag","embeddable":true,"href":"https:\/\/mgvpublications.com\/de\/wp-json\/wp\/v2\/product_tag?post=18826"},{"taxonomy":"item","embeddable":true,"href":"https:\/\/mgvpublications.com\/de\/wp-json\/wp\/v2\/item?post=18826"}],"curies":[{"name":"wp","href":"https:\/\/api.w.org\/{rel}","templated":true}]}}