{"id":18824,"date":"2021-05-04T23:04:55","date_gmt":"2021-05-04T21:04:55","guid":{"rendered":"https:\/\/mgvpublications.com\/produkt\/hadiste-metin-tenkidi\/"},"modified":"2022-03-08T22:52:41","modified_gmt":"2022-03-08T21:52:41","slug":"hadiste-metin-tenkidi","status":"publish","type":"product","link":"https:\/\/mgvpublications.com\/de\/hadiste-metin-tenkidi\/","title":{"rendered":"Hadiste Metin Tenkidi"},"content":{"rendered":"<p>Yay\u0131n Tarihi: 27.09.2019<br \/>ISBN: 9786057619389<br \/>Dil: T\u00dcRK\u00c7E<br \/>Sayfa Say\u0131s\u0131: 600<br \/>Cilt Tipi: Karton Kapak<br \/>Ka\u011f\u0131t Cinsi: Kitap Ka\u011f\u0131d\u0131<br \/>Boyut: 16 x 23.5 cm<\/p>","protected":false},"excerpt":{"rendered":"<p>Elinizdeki kitap, hadislerin sonraki ku\u015faklara sa\u011fl\u0131kl\u0131 bir \u015fekilde aktar\u0131lmas\u0131 y\u00f6n\u00fcnde \u0130sl\u00e2m bilginlerinin harcad\u0131klar\u0131 \u00e7abay\u0131 ana hatlar\u0131yla ortaya koymaktad\u0131r. Kitap, yap\u0131lan \u00e7al\u0131\u015fmalar\u0131n eksikliklerine ve g\u00fcn\u00fcm\u00fczde hadis metinlerinin daha iyi de\u011ferlendirilebilmesi i\u00e7in yap\u0131labileceklere de de\u011finmektedir. Bu nedenle okurun, konuyla ilgili genel bir bak\u0131\u015f a\u00e7\u0131s\u0131 kazanaca\u011f\u0131, ge\u00e7mi\u015f bilginlerin \u00e7abalar\u0131n\u0131n boyutunu g\u00f6rebilece\u011fi ve g\u00fcn\u00fcm\u00fczde yap\u0131lmas\u0131 gerekenlerle ilgili bir bak\u0131\u015f a\u00e7\u0131s\u0131 kazanaca\u011f\u0131 \u00fcmit edilmektedir.<\/p>","protected":false},"featured_media":18823,"template":"","meta":{"spay_email":""},"product_cat":[174],"product_tag":[],"item":[925],"acf":[],"_links":{"self":[{"href":"https:\/\/mgvpublications.com\/de\/wp-json\/wp\/v2\/product\/18824"}],"collection":[{"href":"https:\/\/mgvpublications.com\/de\/wp-json\/wp\/v2\/product"}],"about":[{"href":"https:\/\/mgvpublications.com\/de\/wp-json\/wp\/v2\/types\/product"}],"wp:featuredmedia":[{"embeddable":true,"href":"https:\/\/mgvpublications.com\/de\/wp-json\/wp\/v2\/media\/18823"}],"wp:attachment":[{"href":"https:\/\/mgvpublications.com\/de\/wp-json\/wp\/v2\/media?parent=18824"}],"wp:term":[{"taxonomy":"product_cat","embeddable":true,"href":"https:\/\/mgvpublications.com\/de\/wp-json\/wp\/v2\/product_cat?post=18824"},{"taxonomy":"product_tag","embeddable":true,"href":"https:\/\/mgvpublications.com\/de\/wp-json\/wp\/v2\/product_tag?post=18824"},{"taxonomy":"item","embeddable":true,"href":"https:\/\/mgvpublications.com\/de\/wp-json\/wp\/v2\/item?post=18824"}],"curies":[{"name":"wp","href":"https:\/\/api.w.org\/{rel}","templated":true}]}}