{"id":18820,"date":"2021-05-04T23:04:54","date_gmt":"2021-05-04T21:04:54","guid":{"rendered":"https:\/\/mgvpublications.com\/produkt\/hadis-ilminin-cozum-bekleyen-meseleleri\/"},"modified":"2022-03-08T22:52:41","modified_gmt":"2022-03-08T21:52:41","slug":"hadis-ilminin-cozum-bekleyen-meseleleri","status":"publish","type":"product","link":"https:\/\/mgvpublications.com\/de\/hadis-ilminin-cozum-bekleyen-meseleleri\/","title":{"rendered":"Hadis \u0130lminin \u00c7\u00f6z\u00fcm Bekleyen Meseleleri"},"content":{"rendered":"<p>Yay\u0131n Tarihi: 04.09.2019<br \/>ISBN: 9786057619327<br \/>Dil: T\u00dcRK\u00c7E<br \/>Sayfa Say\u0131s\u0131: 400<br \/>Cilt Tipi: Karton Kapak<br \/>Ka\u011f\u0131t Cinsi: Kitap Ka\u011f\u0131d\u0131<br \/>Boyut: 13.5 x 21 cm<\/p>","protected":false},"excerpt":{"rendered":"<p>Hadis rivayet k\u00fclliyat\u0131 i\u00e7inden Hz. Muhammed\u2019e(s.a.v) ait olanlarla olmayanlar\u0131 birbirinden ay\u0131rmak olduk\u00e7a zordur. Ayr\u0131ca bunu ger\u00e7ekle\u015ftirme y\u00f6n\u00fcnde mutab\u0131k kal\u0131nacak genel ge\u00e7er bir y\u00f6ntem tespit etmek de neredeyse imk\u00e2ns\u0131zd\u0131r. Bu nedenledir ki, rivayetlerdeki farkl\u0131l\u0131klar \u00fcmmet i\u00e7indeki ihtilaflar\u0131 besleyen temel fakt\u00f6rlerden biri olmu\u015ftur. Elinizdeki kitap, peygamber anlay\u0131\u015f\u0131n\u0131n do\u011fru bir \u015fekilde olu\u015fmas\u0131na, rivayetlerin ge\u00e7irdi\u011fi ser\u00fcveni anlamaya ve bu rivayetlerin bizlere ula\u015fmas\u0131na arac\u0131l\u0131k eden ki\u015fi ve kitaplar\u0131 daha iyi tan\u0131mam\u0131za katk\u0131 sa\u011flayabilecek bir yap\u0131dad\u0131r.<\/p>","protected":false},"featured_media":18819,"template":"","meta":{"spay_email":""},"product_cat":[174],"product_tag":[],"item":[925],"acf":[],"_links":{"self":[{"href":"https:\/\/mgvpublications.com\/de\/wp-json\/wp\/v2\/product\/18820"}],"collection":[{"href":"https:\/\/mgvpublications.com\/de\/wp-json\/wp\/v2\/product"}],"about":[{"href":"https:\/\/mgvpublications.com\/de\/wp-json\/wp\/v2\/types\/product"}],"wp:featuredmedia":[{"embeddable":true,"href":"https:\/\/mgvpublications.com\/de\/wp-json\/wp\/v2\/media\/18819"}],"wp:attachment":[{"href":"https:\/\/mgvpublications.com\/de\/wp-json\/wp\/v2\/media?parent=18820"}],"wp:term":[{"taxonomy":"product_cat","embeddable":true,"href":"https:\/\/mgvpublications.com\/de\/wp-json\/wp\/v2\/product_cat?post=18820"},{"taxonomy":"product_tag","embeddable":true,"href":"https:\/\/mgvpublications.com\/de\/wp-json\/wp\/v2\/product_tag?post=18820"},{"taxonomy":"item","embeddable":true,"href":"https:\/\/mgvpublications.com\/de\/wp-json\/wp\/v2\/item?post=18820"}],"curies":[{"name":"wp","href":"https:\/\/api.w.org\/{rel}","templated":true}]}}