{"id":18818,"date":"2021-05-04T23:04:52","date_gmt":"2021-05-04T21:04:52","guid":{"rendered":"https:\/\/mgvpublications.com\/produkt\/elifin-uykusu-gelmiyor-ilk-okuma-kitabim\/"},"modified":"2022-04-08T06:24:44","modified_gmt":"2022-04-08T04:24:44","slug":"elifin-uykusu-gelmiyor-ilk-okuma-kitabim","status":"publish","type":"product","link":"https:\/\/mgvpublications.com\/de\/elifin-uykusu-gelmiyor-ilk-okuma-kitabim\/","title":{"rendered":"Elif\u2019in Uykusu Gelmiyor \/ \u0130lk Okuma Kitab\u0131m"},"content":{"rendered":"<p>\u00c7evirmen: Aylin Gergin<br \/>Yay\u0131n Tarihi: 05.05.2020<br \/>Orijinal Ad\u0131: Conni kann nicht einschlafen<br \/>ISBN: 9786257999564<br \/>Dil: T\u00dcRK\u00c7E<br \/>Sayfa Say\u0131s\u0131: 24<br \/>Cilt Tipi: Karton Kapak<br \/>Ka\u011f\u0131t Cinsi: Kitap Ka\u011f\u0131d\u0131<br \/>Boyut: 22 x 22 cm<\/p>","protected":false},"excerpt":{"rendered":"<p>Annesi, yatmas\u0131 gerekti\u011fini s\u00f6yledi\u011finde Elif, pijamalar\u0131n\u0131 giydi, di\u015flerini f\u0131r\u00e7alad\u0131 ve yatt\u0131. Babas\u0131 ona kitap okudu. Art\u0131k uyku zaman\u0131 gelmi\u015fti. Ne var ki Elif bir t\u00fcrl\u00fc uyuyam\u0131yordu. Bir s\u00fcr\u00fc bahaneyle yataktan kalk\u0131p tekrar yatan Elif, en sonunda nas\u0131l uykuya dald\u0131 acaba?<\/p>","protected":false},"featured_media":23265,"template":"","meta":{"spay_email":""},"product_cat":[172],"product_tag":[],"item":[336],"acf":[],"_links":{"self":[{"href":"https:\/\/mgvpublications.com\/de\/wp-json\/wp\/v2\/product\/18818"}],"collection":[{"href":"https:\/\/mgvpublications.com\/de\/wp-json\/wp\/v2\/product"}],"about":[{"href":"https:\/\/mgvpublications.com\/de\/wp-json\/wp\/v2\/types\/product"}],"wp:featuredmedia":[{"embeddable":true,"href":"https:\/\/mgvpublications.com\/de\/wp-json\/wp\/v2\/media\/23265"}],"wp:attachment":[{"href":"https:\/\/mgvpublications.com\/de\/wp-json\/wp\/v2\/media?parent=18818"}],"wp:term":[{"taxonomy":"product_cat","embeddable":true,"href":"https:\/\/mgvpublications.com\/de\/wp-json\/wp\/v2\/product_cat?post=18818"},{"taxonomy":"product_tag","embeddable":true,"href":"https:\/\/mgvpublications.com\/de\/wp-json\/wp\/v2\/product_tag?post=18818"},{"taxonomy":"item","embeddable":true,"href":"https:\/\/mgvpublications.com\/de\/wp-json\/wp\/v2\/item?post=18818"}],"curies":[{"name":"wp","href":"https:\/\/api.w.org\/{rel}","templated":true}]}}