{"id":18808,"date":"2021-05-04T23:04:49","date_gmt":"2021-05-04T21:04:49","guid":{"rendered":"https:\/\/mgvpublications.com\/produkt\/minik-caglar-anaokuluna-basliyor-ilk-okuma-kitabim\/"},"modified":"2022-03-08T22:52:39","modified_gmt":"2022-03-08T21:52:39","slug":"minik-caglar-anaokuluna-basliyor-ilk-okuma-kitabim","status":"publish","type":"product","link":"https:\/\/mgvpublications.com\/de\/minik-caglar-anaokuluna-basliyor-ilk-okuma-kitabim\/","title":{"rendered":"Minik \u00c7a\u011flar Anaokuluna Ba\u015fl\u0131yor \/ \u0130lk Okuma Kitab\u0131m"},"content":{"rendered":"<p>\u00c7evirmen: Aylin Gergin<br \/>Yay\u0131n Tarihi: 19.03.2019<br \/>Orijinal Ad\u0131: Max geht in den Kindergarten<br \/>ISBN: 9786052955574<br \/>Dil: T\u00dcRK\u00c7E<br \/>Sayfa Say\u0131s\u0131: 24<br \/>Cilt Tipi: Karton Kapak<br \/>Ka\u011f\u0131t Cinsi: Kitap Ka\u011f\u0131d\u0131<br \/>Boyut: 22 x 22 cm<\/p>","protected":false},"excerpt":{"rendered":"<p>\u00c7a\u011flar anaokuluna ba\u015flad\u0131\u011f\u0131 g\u00fcn heyecandan yerinde duram\u0131yordu. Yeni arkada\u015flar edindi. Kocaman bir \u015fato resmi \u00e7izdi. \u00d6\u011fle yeme\u011finde domates soslu makarna yedi. Ve \u00f6\u011fle uykusuna yatt\u0131. Annesi onu almaya geldi\u011finde, zaman\u0131n nas\u0131l ge\u00e7ti\u011fini anlayamad\u0131.<\/p>","protected":false},"featured_media":18807,"template":"","meta":{"spay_email":""},"product_cat":[172],"product_tag":[],"item":[336],"acf":[],"_links":{"self":[{"href":"https:\/\/mgvpublications.com\/de\/wp-json\/wp\/v2\/product\/18808"}],"collection":[{"href":"https:\/\/mgvpublications.com\/de\/wp-json\/wp\/v2\/product"}],"about":[{"href":"https:\/\/mgvpublications.com\/de\/wp-json\/wp\/v2\/types\/product"}],"wp:featuredmedia":[{"embeddable":true,"href":"https:\/\/mgvpublications.com\/de\/wp-json\/wp\/v2\/media\/18807"}],"wp:attachment":[{"href":"https:\/\/mgvpublications.com\/de\/wp-json\/wp\/v2\/media?parent=18808"}],"wp:term":[{"taxonomy":"product_cat","embeddable":true,"href":"https:\/\/mgvpublications.com\/de\/wp-json\/wp\/v2\/product_cat?post=18808"},{"taxonomy":"product_tag","embeddable":true,"href":"https:\/\/mgvpublications.com\/de\/wp-json\/wp\/v2\/product_tag?post=18808"},{"taxonomy":"item","embeddable":true,"href":"https:\/\/mgvpublications.com\/de\/wp-json\/wp\/v2\/item?post=18808"}],"curies":[{"name":"wp","href":"https:\/\/api.w.org\/{rel}","templated":true}]}}