{"id":18806,"date":"2021-05-04T23:04:48","date_gmt":"2021-05-04T21:04:48","guid":{"rendered":"https:\/\/mgvpublications.com\/produkt\/hadis-tartismalarina-yeni-yaklasimlar\/"},"modified":"2022-03-08T22:52:39","modified_gmt":"2022-03-08T21:52:39","slug":"hadis-tartismalarina-yeni-yaklasimlar","status":"publish","type":"product","link":"https:\/\/mgvpublications.com\/de\/hadis-tartismalarina-yeni-yaklasimlar\/","title":{"rendered":"Hadis Tart\u0131\u015fmalar\u0131na Yeni Yakla\u015f\u0131mlar"},"content":{"rendered":"<p>Yay\u0131n Tarihi: 22.02.2020<br \/>ISBN: 9786052174395<br \/>Dil: T\u00dcRK\u00c7E<br \/>Sayfa Say\u0131s\u0131: 512<br \/>Cilt Tipi: Karton Kapak<br \/>Ka\u011f\u0131t Cinsi: Kitap Ka\u011f\u0131d\u0131<br \/>Boyut: 13.5 x 21 cm<\/p>","protected":false},"excerpt":{"rendered":"<p>\u0130sl\u00e2m\u00ee ilimler i\u00e7inde en canl\u0131 alan hi\u00e7 \u015f\u00fcphe yok ki hadistir. Nitekim \u00fclkemizin de d\u00e2hil oldu\u011fu \u0130sl\u00e2m \u00fclkeleri yan\u0131nda, d\u00fcnyan\u0131n pek \u00e7ok yerinde hadis alan\u0131n\u0131n her konusuyla ilgili olarak yo\u011fun \u00e7al\u0131\u015fmalar yap\u0131lmaktad\u0131r. Elinizdeki kitap, farkl\u0131 co\u011frafyalarda kaleme al\u0131nm\u0131\u015f s\u00f6z konusu makalelerden bir demeti okurla bulu\u015fturarak \u00fclkemiz hadis \u00e7al\u0131\u015fmalar\u0131na katk\u0131 sa\u011flamay\u0131 hedeflemektedir.<\/p>","protected":false},"featured_media":18805,"template":"","meta":{"spay_email":""},"product_cat":[174],"product_tag":[],"item":[925],"acf":[],"_links":{"self":[{"href":"https:\/\/mgvpublications.com\/de\/wp-json\/wp\/v2\/product\/18806"}],"collection":[{"href":"https:\/\/mgvpublications.com\/de\/wp-json\/wp\/v2\/product"}],"about":[{"href":"https:\/\/mgvpublications.com\/de\/wp-json\/wp\/v2\/types\/product"}],"wp:featuredmedia":[{"embeddable":true,"href":"https:\/\/mgvpublications.com\/de\/wp-json\/wp\/v2\/media\/18805"}],"wp:attachment":[{"href":"https:\/\/mgvpublications.com\/de\/wp-json\/wp\/v2\/media?parent=18806"}],"wp:term":[{"taxonomy":"product_cat","embeddable":true,"href":"https:\/\/mgvpublications.com\/de\/wp-json\/wp\/v2\/product_cat?post=18806"},{"taxonomy":"product_tag","embeddable":true,"href":"https:\/\/mgvpublications.com\/de\/wp-json\/wp\/v2\/product_tag?post=18806"},{"taxonomy":"item","embeddable":true,"href":"https:\/\/mgvpublications.com\/de\/wp-json\/wp\/v2\/item?post=18806"}],"curies":[{"name":"wp","href":"https:\/\/api.w.org\/{rel}","templated":true}]}}