{"id":18804,"date":"2021-05-04T23:04:48","date_gmt":"2021-05-04T21:04:48","guid":{"rendered":"https:\/\/mgvpublications.com\/produkt\/arkadasim-kaptan-dunyayi-ogreniyorum\/"},"modified":"2022-03-08T22:52:38","modified_gmt":"2022-03-08T21:52:38","slug":"arkadasim-kaptan-dunyayi-ogreniyorum","status":"publish","type":"product","link":"https:\/\/mgvpublications.com\/de\/arkadasim-kaptan-dunyayi-ogreniyorum\/","title":{"rendered":"Arkada\u015f\u0131m Kaptan &#8211; D\u00fcnyay\u0131 \u00d6\u011freniyorum"},"content":{"rendered":"<p>\u00c7evirmen: Ay\u00e7a Sabuncuo\u011flu<br \/>Yay\u0131n Tarihi: 29.08.2019<br \/>ISBN: 9786053608387<br \/>Dil: T\u00dcRK\u00c7E<br \/>Sayfa Say\u0131s\u0131: 47<br \/>Cilt Tipi: Karton Kapak<br \/>Ka\u011f\u0131t Cinsi: Kitap Ka\u011f\u0131d\u0131<br \/>Boyut: 22 x 22 cm<\/p>","protected":false},"excerpt":{"rendered":"<p>D\u00fcnya \u00fczerindeki y\u00fck ta\u015f\u0131mac\u0131l\u0131\u011f\u0131n\u0131n b\u00fcy\u00fck b\u00f6l\u00fcm\u00fc gemilerle yap\u0131l\u0131yor. Dev tankerler okyanuslar\u0131 ge\u00e7erek bir limandan di\u011ferine y\u00fck ta\u015f\u0131yor. Bir r\u00f6mork\u00f6r\u00fcn kaptan\u0131 olan arkada\u015f\u0131m Bahri ile yapt\u0131\u011f\u0131m\u0131z liman gezisine sen de kat\u0131labilirsin. Hadi gidip limanlarda neler oldu\u011funu g\u00f6relim.<\/p>","protected":false},"featured_media":18803,"template":"","meta":{"spay_email":""},"product_cat":[172],"product_tag":[],"item":[336],"acf":[],"_links":{"self":[{"href":"https:\/\/mgvpublications.com\/de\/wp-json\/wp\/v2\/product\/18804"}],"collection":[{"href":"https:\/\/mgvpublications.com\/de\/wp-json\/wp\/v2\/product"}],"about":[{"href":"https:\/\/mgvpublications.com\/de\/wp-json\/wp\/v2\/types\/product"}],"wp:featuredmedia":[{"embeddable":true,"href":"https:\/\/mgvpublications.com\/de\/wp-json\/wp\/v2\/media\/18803"}],"wp:attachment":[{"href":"https:\/\/mgvpublications.com\/de\/wp-json\/wp\/v2\/media?parent=18804"}],"wp:term":[{"taxonomy":"product_cat","embeddable":true,"href":"https:\/\/mgvpublications.com\/de\/wp-json\/wp\/v2\/product_cat?post=18804"},{"taxonomy":"product_tag","embeddable":true,"href":"https:\/\/mgvpublications.com\/de\/wp-json\/wp\/v2\/product_tag?post=18804"},{"taxonomy":"item","embeddable":true,"href":"https:\/\/mgvpublications.com\/de\/wp-json\/wp\/v2\/item?post=18804"}],"curies":[{"name":"wp","href":"https:\/\/api.w.org\/{rel}","templated":true}]}}