{"id":18802,"date":"2021-05-04T23:04:47","date_gmt":"2021-05-04T21:04:47","guid":{"rendered":"https:\/\/mgvpublications.com\/produkt\/arkadasim-ciftci-dunyayi-ogreniyorum\/"},"modified":"2022-03-08T22:52:38","modified_gmt":"2022-03-08T21:52:38","slug":"arkadasim-ciftci-dunyayi-ogreniyorum","status":"publish","type":"product","link":"https:\/\/mgvpublications.com\/de\/arkadasim-ciftci-dunyayi-ogreniyorum\/","title":{"rendered":"Arkada\u015f\u0131m \u00c7ift\u00e7i &#8211; D\u00fcnyay\u0131 \u00f6\u011freniyorum"},"content":{"rendered":"<p>\u00c7evirmen: Ay\u00e7a Sabuncuo\u011flu<br \/>Yay\u0131n Tarihi: 16.04.2019<br \/>ISBN: 9786053609100<br \/>Dil: T\u00dcRK\u00c7E<br \/>Sayfa Say\u0131s\u0131: 24<br \/>Cilt Tipi: Karton Kapak<br \/>Ka\u011f\u0131t Cinsi: Kitap Ka\u011f\u0131d\u0131<br \/>Boyut: 22 x 22 cm<\/p>","protected":false},"excerpt":{"rendered":"<p>D\u00fcnya \u00fczerindeki en \u00f6nemli mesleklerden biri \u00e7ift\u00e7iliktir. Yedigimiz i\u00e7tigimiz her seyi \u00e7ift\u00e7iler \u00fcretir. \u00c7ift\u00e7iler her mevsimde farkl\u0131 isler yapar, tah\u0131l, sebze ve meyve \u00fcretimi ve hayvanlar\u0131n bak\u0131m\u0131 i\u00e7in \u00e7ok \u00e7al\u0131s\u0131rlar. Arkadas\u0131m\u0131n \u00e7iftligine yapt\u0131g\u0131m geziye sen de kat\u0131labilirsin. Hadi gidip \u00e7iftlikte neler oldugunu g\u00f6relim.<\/p>","protected":false},"featured_media":18801,"template":"","meta":{"spay_email":""},"product_cat":[172],"product_tag":[],"item":[336],"acf":[],"_links":{"self":[{"href":"https:\/\/mgvpublications.com\/de\/wp-json\/wp\/v2\/product\/18802"}],"collection":[{"href":"https:\/\/mgvpublications.com\/de\/wp-json\/wp\/v2\/product"}],"about":[{"href":"https:\/\/mgvpublications.com\/de\/wp-json\/wp\/v2\/types\/product"}],"wp:featuredmedia":[{"embeddable":true,"href":"https:\/\/mgvpublications.com\/de\/wp-json\/wp\/v2\/media\/18801"}],"wp:attachment":[{"href":"https:\/\/mgvpublications.com\/de\/wp-json\/wp\/v2\/media?parent=18802"}],"wp:term":[{"taxonomy":"product_cat","embeddable":true,"href":"https:\/\/mgvpublications.com\/de\/wp-json\/wp\/v2\/product_cat?post=18802"},{"taxonomy":"product_tag","embeddable":true,"href":"https:\/\/mgvpublications.com\/de\/wp-json\/wp\/v2\/product_tag?post=18802"},{"taxonomy":"item","embeddable":true,"href":"https:\/\/mgvpublications.com\/de\/wp-json\/wp\/v2\/item?post=18802"}],"curies":[{"name":"wp","href":"https:\/\/api.w.org\/{rel}","templated":true}]}}