{"id":18798,"date":"2021-05-04T23:04:44","date_gmt":"2021-05-04T21:04:44","guid":{"rendered":"https:\/\/mgvpublications.com\/produkt\/hz-peygamberi-yeniden-dusunmek\/"},"modified":"2022-03-08T22:52:38","modified_gmt":"2022-03-08T21:52:38","slug":"hz-peygamberi-yeniden-dusunmek","status":"publish","type":"product","link":"https:\/\/mgvpublications.com\/de\/hz-peygamberi-yeniden-dusunmek\/","title":{"rendered":"Hz. Peygamberi Yeniden D\u00fc\u015f\u00fcnmek"},"content":{"rendered":"<p>Yay\u0131n Tarihi: 04.03.2021<br \/>ISBN: 9786050837155<br \/>Dil: T\u00dcRK\u00c7E<br \/>Sayfa Say\u0131s\u0131: 304<br \/>Cilt Tipi: Karton Kapak<br \/>Ka\u011f\u0131t Cinsi: Kitap Ka\u011f\u0131d\u0131<br \/>Boyut: 13.5 x 21 cm<\/p>","protected":false},"excerpt":{"rendered":"<p>Hz. Peygamber\u2019e uymak; zerreden k\u00fcreye, tepeden t\u0131rna\u011fa, i\u011fneden ipli\u011fe b\u00fct\u00fcn e\u015fyay\u0131 ku\u015fatan derin bir nazar, merhamet, marifet, muhabbet ve gayret y\u00fckl\u00fc bir aksiyondur. Bug\u00fcn Efendimiz\u2019i (sav) anlamak, somut ve spesifik birtak\u0131m s\u00fcnnetleri hayat\u0131m\u0131za tatbik etme ile ba\u015flayan ama burada kalmamas\u0131 gereken, Efendimiz\u2019in (sav) nazar\u0131yla, hassasiyetiyle, derdiyle, de\u011ferleriyle insana, topluma, havadaki ku\u015fa, denizdeki bal\u0131\u011fa, saks\u0131daki \u00e7i\u00e7e\u011fe, sokaktaki k\u00f6pe\u011fe, kediye has\u0131l\u0131 i\u011fneden ipli\u011fe her \u015feye Onun \u00fcmmeti oldu\u011fumuzun \u015fuuru ve nazar\u0131yla bakmak demektir. Hz. Peygamber a\u015fk ile \u00f6zde\u015ftir. Onun s\u00fcnnetine uyarak Onu sevmeyen, Onun sevgisiyle i\u00e7ini \u0131s\u0131tmayan, hi\u00e7 kimseyle \u00fcnsiyet kuramaz; hakikatte kendi nefsinden ba\u015fka hi\u00e7 kimseyi de sevemez. Onun s\u00fcnneti \u00fcmmet duvar\u0131n\u0131n her bir tu\u011flas\u0131n\u0131 birbirine ba\u011flayan har\u00e7t\u0131r. Onun s\u00fcnnetine uymadan Ona \u00fcmmet olunamaz. O halde \u015fimdi Hz. Peygamber\u2019i \u201cYeniden\u201d D\u00fc\u015f\u00fcnmek, \u015fimdi \u00fcmmet olmak zaman\u0131d\u0131r\u2026<\/p>","protected":false},"featured_media":22041,"template":"","meta":{"spay_email":""},"product_cat":[174],"product_tag":[],"item":[360],"acf":[],"_links":{"self":[{"href":"https:\/\/mgvpublications.com\/de\/wp-json\/wp\/v2\/product\/18798"}],"collection":[{"href":"https:\/\/mgvpublications.com\/de\/wp-json\/wp\/v2\/product"}],"about":[{"href":"https:\/\/mgvpublications.com\/de\/wp-json\/wp\/v2\/types\/product"}],"wp:featuredmedia":[{"embeddable":true,"href":"https:\/\/mgvpublications.com\/de\/wp-json\/wp\/v2\/media\/22041"}],"wp:attachment":[{"href":"https:\/\/mgvpublications.com\/de\/wp-json\/wp\/v2\/media?parent=18798"}],"wp:term":[{"taxonomy":"product_cat","embeddable":true,"href":"https:\/\/mgvpublications.com\/de\/wp-json\/wp\/v2\/product_cat?post=18798"},{"taxonomy":"product_tag","embeddable":true,"href":"https:\/\/mgvpublications.com\/de\/wp-json\/wp\/v2\/product_tag?post=18798"},{"taxonomy":"item","embeddable":true,"href":"https:\/\/mgvpublications.com\/de\/wp-json\/wp\/v2\/item?post=18798"}],"curies":[{"name":"wp","href":"https:\/\/api.w.org\/{rel}","templated":true}]}}