{"id":18792,"date":"2021-05-04T23:04:42","date_gmt":"2021-05-04T21:04:42","guid":{"rendered":"https:\/\/mgvpublications.com\/produkt\/elif-ucaga-biniyor-ilk-okuma-kitabim\/"},"modified":"2022-03-12T18:18:28","modified_gmt":"2022-03-12T17:18:28","slug":"elif-ucaga-biniyor-ilk-okuma-kitabim","status":"publish","type":"product","link":"https:\/\/mgvpublications.com\/de\/elif-ucaga-biniyor-ilk-okuma-kitabim\/","title":{"rendered":"Elif U\u00e7a\u011fa Biniyor \/ \u0130lk Okuma Kitab\u0131m"},"content":{"rendered":"<p>\u00c7evirmen: Aylin Gergin<br \/>Yay\u0131n Tarihi: 22.02.2019<br \/>Orijinal Ad\u0131: Connis erster Flug<br \/>ISBN: 9786052952986<br \/>Dil: T\u00dcRK\u00c7E<br \/>Sayfa Say\u0131s\u0131: 24<br \/>Cilt Tipi: Karton Kapak<br \/>Ka\u011f\u0131t Cinsi: Kitap Ka\u011f\u0131d\u0131<br \/>Boyut: 22 x 22 cm<\/p>","protected":false},"excerpt":{"rendered":"<p>Elif annesi ve babas\u0131yla tatile gidece\u011fi i\u00e7in \u00e7ok mutluydu. Bu kez tatile u\u00e7akla gidecekleri i\u00e7in de \u00e7ok heyecanl\u0131yd\u0131. \u00c7\u00fcnk\u00fc daha \u00f6nce hi\u00e7 u\u00e7a\u011fa binmemi\u015fti! Bulutlar\u0131n \u00fcst\u00fcnde u\u00e7arken afiyetle makarna yiyen Elif, babas\u0131ndan u\u00e7aklar\u0131n nas\u0131l u\u00e7tu\u011funu da \u00f6\u011frendi. \u00dcstelik u\u00e7aktan inerken pilot kabinini ziyaret etmesine de izin verildi!<\/p>","protected":false},"featured_media":18791,"template":"","meta":{"spay_email":""},"product_cat":[172],"product_tag":[],"item":[336],"acf":[],"_links":{"self":[{"href":"https:\/\/mgvpublications.com\/de\/wp-json\/wp\/v2\/product\/18792"}],"collection":[{"href":"https:\/\/mgvpublications.com\/de\/wp-json\/wp\/v2\/product"}],"about":[{"href":"https:\/\/mgvpublications.com\/de\/wp-json\/wp\/v2\/types\/product"}],"wp:featuredmedia":[{"embeddable":true,"href":"https:\/\/mgvpublications.com\/de\/wp-json\/wp\/v2\/media\/18791"}],"wp:attachment":[{"href":"https:\/\/mgvpublications.com\/de\/wp-json\/wp\/v2\/media?parent=18792"}],"wp:term":[{"taxonomy":"product_cat","embeddable":true,"href":"https:\/\/mgvpublications.com\/de\/wp-json\/wp\/v2\/product_cat?post=18792"},{"taxonomy":"product_tag","embeddable":true,"href":"https:\/\/mgvpublications.com\/de\/wp-json\/wp\/v2\/product_tag?post=18792"},{"taxonomy":"item","embeddable":true,"href":"https:\/\/mgvpublications.com\/de\/wp-json\/wp\/v2\/item?post=18792"}],"curies":[{"name":"wp","href":"https:\/\/api.w.org\/{rel}","templated":true}]}}