{"id":18790,"date":"2021-05-04T23:04:41","date_gmt":"2021-05-04T21:04:41","guid":{"rendered":"https:\/\/mgvpublications.com\/produkt\/elif-hastalandi-ilk-okuma-kitabim\/"},"modified":"2022-03-08T22:52:36","modified_gmt":"2022-03-08T21:52:36","slug":"elif-hastalandi-ilk-okuma-kitabim","status":"publish","type":"product","link":"https:\/\/mgvpublications.com\/de\/elif-hastalandi-ilk-okuma-kitabim\/","title":{"rendered":"Elif Hastaland\u0131 \/ \u0130lk Okuma Kitab\u0131m"},"content":{"rendered":"<p>\u00c7evirmen: Mustafa T\u00fczel<br \/>Yay\u0131n Tarihi: 04.01.2019<br \/>Orijinal Ad\u0131: Conni ist Krank<br \/>ISBN: 9786053324621<br \/>Dil: T\u00dcRK\u00c7E<br \/>Sayfa Say\u0131s\u0131: 24<br \/>Cilt Tipi: Karton Kapak<br \/>Ka\u011f\u0131t Cinsi: Ku\u015fe Ka\u011f\u0131t<br \/>Boyut: 22 x 22 cm<\/p>","protected":false},"excerpt":{"rendered":"<p>Elif\u2019in annesi i\u015f gezisine gidince, babas\u0131 Cemil\u2019le ikisine bakmak i\u00e7in i\u015ften izin ald\u0131. Ama annesi yan\u0131nda olmay\u0131nca Elif\u2019in keyfi bir t\u00fcrl\u00fc yerine gelmedi. Okulda derslerini takip edemedi, yediklerinden tat alamad\u0131. Ger\u00e7ekten de kendini k\u00f6t\u00fc hissediyordu. Acaba annesi hemen d\u00f6nse, her \u015fey d\u00fczelir miydi?<\/p>","protected":false},"featured_media":18789,"template":"","meta":{"spay_email":""},"product_cat":[172],"product_tag":[],"item":[336],"acf":[],"_links":{"self":[{"href":"https:\/\/mgvpublications.com\/de\/wp-json\/wp\/v2\/product\/18790"}],"collection":[{"href":"https:\/\/mgvpublications.com\/de\/wp-json\/wp\/v2\/product"}],"about":[{"href":"https:\/\/mgvpublications.com\/de\/wp-json\/wp\/v2\/types\/product"}],"wp:featuredmedia":[{"embeddable":true,"href":"https:\/\/mgvpublications.com\/de\/wp-json\/wp\/v2\/media\/18789"}],"wp:attachment":[{"href":"https:\/\/mgvpublications.com\/de\/wp-json\/wp\/v2\/media?parent=18790"}],"wp:term":[{"taxonomy":"product_cat","embeddable":true,"href":"https:\/\/mgvpublications.com\/de\/wp-json\/wp\/v2\/product_cat?post=18790"},{"taxonomy":"product_tag","embeddable":true,"href":"https:\/\/mgvpublications.com\/de\/wp-json\/wp\/v2\/product_tag?post=18790"},{"taxonomy":"item","embeddable":true,"href":"https:\/\/mgvpublications.com\/de\/wp-json\/wp\/v2\/item?post=18790"}],"curies":[{"name":"wp","href":"https:\/\/api.w.org\/{rel}","templated":true}]}}