{"id":18788,"date":"2021-05-04T23:04:41","date_gmt":"2021-05-04T21:04:41","guid":{"rendered":"https:\/\/mgvpublications.com\/produkt\/kuran-i-kerim-acisindan-allahin-yardimi-peygamberin-zaferi\/"},"modified":"2022-03-08T22:52:36","modified_gmt":"2022-03-08T21:52:36","slug":"kuran-i-kerim-acisindan-allahin-yardimi-peygamberin-zaferi","status":"publish","type":"product","link":"https:\/\/mgvpublications.com\/de\/kuran-i-kerim-acisindan-allahin-yardimi-peygamberin-zaferi\/","title":{"rendered":"Kur\u2019an-\u0131 Kerim A\u00e7\u0131s\u0131ndan Allah\u2019\u0131n Yard\u0131m\u0131 Peygamber\u2019in Zaferi"},"content":{"rendered":"<p>Yay\u0131n Tarihi: 04.12.2020<br \/>ISBN: 9786257274050<br \/>Dil: T\u00dcRK\u00c7E<br \/>Sayfa Say\u0131s\u0131: 238<br \/>Cilt Tipi: Karton Kapak<br \/>Ka\u011f\u0131t Cinsi: Kitap Ka\u011f\u0131d\u0131<br \/>Boyut: 13.5 x 21 cm<\/p>","protected":false},"excerpt":{"rendered":"<p>Allah\u2019\u0131n ger\u00e7ek yard\u0131m\u0131, insana bah\u015fetti\u011fi her do\u011fal \u015fey gibi pek \u00f6nemsenmeyen peygamber, kitap, ak\u0131l ve dirayettir. \u0130nananlara ba\u015far\u0131y\u0131 getiren; Hz. Muhammed (sas) gibi neyin, ne zaman, nas\u0131l yap\u0131laca\u011f\u0131n\u0131, sava\u015f kazanma, pl\u00e2n ve stratejilerini hem teorik olarak hem de bizzat ve bilfiil \u00f6\u011freten, evrensel tabi\u00ee hukuka dayanan, insanlar\u0131 etraf\u0131nda toplayabilen, ak\u0131l &#8211; duygu dengesi sa\u011flam ger\u00e7ek bir liderdir.<\/p>","protected":false},"featured_media":18787,"template":"","meta":{"spay_email":""},"product_cat":[174],"product_tag":[],"item":[426],"acf":[],"_links":{"self":[{"href":"https:\/\/mgvpublications.com\/de\/wp-json\/wp\/v2\/product\/18788"}],"collection":[{"href":"https:\/\/mgvpublications.com\/de\/wp-json\/wp\/v2\/product"}],"about":[{"href":"https:\/\/mgvpublications.com\/de\/wp-json\/wp\/v2\/types\/product"}],"wp:featuredmedia":[{"embeddable":true,"href":"https:\/\/mgvpublications.com\/de\/wp-json\/wp\/v2\/media\/18787"}],"wp:attachment":[{"href":"https:\/\/mgvpublications.com\/de\/wp-json\/wp\/v2\/media?parent=18788"}],"wp:term":[{"taxonomy":"product_cat","embeddable":true,"href":"https:\/\/mgvpublications.com\/de\/wp-json\/wp\/v2\/product_cat?post=18788"},{"taxonomy":"product_tag","embeddable":true,"href":"https:\/\/mgvpublications.com\/de\/wp-json\/wp\/v2\/product_tag?post=18788"},{"taxonomy":"item","embeddable":true,"href":"https:\/\/mgvpublications.com\/de\/wp-json\/wp\/v2\/item?post=18788"}],"curies":[{"name":"wp","href":"https:\/\/api.w.org\/{rel}","templated":true}]}}