{"id":18784,"date":"2021-05-04T23:04:40","date_gmt":"2021-05-04T21:04:40","guid":{"rendered":"https:\/\/mgvpublications.com\/produkt\/nehirlerin-dili\/"},"modified":"2022-03-08T22:52:36","modified_gmt":"2022-03-08T21:52:36","slug":"nehirlerin-dili","status":"publish","type":"product","link":"https:\/\/mgvpublications.com\/de\/nehirlerin-dili\/","title":{"rendered":"Nehirlerin Dili"},"content":{"rendered":"<p>Yay\u0131n Tarihi: 29.08.2020<br \/>ISBN: 9789754731545<br \/>Dil: T\u00dcRK\u00c7E<br \/>Sayfa Say\u0131s\u0131: 168<br \/>Cilt Tipi: Karton Kapak<br \/>Ka\u011f\u0131t Cinsi: 1. Hm. Ka\u011f\u0131t<br \/>Boyut: 12.5 x 19.5 cm<\/p>","protected":false},"excerpt":{"rendered":"<p>Allah&#8217;\u0131n yaratm\u0131\u015f oldu\u011fu tabiat\u0131n her zerresinin, kendine \u00f6zg\u00fc bir dili vard\u0131r. Fakat nas\u0131l ki biz insanlar, kendimiz gibi olan milyarlarca insan\u0131n bile dilinden anlam\u0131yorsak, tabiattaki di\u011fer yarat\u0131klar\u0131n da b\u00fcy\u00fck bir k\u0131sm\u0131 yekdi\u011ferini anlayamamaktad\u0131r. Vah\u015fi bir y\u0131lan\u0131n, zavall\u0131 bir kipiye sald\u0131r\u0131\u015f\u0131na \u015fahit olmam\u0131\u015fsan\u0131z, dikenleri y\u00fcz\u00fcnden kirpiyi ele\u015ftirir durursunuz. Da\u011flardan \u015fifal\u0131 bitki \u00f6zlerini toplayarak biz insanlar i\u00e7in bal \u00fcreten zavall\u0131 ar\u0131lar\u0131n, &#8220;i\u011fnesini zehirlidir&#8221; diye yak\u0131n\u0131r durursunuz&#8230;..<\/p>","protected":false},"featured_media":18783,"template":"","meta":{"spay_email":""},"product_cat":[168],"product_tag":[],"item":[389],"acf":[],"_links":{"self":[{"href":"https:\/\/mgvpublications.com\/de\/wp-json\/wp\/v2\/product\/18784"}],"collection":[{"href":"https:\/\/mgvpublications.com\/de\/wp-json\/wp\/v2\/product"}],"about":[{"href":"https:\/\/mgvpublications.com\/de\/wp-json\/wp\/v2\/types\/product"}],"wp:featuredmedia":[{"embeddable":true,"href":"https:\/\/mgvpublications.com\/de\/wp-json\/wp\/v2\/media\/18783"}],"wp:attachment":[{"href":"https:\/\/mgvpublications.com\/de\/wp-json\/wp\/v2\/media?parent=18784"}],"wp:term":[{"taxonomy":"product_cat","embeddable":true,"href":"https:\/\/mgvpublications.com\/de\/wp-json\/wp\/v2\/product_cat?post=18784"},{"taxonomy":"product_tag","embeddable":true,"href":"https:\/\/mgvpublications.com\/de\/wp-json\/wp\/v2\/product_tag?post=18784"},{"taxonomy":"item","embeddable":true,"href":"https:\/\/mgvpublications.com\/de\/wp-json\/wp\/v2\/item?post=18784"}],"curies":[{"name":"wp","href":"https:\/\/api.w.org\/{rel}","templated":true}]}}