{"id":18782,"date":"2021-05-04T23:04:39","date_gmt":"2021-05-04T21:04:39","guid":{"rendered":"https:\/\/mgvpublications.com\/produkt\/nasil-somurulduk\/"},"modified":"2022-03-08T22:52:36","modified_gmt":"2022-03-08T21:52:36","slug":"nasil-somurulduk","status":"publish","type":"product","link":"https:\/\/mgvpublications.com\/de\/nasil-somurulduk\/","title":{"rendered":"Nas\u0131l S\u00f6m\u00fcr\u00fcld\u00fck"},"content":{"rendered":"<p>Yay\u0131n Tarihi: 01.04.2008<br \/>ISBN: 9789754730753<br \/>Dil: T\u00dcRK\u00c7E<br \/>Sayfa Say\u0131s\u0131: 272<br \/>Cilt Tipi: Karton Kapak<br \/>Ka\u011f\u0131t Cinsi: Kitap Ka\u011f\u0131d\u0131<br \/>Boyut: 13.5 x 21 cm<\/p>","protected":false},"excerpt":{"rendered":"<p>G\u00f6r\u00fcyoruz ki Amerika g\u00fcd\u00fcm\u00fcndeki bat\u0131, \u00e7\u0131karlar\u0131na alet etmek i\u00e7in 1945&#8217;de kurdu\u011fu Birle\u015fmi\u015f Milletler \u00f6rg\u00fct\u00fc vas\u0131tas\u0131yla makro planda \u00dc\u00e7\u00fcnc\u00fc D\u00fcnya, mikro planda da \u0130slam D\u00fcnyas\u0131 \u00fczerinde her t\u00fcrl\u00fc tasarrufta bulunuyor; bu \u00fclkeleri diledi\u011fi gibi s\u00f6m\u00fcr\u00fcp gidiyor. Hem de m\u00fcsl\u00fcmanlar\u0131 de kendi emellerine alet ederek..Kald\u0131 ki, be\u015f milyarl\u0131k d\u00fcnya n\u00fcfusu i\u00e7inde s\u00f6m\u00fcrenler bir milyar, s\u00f6m\u00fcr\u00fclenler ise d\u00f6rt milyar n\u00fcfusa sahipler.. Peki nas\u0131l oluyor de bir milyar, d\u00f6rt milyar\u0131n kan\u0131n\u0131 s\u00fcl\u00fck gibi emiyor?<\/p>","protected":false},"featured_media":18781,"template":"","meta":{"spay_email":""},"product_cat":[174],"product_tag":[],"item":[389],"acf":[],"_links":{"self":[{"href":"https:\/\/mgvpublications.com\/de\/wp-json\/wp\/v2\/product\/18782"}],"collection":[{"href":"https:\/\/mgvpublications.com\/de\/wp-json\/wp\/v2\/product"}],"about":[{"href":"https:\/\/mgvpublications.com\/de\/wp-json\/wp\/v2\/types\/product"}],"wp:featuredmedia":[{"embeddable":true,"href":"https:\/\/mgvpublications.com\/de\/wp-json\/wp\/v2\/media\/18781"}],"wp:attachment":[{"href":"https:\/\/mgvpublications.com\/de\/wp-json\/wp\/v2\/media?parent=18782"}],"wp:term":[{"taxonomy":"product_cat","embeddable":true,"href":"https:\/\/mgvpublications.com\/de\/wp-json\/wp\/v2\/product_cat?post=18782"},{"taxonomy":"product_tag","embeddable":true,"href":"https:\/\/mgvpublications.com\/de\/wp-json\/wp\/v2\/product_tag?post=18782"},{"taxonomy":"item","embeddable":true,"href":"https:\/\/mgvpublications.com\/de\/wp-json\/wp\/v2\/item?post=18782"}],"curies":[{"name":"wp","href":"https:\/\/api.w.org\/{rel}","templated":true}]}}