{"id":18780,"date":"2021-05-04T23:04:39","date_gmt":"2021-05-04T21:04:39","guid":{"rendered":"https:\/\/mgvpublications.com\/produkt\/avrupanin-kimlik-krizi\/"},"modified":"2022-03-08T22:52:36","modified_gmt":"2022-03-08T21:52:36","slug":"avrupanin-kimlik-krizi","status":"publish","type":"product","link":"https:\/\/mgvpublications.com\/de\/avrupanin-kimlik-krizi\/","title":{"rendered":"Avrupa\u2019n\u0131n Kimlik Krizi"},"content":{"rendered":"<p>Yay\u0131n Tarihi: 19.11.2020<br \/>ISBN: 9786059075671<br \/>Dil: T\u00dcRK\u00c7E<br \/>Sayfa Say\u0131s\u0131: 333<br \/>Cilt Tipi: Karton Kapak<br \/>Ka\u011f\u0131t Cinsi: Kitap Ka\u011f\u0131d\u0131<br \/>Boyut: 14.5 x 21 cm<\/p>","protected":false},"excerpt":{"rendered":"<p>Anadolu Ajans\u0131 analiz serisinin son yay\u0131n\u0131 olan Avrupa\u2019n\u0131n Kimlik Krizi, Kovid-19 salg\u0131n\u0131n\u0131n birlik ruhunu sarsan sonuc\u0327lar\u0131na, Avrupa\u2019n\u0131n yas\u0327ad\u0131g\u0306\u0131 kimlik krizi ile do\u0308nu\u0308s\u0327u\u0308mu\u0308ne \u0131s\u0327\u0131k tutan analiz ve o\u0308zel haberlerden olus\u0327maktad\u0131r. Alan\u0131nda uzman ki\u015filerin g\u00f6r\u00fc\u015f ve analizlerinden olu\u015fan kitap, \u201cAvrupa\u2019n\u0131n I\u0307slam\u2019a Bak\u0131s\u0327\u0131\u201d, \u201cAvrupa\u2019da Mu\u0308lteci Sorunu\u201d, \u201cSag\u0306a Kayan Avrupa\u201d, \u201cAvrupa\u2019da Ayr\u0131l\u0131kc\u0327\u0131 Hareketler\u201d, \u201cKoronaviru\u0308s ve AB\u2019nin Geleceg\u0306i\u201d konular\u0131n\u0131 ayr\u0131 b\u00f6l\u00fcmlerde ele alarak Anadolu Ajans\u0131n\u0131n foto\u011fraflar\u0131 ve tablolar\u0131 ile desteklenmi\u015ftir. Bu kitapta Avrupa\u2019n\u0131n son yu\u0308z y\u0131l\u0131nda yas\u0327ad\u0131klar\u0131n\u0131, gec\u0327irdig\u0306i do\u0308nu\u0308s\u0327u\u0308mu\u0308 ve AB u\u0308zerine gelecek perspektiflerini ele alarak Avrupa konusuyla ilgilenenlere \u00f6nemli bir kaynak te\u015fkil etmesi ama\u00e7lanm\u0131\u015ft\u0131r.<\/p>","protected":false},"featured_media":19617,"template":"","meta":{"spay_email":""},"product_cat":[1537],"product_tag":[],"item":[1725],"acf":[],"_links":{"self":[{"href":"https:\/\/mgvpublications.com\/de\/wp-json\/wp\/v2\/product\/18780"}],"collection":[{"href":"https:\/\/mgvpublications.com\/de\/wp-json\/wp\/v2\/product"}],"about":[{"href":"https:\/\/mgvpublications.com\/de\/wp-json\/wp\/v2\/types\/product"}],"wp:featuredmedia":[{"embeddable":true,"href":"https:\/\/mgvpublications.com\/de\/wp-json\/wp\/v2\/media\/19617"}],"wp:attachment":[{"href":"https:\/\/mgvpublications.com\/de\/wp-json\/wp\/v2\/media?parent=18780"}],"wp:term":[{"taxonomy":"product_cat","embeddable":true,"href":"https:\/\/mgvpublications.com\/de\/wp-json\/wp\/v2\/product_cat?post=18780"},{"taxonomy":"product_tag","embeddable":true,"href":"https:\/\/mgvpublications.com\/de\/wp-json\/wp\/v2\/product_tag?post=18780"},{"taxonomy":"item","embeddable":true,"href":"https:\/\/mgvpublications.com\/de\/wp-json\/wp\/v2\/item?post=18780"}],"curies":[{"name":"wp","href":"https:\/\/api.w.org\/{rel}","templated":true}]}}