{"id":18774,"date":"2021-05-04T23:04:35","date_gmt":"2021-05-04T21:04:35","guid":{"rendered":"https:\/\/mgvpublications.com\/produkt\/ruya-postacisi\/"},"modified":"2022-06-24T17:27:16","modified_gmt":"2022-06-24T15:27:16","slug":"ruya-postacisi","status":"publish","type":"product","link":"https:\/\/mgvpublications.com\/de\/ruya-postacisi\/","title":{"rendered":"R\u00fcya Postac\u0131s\u0131"},"content":{"rendered":"<p>Yay\u0131n Tarihi: 04.03.2019<br \/>ISBN: 9786050823479<br \/>Dil: T\u00dcRK\u00c7E<br \/>Sayfa Say\u0131s\u0131: 160<br \/>Cilt Tipi: Ciltli<br \/>Ka\u011f\u0131t Cinsi: Kitap Ka\u011f\u0131d\u0131<br \/>Boyut: 13.5 x 21 cm<br \/>Di\u011fer \u00d6zellik: 9  Ya\u015f<\/p>","protected":false},"excerpt":{"rendered":"<p>Mi\u00e7i, R\u00fcyalar \u00dclkesi&#8217;nde ya\u015fayan bir r\u00fcya postac\u0131s\u0131&#8230; En b\u00fcy\u00fck hayali de zorlu s\u0131navlar\u0131 ge\u00e7ip r\u00fcya senaristi olabilmek. Ancak y\u00fczy\u0131llard\u0131r bunu deniyor ve ba\u015faram\u0131yor. Tam \u00fcmidini kaybetmi\u015fken Ali ile tan\u0131\u015f\u0131yor ve hayat\u0131 de\u011fi\u015fiyor! Mi\u00e7i kendi hayallerini ger\u00e7ekle\u015ftirirken ayn\u0131 zamanda Ali&#8217;nin de hayat\u0131na dokunacak, onun ya\u015fad\u0131\u011f\u0131 ac\u0131y\u0131 atlatmas\u0131na yard\u0131mc\u0131 olacakt\u0131r. Tabii ya\u015fad\u0131klar\u0131 maceralar da cabas\u0131! Hayaller i\u00e7in \u00e7abalamay\u0131, dostlu\u011fun g\u00fcc\u00fcn\u00fc \u00f6nemseyen s\u0131ms\u0131cac\u0131k, heyecanl\u0131 ve e\u011flenceli bir \u00f6yk\u00fc.<\/p>","protected":false},"featured_media":20743,"template":"","meta":{"spay_email":""},"product_cat":[172],"product_tag":[],"item":[360],"acf":[],"_links":{"self":[{"href":"https:\/\/mgvpublications.com\/de\/wp-json\/wp\/v2\/product\/18774"}],"collection":[{"href":"https:\/\/mgvpublications.com\/de\/wp-json\/wp\/v2\/product"}],"about":[{"href":"https:\/\/mgvpublications.com\/de\/wp-json\/wp\/v2\/types\/product"}],"wp:featuredmedia":[{"embeddable":true,"href":"https:\/\/mgvpublications.com\/de\/wp-json\/wp\/v2\/media\/20743"}],"wp:attachment":[{"href":"https:\/\/mgvpublications.com\/de\/wp-json\/wp\/v2\/media?parent=18774"}],"wp:term":[{"taxonomy":"product_cat","embeddable":true,"href":"https:\/\/mgvpublications.com\/de\/wp-json\/wp\/v2\/product_cat?post=18774"},{"taxonomy":"product_tag","embeddable":true,"href":"https:\/\/mgvpublications.com\/de\/wp-json\/wp\/v2\/product_tag?post=18774"},{"taxonomy":"item","embeddable":true,"href":"https:\/\/mgvpublications.com\/de\/wp-json\/wp\/v2\/item?post=18774"}],"curies":[{"name":"wp","href":"https:\/\/api.w.org\/{rel}","templated":true}]}}